{"id":19140,"date":"2025-02-24T15:47:10","date_gmt":"2025-02-24T14:47:10","guid":{"rendered":"https:\/\/mercodor.de\/?page_id=19140"},"modified":"2025-02-24T16:42:00","modified_gmt":"2025-02-24T15:42:00","slug":"maschinenuebersicht","status":"publish","type":"page","link":"https:\/\/mercodor.de\/es\/maschinenuebersicht\/","title":{"rendered":"Maschinen\u00fcbersicht"},"content":{"rendered":"<div class=\"wpb-content-wrapper\"><div data-grid-overlay=\"black\" class=\"vc_row wpb_row vc_row-fluid vc_custom_1548925835685 vc-row-767292 grid-overlay-active\" >\n\t<div class=\"container et-clearfix\">\n\t\t<div class=\"wpb_column vc_column_container vc_col-sm-3 text-align-none\" >\n\t<div class=\"vc_column-inner\" >\n\t\t<div class=\"wpb_wrapper\">\n\t\t\t\t\t<\/div>\n\t\t\t<\/div>\n<\/div><div class=\"wpb_animate_when_almost_visible wpb_bottom-to-top bottom-to-top wpb_column vc_column_container vc_col-sm-6 text-align-none vc-column-813566\" data-animation-delay=\"0\" >\n\t<div class=\"vc_column-inner\" >\n\t\t<div class=\"wpb_wrapper\">\n\t\t\t<div id=\"et-image-854330\" class=\"et-image aligncenter curtain-left\" data-curtain=\"false\" data-animation-delay=\"0\" data-parallax=\"false\" data-move=\"false\" data-coordinatex=\"0\" data-coordinatey=\"0\" data-speed=\"10\"><img decoding=\"async\" width=\"t\" height=\"t\" src=\"https:\/\/mercodor.de\/wp-content\/uploads\/2019\/02\/Mercodor-Zerkleinerungsmaschinen-Logo_311cc10e3f5cd6c543c15d8219e235e2.png\" alt=\"Mercodor Logo - Mercodor Zerkleinerungsmaschinen und Zerkleinerungsanlagen - Entsorgung von Abf\u00e4llen\"><\/div><span class=\"et-gap et-clearfix et-gap-713538\"><\/span><p class=\"et-heading text-align-center tablet-text-align-inherit mobile-text-align-inherit animate-true words-direct\" id=\"et-heading-865355\" data-delay=\"100\" data-mobile-font=\"22px\" data-mobile-line-height=\"inherit\" data-tablet-landscape-font=\"inherit\" data-tablet-portrait-font=\"inherit\" data-tablet-landscape-line-height=\"inherit\" data-tablet-portrait-line-height=\"inherit\" data-parallax=\"false\" data-move=\"false\" data-coordinatex=\"0\" data-coordinatey=\"0\" data-speed=\"10\"><span class=\"text-wrapper\"><span class=\"text\">Mercodor steht <span class=\"highlight\" style=\"color: #00599d;\"> seit 1973 <\/span>fu\u0308r Qualit\u00e4t und Zuverl\u00e4ssigkeit &#8230; <\/span><\/span><\/p><span class=\"et-gap et-clearfix et-gap-215346\"><\/span>\t\t<\/div>\n\t\t\t<\/div>\n<\/div><div class=\"wpb_column vc_column_container vc_col-sm-3 text-align-none\" >\n\t<div class=\"vc_column-inner\" >\n\t\t<div class=\"wpb_wrapper\">\n\t\t\t\t\t<\/div>\n\t\t\t<\/div>\n<\/div>\t<\/div>\n\t<div class=\"grid-overlay\"><\/div>\t<\/div><div data-grid-overlay=\"black\" class=\"vc_row wpb_row vc_row-fluid vc_custom_1548927243306 vc_column-gap-24 vc-row-233081 grid-overlay-active\" >\n\t<div class=\"container et-clearfix\">\n\t\t<div class=\"wpb_column vc_column_container vc_col-sm-12 text-align-none\" >\n\t<div class=\"vc_column-inner\" >\n\t\t<div class=\"wpb_wrapper\">\n\t\t\t<div id=\"et-step-box-container-273306\" class=\"column-1 et-step-box-container\"><div id=\"et-step-box-537364\" class=\"et-step-box et-item\"><div class=\"et-step-box-inner et-item-inner et-clearfix\"><div class=\"et-step-content et-clearfix\"><div class=\"step-dot\"><span class=\"before\"><\/span><\/div><h3 class=\"et-step-box-title\">GILDEMEISTER NEF 600 V3 CNC Drehmaschine<\/h3><p class=\"et-step-box-content\">\n<div style=\"width: 30%; float: left;\"><img loading=\"lazy\" decoding=\"async\" class=\"alignnone size-medium wp-image-19138\" src=\"https:\/\/mercodor.de\/wp-content\/uploads\/2025\/02\/nef600-300x237.jpg\" alt=\"\" width=\"300\" height=\"237\" \/><\/div>\n<div style=\"width: 70%; float: left; padding-left: 25px;\">\n<div style=\"float: left; width: 40%; padding: 5px;\">Max. Drehl\u00e4nge (max.):<br \/>\nMax. Drehdurchmesser\/-schieber:<br \/>\nSpindelbohrung:<br \/>\nHauptspindeldrehzahl Bereich:<br \/>\nX-Achsenhub:<\/div>\n<div style=\"float: left; width: 60%; padding: 5px;\">\n<p>1190 mm<br \/>\n600 mm<br \/>\nf90 mm<br \/>\n0 \u2013 3000 rpm<br \/>\n398 mm<\/p>\n<\/div>\n<\/div><\/div><\/div><\/div><div id=\"et-step-box-396519\" class=\"et-step-box et-item\"><div class=\"et-step-box-inner et-item-inner et-clearfix\"><div class=\"et-step-content et-clearfix\"><div class=\"step-dot\"><span class=\"before\"><\/span><\/div><h3 class=\"et-step-box-title\">Saeil Contur MMV \u2013 1500 A Bearbeitungszentrum<\/h3><p class=\"et-step-box-content\">\n<div style=\"width: 30%; float: left;\"><img loading=\"lazy\" decoding=\"async\" class=\"alignnone size-medium wp-image-19138\" src=\"https:\/\/mercodor.de\/wp-content\/uploads\/2019\/02\/Saeil-Contur-MMV-\u2013-1500.jpg\" alt=\"\" width=\"300\" height=\"237\" \/><\/div>\n<div style=\"width: 70%; float: left; padding-left: 25px;\">\n<div style=\"float: left; width: 40%; padding: 5px;\">X-Verfahrwege:<br \/>\nY-Verfahrwege:<br \/>\nZ-Verfahrwege:<br \/>\nMax. Spindeldrehzahl:<br \/>\nTischl\u00e4nge:<br \/>\nTischbreite:<br \/>\nGr\u00f6\u00dfere Abmessungen auf Anfrage.<\/div>\n<div style=\"float: left; width: 60%; padding: 5px;\">\n<p>1520 mm<br \/>\n700 mm<br \/>\n700 mm<br \/>\n8000 rpm<br \/>\n1600 mm<br \/>\n700 mm<\/p>\n<\/div>\n<\/div><\/div><\/div><\/div><div id=\"et-step-box-512034\" class=\"et-step-box et-item\"><div class=\"et-step-box-inner et-item-inner et-clearfix\"><div class=\"et-step-content et-clearfix\"><div class=\"step-dot\"><span class=\"before\"><\/span><\/div><h3 class=\"et-step-box-title\">DMG DMC 635 V ecoline Bearbeitungszentrum Vertikal<\/h3><p class=\"et-step-box-content\">\n<div style=\"width: 30%; float: left;\"><img loading=\"lazy\" decoding=\"async\" class=\"alignnone size-medium wp-image-19138\" src=\"https:\/\/mercodor.de\/wp-content\/uploads\/2019\/02\/DMG-DMC-635-V.jpg\" alt=\"\" width=\"300\" height=\"237\" \/><\/div>\n<div style=\"width: 70%; float: left; padding-left: 25px;\">\n<div style=\"float: left; width: 40%; padding: 5px;\">X-Verfahrwege:<br \/>\nY-Verfahrwege:<br \/>\nZ-Verfahrwege:<br \/>\nMax. Spindeldrehzahl:<br \/>\nTischl\u00e4nge:<br \/>\nTischbreite:<br \/>\nGr\u00f6\u00dfere Abmessungen auf Anfrage.<\/div>\n<div style=\"float: left; width: 60%; padding: 5px;\">\n<p>635 mm<br \/>\n510 mm<br \/>\n460 mm<br \/>\n8000 rpm<br \/>\n790 mm<br \/>\n560 mm<\/p>\n<\/div>\n<\/div><\/div><\/div><\/div><div id=\"et-step-box-980224\" class=\"et-step-box et-item\"><div class=\"et-step-box-inner et-item-inner et-clearfix\"><div class=\"et-step-content et-clearfix\"><div class=\"step-dot\"><span class=\"before\"><\/span><\/div><h3 class=\"et-step-box-title\">G\u00f6ckel GB65PL Flachschleifmachine - Vertikal<\/h3><p class=\"et-step-box-content\">\n<div style=\"width: 30%; float: left;\"><img loading=\"lazy\" decoding=\"async\" class=\"alignnone size-medium wp-image-19138\" src=\"https:\/\/mercodor.de\/wp-content\/uploads\/2019\/02\/Goeckel-GB65PL.jpg\" alt=\"\" width=\"300\" height=\"237\" \/><\/div>\n<div style=\"width: 70%; float: left; padding-left: 25px;\">\n<div style=\"float: left; width: 40%; padding: 5px;\">Max. Schleifbreite:<br \/>\nMax. Schleifl\u00e4nge:<br \/>\nMax. Schleifhohe:<br \/>\nDrehzahlbereich-Schleifspindel:<br \/>\nGr\u00f6\u00dfere Abmessungen auf Anfrage.<\/div>\n<div style=\"float: left; width: 60%; padding: 5px;\">\n<p>370 mm<br \/>\n3000 mm<br \/>\n150 mm<br \/>\nMax. 960 rpm<\/p>\n<\/div>\n<\/div><\/div><\/div><\/div><div id=\"et-step-box-430642\" class=\"et-step-box et-item\"><div class=\"et-step-box-inner et-item-inner et-clearfix\"><div class=\"et-step-content et-clearfix\"><div class=\"step-dot\"><span class=\"before\"><\/span><\/div><h3 class=\"et-step-box-title\">KASTOwin A 3.3 Bands\u00e4gevollautomat<\/h3><p class=\"et-step-box-content\">\n<div style=\"width: 30%; float: left;\"><img loading=\"lazy\" decoding=\"async\" class=\"alignnone size-medium wp-image-19138\" src=\"https:\/\/mercodor.de\/wp-content\/uploads\/2019\/02\/KASTOwin-A-3.3.jpg\" alt=\"\" width=\"300\" height=\"237\" \/><\/div>\n<div style=\"width: 70%; float: left; padding-left: 25px;\">\n<div style=\"float: left; width: 55%; padding: 5px;\">Schnittbereich:<br \/>\nKleinste zu s\u00e4gende Abmessung:<br \/>\nKu\u0308rzeste Reststu\u0308ckl\u00e4nge im Automatikbetrieb:<br \/>\nKu\u0308rzeste Abschnittl\u00e4nge:<br \/>\nSchnittbereich Flach H x B:<br \/>\nGr\u00f6\u00dfere Abmessungen auf Anfrage.<\/div>\n<div style=\"float: left; width: 45%; padding: 5px;\">\n<p>330 mm<br \/>\nca. 10 mm<br \/>\n60 mm<br \/>\n10 mm<br \/>\n330 x 350 mm<\/p>\n<\/div>\n<\/div><\/div><\/div><\/div><\/div>\t\t<\/div>\n\t\t\t<\/div>\n<\/div>\t<\/div>\n\t<div class=\"grid-overlay\"><\/div>\t<\/div><div id=\"one-page-banners\" data-grid-overlay=\"black\" class=\"vc_row wpb_row vc_row-fluid vc_custom_1548933579329 vc_row-has-fill vc-row-853826 grid-overlay-active\" >\n\t<div class=\"container et-clearfix\">\n\t\t<div class=\"wpb_animate_when_almost_visible wpb_right-to-left right-to-left wpb_column vc_column_container vc_col-sm-12 text-align-none vc-column-935531\" data-animation-delay=\"0\" >\n\t<div class=\"vc_column-inner\" >\n\t\t<div class=\"wpb_wrapper\">\n\t\t\t<p class=\"et-highlight-heading text-align-left tablet-text-align-inherit mobile-text-align-inherit\" id=\"et-highlight-heading-566899\" data-mobile-font=\"inherit\" data-mobile-line-height=\"inherit\" data-tablet-landscape-font=\"inherit\" data-tablet-portrait-font=\"inherit\" data-tablet-landscape-line-height=\"inherit\" data-tablet-portrait-line-height=\"inherit\" data-parallax=\"false\" data-move=\"false\" data-coordinatex=\"0\" data-coordinatey=\"0\" data-speed=\"10\"><span class=\"text-wrapper\"><span class=\"text\">M\u00e1s informaci\u00f3n<\/span><\/span><\/p><h3 class=\"et-heading text-align-left tablet-text-align-inherit mobile-text-align-inherit animate-false no-animation-type\" id=\"et-heading-946998\" data-delay=\"0\" data-mobile-font=\"38px\" data-mobile-line-height=\"50px\" data-tablet-landscape-font=\"inherit\" data-tablet-portrait-font=\"inherit\" data-tablet-landscape-line-height=\"inherit\" data-tablet-portrait-line-height=\"inherit\" data-parallax=\"false\" data-move=\"false\" data-coordinatex=\"0\" data-coordinatey=\"0\" data-speed=\"10\"><span class=\"text-wrapper\"><span class=\"text\">\u00bfQuiere saber m\u00e1s?<\/span><\/span><\/h3>\t\t<\/div>\n\t\t\t<\/div>\n<\/div>\t<\/div>\n\t<div class=\"grid-overlay\"><\/div>\t<\/div><div data-grid-overlay=\"black\" class=\"vc_row wpb_row vc_row-fluid vc_custom_1696241920709 vc_row-has-fill vc_column-gap-40 vc-row-889338 grid-overlay-active\" >\n\t<div class=\"container et-clearfix\">\n\t\t<div class=\"wpb_animate_when_almost_visible wpb_bottom-to-top bottom-to-top wpb_column vc_column_container vc_col-sm-12 vc_col-lg-8 vc_col-md-12 vc_col-xs-12 shadow text-align-none vc_col-has-fill vc-column-599299\" data-animation-delay=\"0\" >\n\t<div class=\"vc_column-inner vc_custom_1704556131925\" data-480-left=\"10\"  data-480-right=\"10\" >\n\t\t<div class=\"wpb_wrapper\">\n\t\t\t<h2 class=\"et-heading text-align-left tablet-text-align-inherit mobile-text-align-inherit animate-false no-animation-type\" id=\"et-heading-238855\" data-delay=\"0\" data-mobile-font=\"24px\" data-mobile-line-height=\"inherit\" data-tablet-landscape-font=\"inherit\" data-tablet-portrait-font=\"inherit\" data-tablet-landscape-line-height=\"inherit\" data-tablet-portrait-line-height=\"inherit\" data-parallax=\"false\" data-move=\"false\" data-coordinatex=\"0\" data-coordinatey=\"0\" data-speed=\"10\"><span class=\"text-wrapper\"><span class=\"text\">Nuestra<span class=\"et-gap et-clearfix et-gap-1\"><\/span> Trituraci\u00f3n <span class=\"et-gap et-clearfix et-gap-1\"><\/span> <span class=\"highlight\" style=\"color: #00599d;\">m\u00e1quinas<\/span><\/span><\/span><\/h2><span class=\"et-gap et-clearfix et-gap-788339\"><\/span><a id=\"et-button-834945\" class=\"et-button icon-position-right modal-false large hover-fill click-none has-icon\" target=\"_self\" href=\"http:\/\/mercodor-2023\/unsere-produkte\/\" data-animation-delay=\"0\" data-parallax=\"false\" data-move=\"false\" data-coordinatex=\"0\" data-coordinatey=\"0\" data-speed=\"10\"><span class=\"hover\"><\/span><span class=\"regular\"><\/span><span class=\"text\">M\u00e1s informaci\u00f3n<\/span><span class=\"icon ien ien-earrow-3\"><\/span><\/a>\t\t<\/div>\n\t\t\t<\/div>\n<\/div><div class=\"wpb_animate_when_almost_visible wpb_right-to-left right-to-left wpb_column vc_column_container vc_col-sm-12 vc_col-lg-4 vc_col-md-12 vc_col-xs-12 shadow text-align-none vc_col-has-fill vc-column-399759\" data-animation-delay=\"150\" >\n\t<div class=\"vc_column-inner vc_custom_1704556090086\" data-480-left=\"10\"  data-480-right=\"10\" >\n\t\t<div class=\"wpb_wrapper\">\n\t\t\t<h2 class=\"et-heading text-align-left tablet-text-align-inherit mobile-text-align-inherit animate-false no-animation-type\" id=\"et-heading-422046\" data-delay=\"0\" data-mobile-font=\"24px\" data-mobile-line-height=\"inherit\" data-tablet-landscape-font=\"inherit\" data-tablet-portrait-font=\"inherit\" data-tablet-landscape-line-height=\"inherit\" data-tablet-portrait-line-height=\"inherit\" data-parallax=\"false\" data-move=\"false\" data-coordinatex=\"0\" data-coordinatey=\"0\" data-speed=\"10\"><span class=\"text-wrapper\"><span class=\"text\">Su directo <span class=\"et-gap et-clearfix et-gap-1\"><\/span> P\u00f3ngase en contacto con nosotros <span class=\"et-gap et-clearfix et-gap-1\"><\/span> <span class=\"highlight\" style=\"color: #00599d;\">a nosotros<\/span><\/span><\/span><\/h2><span class=\"et-gap et-clearfix et-gap-239906\"><\/span><a id=\"et-button-441906\" class=\"et-button icon-position-right modal-false large hover-fill click-none has-icon\" target=\"_self\" href=\"\/es\/mercodor-2023\/kontakt\/\" data-animation-delay=\"0\" data-parallax=\"false\" data-move=\"false\" data-coordinatex=\"0\" data-coordinatey=\"0\" data-speed=\"10\"><span class=\"hover\"><\/span><span class=\"regular\"><\/span><span class=\"text\">M\u00e1s informaci\u00f3n<\/span><span class=\"icon ien ien-earrow-3\"><\/span><\/a>\t\t<\/div>\n\t\t\t<\/div>\n<\/div><div class=\"wpb_animate_when_almost_visible wpb_right-to-left right-to-left wpb_column vc_column_container vc_col-sm-12 vc_col-lg-4 vc_col-md-12 vc_col-xs-12 shadow text-align-none vc_col-has-fill vc-column-156058\" data-animation-delay=\"50\" >\n\t<div class=\"vc_column-inner vc_custom_1704556064871\" data-480-left=\"10\"  data-480-right=\"10\" >\n\t\t<div class=\"wpb_wrapper\">\n\t\t\t<h2 class=\"et-heading text-align-left tablet-text-align-inherit mobile-text-align-inherit animate-false no-animation-type\" id=\"et-heading-871943\" data-delay=\"0\" data-mobile-font=\"24px\" data-mobile-line-height=\"inherit\" data-tablet-landscape-font=\"inherit\" data-tablet-portrait-font=\"inherit\" data-tablet-landscape-line-height=\"inherit\" data-tablet-portrait-line-height=\"inherit\" data-parallax=\"false\" data-move=\"false\" data-coordinatex=\"0\" data-coordinatey=\"0\" data-speed=\"10\"><span class=\"text-wrapper\"><span class=\"text\">Nuestra <span class=\"et-gap et-clearfix et-gap-1\"><\/span> Servicio <span class=\"et-gap et-clearfix et-gap-1\"><\/span> de un vistazo<\/span><\/span><\/h2><span class=\"et-gap et-clearfix et-gap-146310\"><\/span><a id=\"et-button-804645\" class=\"et-button icon-position-right modal-false large hover-fill click-none has-icon\" target=\"_self\" href=\"\/es\/mercodor-2023\/service\/\" data-animation-delay=\"0\" data-parallax=\"false\" data-move=\"false\" data-coordinatex=\"0\" data-coordinatey=\"0\" data-speed=\"10\"><span class=\"hover\"><\/span><span class=\"regular\"><\/span><span class=\"text\">M\u00e1s informaci\u00f3n<\/span><span class=\"icon ien ien-earrow-3\"><\/span><\/a>\t\t<\/div>\n\t\t\t<\/div>\n<\/div><div class=\"wpb_animate_when_almost_visible wpb_bottom-to-top bottom-to-top wpb_column vc_column_container vc_col-sm-12 vc_col-lg-4 vc_col-md-12 vc_col-xs-12 shadow text-align-none vc_col-has-fill vc-column-470235\" data-animation-delay=\"150\" >\n\t<div class=\"vc_column-inner vc_custom_1704556059669\" data-480-left=\"10\"  data-480-right=\"10\" >\n\t\t<div class=\"wpb_wrapper\">\n\t\t\t<h2 class=\"et-heading text-align-left tablet-text-align-inherit mobile-text-align-inherit animate-false no-animation-type\" id=\"et-heading-184851\" data-delay=\"0\" data-mobile-font=\"24px\" data-mobile-line-height=\"inherit\" data-tablet-landscape-font=\"inherit\" data-tablet-portrait-font=\"inherit\" data-tablet-landscape-line-height=\"inherit\" data-tablet-portrait-line-height=\"inherit\" data-parallax=\"false\" data-move=\"false\" data-coordinatex=\"0\" data-coordinatey=\"0\" data-speed=\"10\"><span class=\"text-wrapper\"><span class=\"text\">Nuestra <span class=\"et-gap et-clearfix et-gap-1\"><\/span> M\u00e1quinas <span class=\"et-gap et-clearfix et-gap-1\"><\/span> <span class=\"highlight\" style=\"color: #00599d;\">en uso<\/span><\/span><\/span><\/h2><span class=\"et-gap et-clearfix et-gap-171308\"><\/span><a id=\"et-button-558313\" class=\"et-button icon-position-right modal-false large hover-fill click-none has-icon\" target=\"_self\" href=\"\/es\/mercodor-2023\/produktvideos\/\" data-animation-delay=\"0\" data-parallax=\"false\" data-move=\"false\" data-coordinatex=\"0\" data-coordinatey=\"0\" data-speed=\"10\"><span class=\"hover\"><\/span><span class=\"regular\"><\/span><span class=\"text\">M\u00e1s informaci\u00f3n<\/span><span class=\"icon ien ien-earrow-3\"><\/span><\/a>\t\t<\/div>\n\t\t\t<\/div>\n<\/div><div class=\"wpb_animate_when_almost_visible wpb_left-to-right left-to-right wpb_column vc_column_container vc_col-sm-12 vc_col-lg-4 vc_col-md-12 vc_col-xs-12 shadow text-align-none vc_col-has-fill vc-column-922658\" data-animation-delay=\"0\" >\n\t<div class=\"vc_column-inner vc_custom_1704556085349\" data-480-left=\"10\"  data-480-right=\"10\" >\n\t\t<div class=\"wpb_wrapper\">\n\t\t\t<h2 class=\"et-heading text-align-left tablet-text-align-inherit mobile-text-align-inherit animate-false no-animation-type\" id=\"et-heading-902267\" data-delay=\"0\" data-mobile-font=\"24px\" data-mobile-line-height=\"inherit\" data-tablet-landscape-font=\"inherit\" data-tablet-portrait-font=\"inherit\" data-tablet-landscape-line-height=\"inherit\" data-tablet-portrait-line-height=\"inherit\" data-parallax=\"false\" data-move=\"false\" data-coordinatex=\"0\" data-coordinatey=\"0\" data-speed=\"10\"><span class=\"text-wrapper\"><span class=\"text\">Nuestra <span class=\"et-gap et-clearfix et-gap-1\"><\/span> Tecnolog\u00eda <span class=\"et-gap et-clearfix et-gap-1\"><\/span> de un vistazo<\/span><\/span><\/h2><span class=\"et-gap et-clearfix et-gap-701575\"><\/span><a id=\"et-button-389477\" class=\"et-button icon-position-right modal-false large hover-fill click-none has-icon\" target=\"_self\" href=\"\/es\/mercodor-2023\/technik\/\" data-animation-delay=\"0\" data-parallax=\"false\" data-move=\"false\" data-coordinatex=\"0\" data-coordinatey=\"0\" data-speed=\"10\"><span class=\"hover\"><\/span><span class=\"regular\"><\/span><span class=\"text\">M\u00e1s informaci\u00f3n<\/span><span class=\"icon ien ien-earrow-3\"><\/span><\/a>\t\t<\/div>\n\t\t\t<\/div>\n<\/div>\t<\/div>\n\t<div class=\"grid-overlay\"><\/div>\t<\/div>\n<\/div>","protected":false},"excerpt":{"rendered":"Mercodor steht seit 1973 fu\u0308r Qualit\u00e4t und Zuverl\u00e4ssigkeit ... GILDEMEISTER NEF 600 V3 CNC Drehmaschine Max. Drehl\u00e4nge (max.): Max. Drehdurchmesser\/-schieber: Spindelbohrung: Hauptspindeldrehzahl Bereich: X-Achsenhub: 1190 mm 600 mm f90 mm 0 \u2013 3000 rpm 398 mm Saeil Contur MMV \u2013 1500 A Bearbeitungszentrum X-Verfahrwege: Y-Verfahrwege: Z-Verfahrwege: Max. Spindeldrehzahl: Tischl\u00e4nge: Tischbreite: Gr\u00f6\u00dfere Abmessungen auf Anfrage. 1520 [...]","protected":false},"author":1,"featured_media":0,"parent":0,"menu_order":0,"comment_status":"closed","ping_status":"closed","template":"page-vc.php","meta":{"footnotes":""},"categories":[],"tags":[],"class_list":["post-19140","page","type-page","status-publish","hentry"],"_links":{"self":[{"href":"https:\/\/mercodor.de\/es\/wp-json\/wp\/v2\/pages\/19140","targetHints":{"allow":["GET"]}}],"collection":[{"href":"https:\/\/mercodor.de\/es\/wp-json\/wp\/v2\/pages"}],"about":[{"href":"https:\/\/mercodor.de\/es\/wp-json\/wp\/v2\/types\/page"}],"author":[{"embeddable":true,"href":"https:\/\/mercodor.de\/es\/wp-json\/wp\/v2\/users\/1"}],"replies":[{"embeddable":true,"href":"https:\/\/mercodor.de\/es\/wp-json\/wp\/v2\/comments?post=19140"}],"version-history":[{"count":36,"href":"https:\/\/mercodor.de\/es\/wp-json\/wp\/v2\/pages\/19140\/revisions"}],"predecessor-version":[{"id":19181,"href":"https:\/\/mercodor.de\/es\/wp-json\/wp\/v2\/pages\/19140\/revisions\/19181"}],"wp:attachment":[{"href":"https:\/\/mercodor.de\/es\/wp-json\/wp\/v2\/media?parent=19140"}],"wp:term":[{"taxonomy":"category","embeddable":true,"href":"https:\/\/mercodor.de\/es\/wp-json\/wp\/v2\/categories?post=19140"},{"taxonomy":"post_tag","embeddable":true,"href":"https:\/\/mercodor.de\/es\/wp-json\/wp\/v2\/tags?post=19140"}],"curies":[{"name":"wp","href":"https:\/\/api.w.org\/{rel}","templated":true}]}}