{"id":19120,"date":"2025-02-24T14:36:42","date_gmt":"2025-02-24T13:36:42","guid":{"rendered":"https:\/\/mercodor.de\/?page_id=19120"},"modified":"2025-02-24T14:36:42","modified_gmt":"2025-02-24T13:36:42","slug":"professionelle-zeichnungserstellung-fuer-ihre-bauteile","status":"publish","type":"page","link":"https:\/\/mercodor.de\/es\/professionelle-zeichnungserstellung-fuer-ihre-bauteile\/","title":{"rendered":"Professionelle Zeichnungserstellung f\u00fcr Ihre Bauteile"},"content":{"rendered":"<div class=\"wpb-content-wrapper\"><div class=\"vc_row wpb_row vc_row-fluid vc_custom_1548940421216 vc_column-gap-64 vc-row-544602\" >\n\t<div class=\"container et-clearfix\">\n\t\t<div class=\"wpb_column vc_column_container vc_col-sm-12 vc_col-lg-4 vc_col-md-5 vc_col-xs-12 text-align-none vc-column-195820\" >\n\t<div class=\"vc_column-inner \" >\n\t\t<div class=\"wpb_wrapper\">\n\t\t\t<div class=\"vc_row wpb_row vc_inner vc_row-fluid vc_column-gap-0 vc-row-795222\"><div class=\"wpb_column vc_column_container vc_col-sm-12 vc_col-lg-12 vc_col-md-12 vc_col-xs-12 vc_col-has-fill\"><div class=\"vc_column-inner vc_custom_1704632138092\"><div class=\"wpb_wrapper\"><h2 class=\"et-heading text-align-left tablet-text-align-inherit mobile-text-align-inherit animate-false no-animation-type\" id=\"et-heading-686369\" data-delay=\"0\" data-mobile-font=\"24px\" data-mobile-line-height=\"inherit\" data-tablet-landscape-font=\"inherit\" data-tablet-portrait-font=\"inherit\" data-tablet-landscape-line-height=\"inherit\" data-tablet-portrait-line-height=\"inherit\" data-parallax=\"false\" data-move=\"false\" data-coordinatex=\"0\" data-coordinatey=\"0\" data-speed=\"10\"><span class=\"text-wrapper\"><span class=\"text\">Individuelle und nachhaltige <span style=\"color: #00599d;\">Entsorgung<\/span><\/span><\/span><\/h2><span class=\"et-gap et-clearfix et-gap-788339\"><\/span><a id=\"et-button-291448\" class=\"et-button icon-position-right modal-false large hover-fill click-none has-icon\" target=\"_self\" href=\"\/mercodor-2023\/kontakt\" data-animation-delay=\"0\" data-parallax=\"false\" data-move=\"false\" data-coordinatex=\"0\" data-coordinatey=\"0\" data-speed=\"10\"><span class=\"hover\"><\/span><span class=\"regular\"><\/span><span class=\"text\">Mehr erfahren<\/span><span class=\"icon ien ien-earrow-3\"><\/span><\/a><\/div><\/div><\/div><\/div><div class=\"vc_row wpb_row vc_inner vc_row-fluid vc_column-gap-0 vc-row-795222\"><div class=\"wpb_column vc_column_container vc_col-sm-12 vc_col-lg-12 vc_col-md-12 vc_col-xs-12 vc_col-has-fill\"><div class=\"vc_column-inner vc_custom_1694879081371\"><div class=\"wpb_wrapper\"><h6 class=\"et-heading text-align-left tablet-text-align-inherit mobile-text-align-inherit animate-false no-animation-type\" id=\"et-heading-204862\" data-delay=\"0\" data-mobile-font=\"inherit\" data-mobile-line-height=\"inherit\" data-tablet-landscape-font=\"inherit\" data-tablet-portrait-font=\"inherit\" data-tablet-landscape-line-height=\"inherit\" data-tablet-portrait-line-height=\"inherit\" data-parallax=\"false\" data-move=\"false\" data-coordinatex=\"0\" data-coordinatey=\"0\" data-speed=\"10\"><span class=\"text-wrapper\"><span class=\"text\">MERCODOR GmbH<br \/>\nSondermaschinenbau KG<\/span><\/span><\/h6><span class=\"et-gap et-clearfix et-gap-756832\"><\/span><p class=\"et-heading text-align-left tablet-text-align-inherit mobile-text-align-inherit animate-false no-animation-type\" id=\"et-heading-676288\" data-delay=\"0\" data-mobile-font=\"inherit\" data-mobile-line-height=\"inherit\" data-tablet-landscape-font=\"inherit\" data-tablet-portrait-font=\"inherit\" data-tablet-landscape-line-height=\"inherit\" data-tablet-portrait-line-height=\"inherit\" data-parallax=\"false\" data-move=\"false\" data-coordinatex=\"0\" data-coordinatey=\"0\" data-speed=\"10\"><span class=\"text-wrapper\"><span class=\"text\">Bonameser Str. 44 D-60433 Frankfurt am Main<\/span><\/span><\/p><div class=\"et-separator et-clearfix animate-false dashed left horizontal et-separator-887310\" data-delay=\"\"><div class=\"line\"><\/div><\/div><h6 class=\"et-heading text-align-left tablet-text-align-inherit mobile-text-align-inherit animate-false no-animation-type\" id=\"et-heading-149645\" data-delay=\"0\" data-mobile-font=\"inherit\" data-mobile-line-height=\"inherit\" data-tablet-landscape-font=\"inherit\" data-tablet-portrait-font=\"inherit\" data-tablet-landscape-line-height=\"inherit\" data-tablet-portrait-line-height=\"inherit\" data-parallax=\"false\" data-move=\"false\" data-coordinatex=\"0\" data-coordinatey=\"0\" data-speed=\"10\"><span class=\"text-wrapper\"><span class=\"text\">Telefon \/ Fax<\/span><\/span><\/h6><span class=\"et-gap et-clearfix et-gap-630497\"><\/span><p class=\"et-heading text-align-left tablet-text-align-inherit mobile-text-align-inherit animate-false no-animation-type\" id=\"et-heading-515846\" data-delay=\"0\" data-mobile-font=\"inherit\" data-mobile-line-height=\"inherit\" data-tablet-landscape-font=\"inherit\" data-tablet-portrait-font=\"inherit\" data-tablet-landscape-line-height=\"inherit\" data-tablet-portrait-line-height=\"inherit\" data-parallax=\"false\" data-move=\"false\" data-coordinatex=\"0\" data-coordinatey=\"0\" data-speed=\"10\"><span class=\"text-wrapper\"><span class=\"text\">+49 (69) 51 50 29<br \/>\n+49 (69) 95 29 45 57<\/span><\/span><\/p><div class=\"et-separator et-clearfix animate-false dashed left horizontal et-separator-887310\" data-delay=\"\"><div class=\"line\"><\/div><\/div><h6 class=\"et-heading text-align-left tablet-text-align-inherit mobile-text-align-inherit animate-false no-animation-type\" id=\"et-heading-64278\" data-delay=\"0\" data-mobile-font=\"inherit\" data-mobile-line-height=\"inherit\" data-tablet-landscape-font=\"inherit\" data-tablet-portrait-font=\"inherit\" data-tablet-landscape-line-height=\"inherit\" data-tablet-portrait-line-height=\"inherit\" data-parallax=\"false\" data-move=\"false\" data-coordinatex=\"0\" data-coordinatey=\"0\" data-speed=\"10\"><span class=\"text-wrapper\"><span class=\"text\">E-Mail<\/span><\/span><\/h6><span class=\"et-gap et-clearfix et-gap-809605\"><\/span><p class=\"et-heading text-align-left tablet-text-align-inherit mobile-text-align-inherit animate-false no-animation-type\" id=\"et-heading-771246\" data-delay=\"0\" data-mobile-font=\"inherit\" data-mobile-line-height=\"inherit\" data-tablet-landscape-font=\"inherit\" data-tablet-portrait-font=\"inherit\" data-tablet-landscape-line-height=\"inherit\" data-tablet-portrait-line-height=\"inherit\" data-parallax=\"false\" data-move=\"false\" data-coordinatex=\"0\" data-coordinatey=\"0\" data-speed=\"10\"><span class=\"text-wrapper\"><span class=\"text\">info[@]mercodor.de<\/span><\/span><\/p><div class=\"et-separator et-clearfix animate-false dashed left horizontal et-separator-887310\" data-delay=\"\"><div class=\"line\"><\/div><\/div><h6 class=\"et-heading text-align-left tablet-text-align-inherit mobile-text-align-inherit animate-false no-animation-type\" id=\"et-heading-462245\" data-delay=\"0\" data-mobile-font=\"inherit\" data-mobile-line-height=\"inherit\" data-tablet-landscape-font=\"inherit\" data-tablet-portrait-font=\"inherit\" data-tablet-landscape-line-height=\"inherit\" data-tablet-portrait-line-height=\"inherit\" data-parallax=\"false\" data-move=\"false\" data-coordinatex=\"0\" data-coordinatey=\"0\" data-speed=\"10\"><span class=\"text-wrapper\"><span class=\"text\">\u00d6ffnungszeiten<\/span><\/span><\/h6><span class=\"et-gap et-clearfix et-gap-809605\"><\/span><p class=\"et-heading text-align-left tablet-text-align-inherit mobile-text-align-inherit animate-false no-animation-type\" id=\"et-heading-935291\" data-delay=\"0\" data-mobile-font=\"inherit\" data-mobile-line-height=\"inherit\" data-tablet-landscape-font=\"inherit\" data-tablet-portrait-font=\"inherit\" data-tablet-landscape-line-height=\"inherit\" data-tablet-portrait-line-height=\"inherit\" data-parallax=\"false\" data-move=\"false\" data-coordinatex=\"0\" data-coordinatey=\"0\" data-speed=\"10\"><span class=\"text-wrapper\"><span class=\"text\">Mo-Fr: 08:00 &#8211; 18:00<br \/>\nSa-So: Geschlossen<\/span><\/span><\/p><\/div><\/div><\/div><\/div><div class=\"vc_row wpb_row vc_inner vc_row-fluid vc_column-gap-0 vc-row-795222\"><div class=\"wpb_column vc_column_container vc_col-sm-12 vc_col-lg-12 vc_col-md-12 vc_col-xs-12 vc_col-has-fill\"><div class=\"vc_column-inner vc_custom_1704632031414\"><div class=\"wpb_wrapper\"><h2 class=\"et-heading text-align-left tablet-text-align-inherit mobile-text-align-inherit animate-false no-animation-type\" id=\"et-heading-409418\" data-delay=\"0\" data-mobile-font=\"24px\" data-mobile-line-height=\"inherit\" data-tablet-landscape-font=\"inherit\" data-tablet-portrait-font=\"inherit\" data-tablet-landscape-line-height=\"inherit\" data-tablet-portrait-line-height=\"inherit\" data-parallax=\"false\" data-move=\"false\" data-coordinatex=\"0\" data-coordinatey=\"0\" data-speed=\"10\"><span class=\"text-wrapper\"><span class=\"text\">Entdecken Sie unsere <span class=\"et-gap et-clearfix et-gap-1\"><\/span> Produkte<\/span><\/span><\/h2><span class=\"et-gap et-clearfix et-gap-786080 hide767\"><\/span><a id=\"et-button-958929\" class=\"et-button icon-position-right modal-false large hover-fill click-none has-icon\" target=\"_self\" href=\"\/mercodor-2023\/produkte\" data-animation-delay=\"0\" data-parallax=\"false\" data-move=\"false\" data-coordinatex=\"0\" data-coordinatey=\"0\" data-speed=\"10\"><span class=\"hover\"><\/span><span class=\"regular\"><\/span><span class=\"text\">Mehr erfahren<\/span><span class=\"icon ien ien-earrow-3\"><\/span><\/a><\/div><\/div><\/div><\/div>\t\t<\/div>\n\t\t\t<\/div>\n<\/div><div class=\"wpb_column vc_column_container vc_col-sm-12 vc_col-lg-8 vc_col-md-7 vc_col-xs-12 text-align-none vc-column-21206\" >\n\t<div class=\"vc_column-inner \" >\n\t\t<div class=\"wpb_wrapper\">\n\t\t\t<h1 class=\"et-heading text-align-left tablet-text-align-inherit mobile-text-align-inherit animate-false no-animation-type mobile-none\" id=\"et-heading-510362\" data-delay=\"0\" data-mobile-font=\"inherit\" data-mobile-line-height=\"inherit\" data-tablet-landscape-font=\"inherit\" data-tablet-portrait-font=\"inherit\" data-tablet-landscape-line-height=\"inherit\" data-tablet-portrait-line-height=\"inherit\" data-parallax=\"false\" data-move=\"false\" data-coordinatex=\"0\" data-coordinatey=\"0\" data-speed=\"10\"><span class=\"text-wrapper\"><span class=\"text\">Professionelle Zeichnungserstellung f\u00fcr Ihre Bauteile<\/span><\/span><\/h1><span class=\"et-gap et-clearfix et-gap-803736\"><\/span>\n<div class=\"wpb_text_column wpb_content_element \"  data-animation-delay=\"0\">\n\t<div class=\"wpb_wrapper\">\n\t\t<p data-start=\"144\" data-end=\"334\">Sie haben eine Idee oder ein Musterteil, aber keine technischen Zeichnungen? Wir erstellen f\u00fcr Sie pr\u00e4zise CAD-Zeichnungen als Grundlage f\u00fcr die Fertigung \u2013 exakt nach Ihren Anforderungen.<\/p>\n<h2 data-start=\"336\" data-end=\"362\"><strong data-start=\"339\" data-end=\"360\">Unsere Leistungen<\/strong><\/h2>\n<p data-start=\"363\" data-end=\"827\">\u2714 <strong data-start=\"365\" data-end=\"404\">Technische Zeichnungen nach Vorgabe<\/strong> \u2013 Professionelle CAD-Konstruktionen f\u00fcr Ihre Bauteile<br data-start=\"458\" data-end=\"461\" \/>\u2714 <strong data-start=\"463\" data-end=\"504\">Zeichnungserstellung aus Musterteilen<\/strong> \u2013 Digitale Umsetzung bestehender Komponenten<br data-start=\"549\" data-end=\"552\" \/>\u2714 <strong data-start=\"554\" data-end=\"581\">Optimierung &amp; Anpassung<\/strong> \u2013 Verbesserung bestehender Zeichnungen f\u00fcr bessere Fertigbarkeit<br data-start=\"646\" data-end=\"649\" \/>\u2714 <strong data-start=\"651\" data-end=\"670\">3D-Modellierung<\/strong> \u2013 Erstellung von 3D-Daten f\u00fcr Visualisierung und Fertigung<br data-start=\"729\" data-end=\"732\" \/>\u2714 <strong data-start=\"734\" data-end=\"761\">Komplette Dokumentation<\/strong> \u2013 Detaillierte Fertigungsunterlagen f\u00fcr reibungslose Produktion<\/p>\n<h2 data-start=\"829\" data-end=\"861\"><strong data-start=\"832\" data-end=\"859\">Warum Mercodor?<\/strong><\/h2>\n<p data-start=\"862\" data-end=\"1112\">\ud83d\udd39 <strong data-start=\"865\" data-end=\"903\">Pr\u00e4zise &amp; normgerechte Zeichnungen<\/strong> \u2013 Perfekt abgestimmt auf Ihre Fertigung<br data-start=\"943\" data-end=\"946\" \/>\ud83d\udd39 <strong data-start=\"949\" data-end=\"971\">Schnelle Umsetzung<\/strong> \u2013 Effiziente CAD-Modelle f\u00fcr kurze Entwicklungszeiten<br data-start=\"1025\" data-end=\"1028\" \/>\ud83d\udd39 <strong data-start=\"1031\" data-end=\"1056\">Individuelle L\u00f6sungen<\/strong> \u2013 Ma\u00dfgeschneiderte Konstruktionen nach Ihren W\u00fcnschen<\/p>\n<p data-start=\"1114\" data-end=\"1226\">Ob Einzelteil oder Baugruppe \u2013 wir erstellen Ihre technischen Zeichnungen mit h\u00f6chster Sorgfalt und Pr\u00e4zision.<\/p>\n\t<\/div>\n<\/div>\n\n<span class=\"et-gap et-clearfix et-gap-261972\"><\/span><div class=\"vc_row wpb_row vc_inner vc_row-fluid vc_column-gap-24\"><div class=\"wpb_column vc_column_container vc_col-sm-6\"><div class=\"vc_column-inner vc_custom_1704632505570\"><div class=\"wpb_wrapper\"><div id=\"et-image-94080\" class=\"et-image alignnone curtain-left\" data-curtain=\"false\" data-animation-delay=\"0\" data-parallax=\"false\" data-move=\"false\" data-coordinatex=\"0\" data-coordinatey=\"0\" data-speed=\"10\"><img decoding=\"async\" width=\"t\" height=\"t\" src=\"https:\/\/mercodor.de\/wp-content\/uploads\/2025\/02\/metalworking-cnc-milling-machine-2023-11-27-04-49-41-utc-scaled.jpg\" alt=\"Mercodor Zerkleinerungsmaschinen\"><\/div><\/div><\/div><\/div><div class=\"wpb_column vc_column_container vc_col-sm-6\"><div class=\"vc_column-inner\"><div class=\"wpb_wrapper\"><div id=\"et-image-364762\" class=\"et-image alignnone curtain-left\" data-curtain=\"false\" data-animation-delay=\"0\" data-parallax=\"false\" data-move=\"false\" data-coordinatex=\"0\" data-coordinatey=\"0\" data-speed=\"10\"><img decoding=\"async\" width=\"t\" height=\"t\" src=\"https:\/\/mercodor.de\/wp-content\/uploads\/2025\/02\/metalworking-cnc-lathe-milling-machine-cutting-me-2023-11-27-05-34-30-utc-scaled.jpg\" alt=\"Mercodor Zerkleinerungsmaschinen\"><\/div><\/div><\/div><\/div><\/div><span class=\"et-gap et-clearfix et-gap-261972\"><\/span><span class=\"et-gap et-clearfix et-gap-918762\"><\/span><h5 class=\"et-heading text-align-left tablet-text-align-inherit mobile-text-align-inherit animate-false no-animation-type\" id=\"et-heading-347312\" data-delay=\"0\" data-mobile-font=\"inherit\" data-mobile-line-height=\"inherit\" data-tablet-landscape-font=\"inherit\" data-tablet-portrait-font=\"inherit\" data-tablet-landscape-line-height=\"inherit\" data-tablet-portrait-line-height=\"inherit\" data-parallax=\"false\" data-move=\"false\" data-coordinatex=\"0\" data-coordinatey=\"0\" data-speed=\"10\"><span class=\"text-wrapper\"><span class=\"text\">Nennen Sie uns Ihre Anforderungen. Wir beraten und informieren Sie gerne.<\/span><\/span><\/h5><span class=\"et-gap et-clearfix et-gap-108218\"><\/span><div class=\"vc_row wpb_row vc_inner vc_row-fluid vc_custom_1694877358505 vc_column-gap-24 vc-row-424112\"><div class=\"wpb_column vc_column_container vc_col-sm-12\"><div class=\"vc_column-inner\"><div class=\"wpb_wrapper\"><span class=\"et-gap et-clearfix et-gap-108218\"><\/span><div class=\"wpcf7 no-js\" id=\"wpcf7-f5-o1\" lang=\"de-DE\" dir=\"ltr\" data-wpcf7-id=\"5\"><div class=\"screen-reader-response\"><p role=\"status\" aria-live=\"polite\" aria-atomic=\"true\"><\/p><ul><\/ul><\/div><form action=\"\/es\/wp-json\/wp\/v2\/pages\/19120#wpcf7-f5-o1\" method=\"post\" class=\"wpcf7-form init\" aria-label=\"Kontaktformular\" novalidate=\"novalidate\" data-status=\"init\"><fieldset class=\"hidden-fields-container\"><input type=\"hidden\" name=\"_wpcf7\" value=\"5\" \/><input type=\"hidden\" name=\"_wpcf7_version\" value=\"6.1.5\" \/><input type=\"hidden\" name=\"_wpcf7_locale\" value=\"de_DE\" \/><input type=\"hidden\" name=\"_wpcf7_unit_tag\" value=\"wpcf7-f5-o1\" \/><input type=\"hidden\" name=\"_wpcf7_container_post\" value=\"0\" \/><input type=\"hidden\" name=\"_wpcf7_posted_data_hash\" value=\"\" \/><\/fieldset><p><label> Name<br \/><span class=\"wpcf7-form-control-wrap\" data-name=\"your-name\"><input size=\"40\" maxlength=\"400\" class=\"wpcf7-form-control wpcf7-text wpcf7-validates-as-required\" autocomplete=\"name\" aria-required=\"true\" aria-invalid=\"false\" value=\"\" type=\"text\" name=\"your-name\" \/><\/span><\/label><\/p><p><label> E-Mail<br \/><span class=\"wpcf7-form-control-wrap\" data-name=\"your-email\"><input size=\"40\" maxlength=\"400\" class=\"wpcf7-form-control wpcf7-email wpcf7-validates-as-required wpcf7-text wpcf7-validates-as-email\" autocomplete=\"email\" aria-required=\"true\" aria-invalid=\"false\" value=\"\" type=\"email\" name=\"your-email\" \/><\/span><\/label><\/p><p><label> Betreff<br \/><span class=\"wpcf7-form-control-wrap\" data-name=\"your-subject\"><input size=\"40\" maxlength=\"400\" class=\"wpcf7-form-control wpcf7-text wpcf7-validates-as-required\" aria-required=\"true\" aria-invalid=\"false\" value=\"\" type=\"text\" name=\"your-subject\" \/><\/span><\/label><\/p><p><label> Nachricht<br \/><span class=\"wpcf7-form-control-wrap\" data-name=\"your-message\"><textarea cols=\"40\" rows=\"10\" maxlength=\"2000\" class=\"wpcf7-form-control wpcf7-textarea\" aria-invalid=\"false\" name=\"your-message\"><\/textarea><\/span><\/label><br \/><div class=\"cf7-cf-turnstile\" style=\"margin-top: 0px; margin-bottom: -15px;\"><div id=\"cf-turnstile-cf7-2065104482\" class=\"cf-turnstile\" data-sitekey=\"0x4AAAAAABeBQphzeTfvJrn0\" data-theme=\"light\" data-language=\"auto\" data-size=\"normal\" data-retry=\"auto\" data-retry-interval=\"1000\" data-refresh-expired=\"auto\" data-refresh-timeout=\"auto\" data-action=\"contact-form-7\" data-callback=\"turnstileCF7Callback\" data-appearance=\"always\"><\/div><script>document.addEventListener(\"DOMContentLoaded\", function() { setTimeout(function(){ var e=document.getElementById(\"cf-turnstile-cf7-2065104482\"); if(e&&!e.innerHTML.trim()){turnstile.render(e, {sitekey:\"0x4AAAAAABeBQphzeTfvJrn0\"});} }, 200); });<\/script><br class=\"cf-turnstile-br cf-turnstile-br-cf7-2065104482\"><style>#cf-turnstile-cf7-2065104482 { margin-left: -15px; }<\/style><script>document.addEventListener(\"DOMContentLoaded\",function(){document.querySelectorAll('.wpcf7-form').forEach(function(e){e.addEventListener('submit',function(){if(document.getElementById('cf-turnstile-cf7-2065104482')){setTimeout(function(){turnstile.reset('#cf-turnstile-cf7-2065104482');},1000)}})})});<\/script><\/div><p><input class=\"wpcf7-form-control wpcf7-submit has-spinner\" type=\"submit\" value=\"Absenden\" \/><\/p><div class=\"wpcf7-response-output\" aria-hidden=\"true\"><\/div><\/form><\/div><\/div><\/div><\/div><\/div>\t\t<\/div>\n\t\t\t<\/div>\n<\/div>\t<\/div>\n\t\t<\/div>\n<\/div>","protected":false},"excerpt":{"rendered":"Individuelle und nachhaltige EntsorgungMehr erfahrenMERCODOR GmbH Sondermaschinenbau KGBonameser Str. 44 D-60433 Frankfurt am MainTelefon \/ Fax+49 (69) 51 50 29 +49 (69) 95 29 45 57E-Mailinfo[@]mercodor.de\u00d6ffnungszeitenMo-Fr: 08:00 - 18:00 Sa-So: GeschlossenEntdecken Sie unsere ProdukteMehr erfahren Professionelle Zeichnungserstellung f\u00fcr Ihre Bauteile Sie haben eine Idee oder ein Musterteil, aber keine technischen Zeichnungen? Wir erstellen f\u00fcr Sie [...]","protected":false},"author":1,"featured_media":0,"parent":0,"menu_order":0,"comment_status":"closed","ping_status":"closed","template":"","meta":{"footnotes":""},"class_list":["post-19120","page","type-page","status-publish","hentry"],"_links":{"self":[{"href":"https:\/\/mercodor.de\/es\/wp-json\/wp\/v2\/pages\/19120","targetHints":{"allow":["GET"]}}],"collection":[{"href":"https:\/\/mercodor.de\/es\/wp-json\/wp\/v2\/pages"}],"about":[{"href":"https:\/\/mercodor.de\/es\/wp-json\/wp\/v2\/types\/page"}],"author":[{"embeddable":true,"href":"https:\/\/mercodor.de\/es\/wp-json\/wp\/v2\/users\/1"}],"replies":[{"embeddable":true,"href":"https:\/\/mercodor.de\/es\/wp-json\/wp\/v2\/comments?post=19120"}],"version-history":[{"count":1,"href":"https:\/\/mercodor.de\/es\/wp-json\/wp\/v2\/pages\/19120\/revisions"}],"predecessor-version":[{"id":19121,"href":"https:\/\/mercodor.de\/es\/wp-json\/wp\/v2\/pages\/19120\/revisions\/19121"}],"wp:attachment":[{"href":"https:\/\/mercodor.de\/es\/wp-json\/wp\/v2\/media?parent=19120"}],"curies":[{"name":"wp","href":"https:\/\/api.w.org\/{rel}","templated":true}]}}