{"id":19111,"date":"2025-02-24T14:29:58","date_gmt":"2025-02-24T13:29:58","guid":{"rendered":"https:\/\/mercodor.de\/?page_id=19111"},"modified":"2025-02-24T14:52:57","modified_gmt":"2025-02-24T13:52:57","slug":"verlaengerte-werkbank","status":"publish","type":"page","link":"https:\/\/mercodor.de\/es\/verlaengerte-werkbank\/","title":{"rendered":"Verl\u00e4ngerte Werkbank"},"content":{"rendered":"<div class=\"wpb-content-wrapper\"><div class=\"vc_row wpb_row vc_row-fluid vc_custom_1548940421216 vc_column-gap-64 vc-row-544602\" >\n\t<div class=\"container et-clearfix\">\n\t\t<div class=\"wpb_column vc_column_container vc_col-sm-12 vc_col-lg-4 vc_col-md-5 vc_col-xs-12 text-align-none vc-column-195820\" >\n\t<div class=\"vc_column-inner \" >\n\t\t<div class=\"wpb_wrapper\">\n\t\t\t<div class=\"vc_row wpb_row vc_inner vc_row-fluid vc_column-gap-0 vc-row-795222\"><div class=\"wpb_column vc_column_container vc_col-sm-12 vc_col-lg-12 vc_col-md-12 vc_col-xs-12 vc_col-has-fill\"><div class=\"vc_column-inner vc_custom_1704632138092\"><div class=\"wpb_wrapper\"><h2 class=\"et-heading text-align-left tablet-text-align-inherit mobile-text-align-inherit animate-false no-animation-type\" id=\"et-heading-686369\" data-delay=\"0\" data-mobile-font=\"24px\" data-mobile-line-height=\"inherit\" data-tablet-landscape-font=\"inherit\" data-tablet-portrait-font=\"inherit\" data-tablet-landscape-line-height=\"inherit\" data-tablet-portrait-line-height=\"inherit\" data-parallax=\"false\" data-move=\"false\" data-coordinatex=\"0\" data-coordinatey=\"0\" data-speed=\"10\"><span class=\"text-wrapper\"><span class=\"text\">Individuelle und nachhaltige <span style=\"color: #00599d;\">Entsorgung<\/span><\/span><\/span><\/h2><span class=\"et-gap et-clearfix et-gap-788339\"><\/span><a id=\"et-button-291448\" class=\"et-button icon-position-right modal-false large hover-fill click-none has-icon\" target=\"_self\" href=\"\/mercodor-2023\/kontakt\" data-animation-delay=\"0\" data-parallax=\"false\" data-move=\"false\" data-coordinatex=\"0\" data-coordinatey=\"0\" data-speed=\"10\"><span class=\"hover\"><\/span><span class=\"regular\"><\/span><span class=\"text\">Mehr erfahren<\/span><span class=\"icon ien ien-earrow-3\"><\/span><\/a><\/div><\/div><\/div><\/div><div class=\"vc_row wpb_row vc_inner vc_row-fluid vc_column-gap-0 vc-row-795222\"><div class=\"wpb_column vc_column_container vc_col-sm-12 vc_col-lg-12 vc_col-md-12 vc_col-xs-12 vc_col-has-fill\"><div class=\"vc_column-inner vc_custom_1694879081371\"><div class=\"wpb_wrapper\"><h6 class=\"et-heading text-align-left tablet-text-align-inherit mobile-text-align-inherit animate-false no-animation-type\" id=\"et-heading-204862\" data-delay=\"0\" data-mobile-font=\"inherit\" data-mobile-line-height=\"inherit\" data-tablet-landscape-font=\"inherit\" data-tablet-portrait-font=\"inherit\" data-tablet-landscape-line-height=\"inherit\" data-tablet-portrait-line-height=\"inherit\" data-parallax=\"false\" data-move=\"false\" data-coordinatex=\"0\" data-coordinatey=\"0\" data-speed=\"10\"><span class=\"text-wrapper\"><span class=\"text\">MERCODOR GmbH<br \/>\nSondermaschinenbau KG<\/span><\/span><\/h6><span class=\"et-gap et-clearfix et-gap-756832\"><\/span><p class=\"et-heading text-align-left tablet-text-align-inherit mobile-text-align-inherit animate-false no-animation-type\" id=\"et-heading-676288\" data-delay=\"0\" data-mobile-font=\"inherit\" data-mobile-line-height=\"inherit\" data-tablet-landscape-font=\"inherit\" data-tablet-portrait-font=\"inherit\" data-tablet-landscape-line-height=\"inherit\" data-tablet-portrait-line-height=\"inherit\" data-parallax=\"false\" data-move=\"false\" data-coordinatex=\"0\" data-coordinatey=\"0\" data-speed=\"10\"><span class=\"text-wrapper\"><span class=\"text\">Bonameser Str. 44 D-60433 Frankfurt am Main<\/span><\/span><\/p><div class=\"et-separator et-clearfix animate-false dashed left horizontal et-separator-887310\" data-delay=\"\"><div class=\"line\"><\/div><\/div><h6 class=\"et-heading text-align-left tablet-text-align-inherit mobile-text-align-inherit animate-false no-animation-type\" id=\"et-heading-149645\" data-delay=\"0\" data-mobile-font=\"inherit\" data-mobile-line-height=\"inherit\" data-tablet-landscape-font=\"inherit\" data-tablet-portrait-font=\"inherit\" data-tablet-landscape-line-height=\"inherit\" data-tablet-portrait-line-height=\"inherit\" data-parallax=\"false\" data-move=\"false\" data-coordinatex=\"0\" data-coordinatey=\"0\" data-speed=\"10\"><span class=\"text-wrapper\"><span class=\"text\">Telefon \/ Fax<\/span><\/span><\/h6><span class=\"et-gap et-clearfix et-gap-630497\"><\/span><p class=\"et-heading text-align-left tablet-text-align-inherit mobile-text-align-inherit animate-false no-animation-type\" id=\"et-heading-515846\" data-delay=\"0\" data-mobile-font=\"inherit\" data-mobile-line-height=\"inherit\" data-tablet-landscape-font=\"inherit\" data-tablet-portrait-font=\"inherit\" data-tablet-landscape-line-height=\"inherit\" data-tablet-portrait-line-height=\"inherit\" data-parallax=\"false\" data-move=\"false\" data-coordinatex=\"0\" data-coordinatey=\"0\" data-speed=\"10\"><span class=\"text-wrapper\"><span class=\"text\">+49 (69) 51 50 29<br \/>\n+49 (69) 95 29 45 57<\/span><\/span><\/p><div class=\"et-separator et-clearfix animate-false dashed left horizontal et-separator-887310\" data-delay=\"\"><div class=\"line\"><\/div><\/div><h6 class=\"et-heading text-align-left tablet-text-align-inherit mobile-text-align-inherit animate-false no-animation-type\" id=\"et-heading-64278\" data-delay=\"0\" data-mobile-font=\"inherit\" data-mobile-line-height=\"inherit\" data-tablet-landscape-font=\"inherit\" data-tablet-portrait-font=\"inherit\" data-tablet-landscape-line-height=\"inherit\" data-tablet-portrait-line-height=\"inherit\" data-parallax=\"false\" data-move=\"false\" data-coordinatex=\"0\" data-coordinatey=\"0\" data-speed=\"10\"><span class=\"text-wrapper\"><span class=\"text\">E-Mail<\/span><\/span><\/h6><span class=\"et-gap et-clearfix et-gap-809605\"><\/span><p class=\"et-heading text-align-left tablet-text-align-inherit mobile-text-align-inherit animate-false no-animation-type\" id=\"et-heading-771246\" data-delay=\"0\" data-mobile-font=\"inherit\" data-mobile-line-height=\"inherit\" data-tablet-landscape-font=\"inherit\" data-tablet-portrait-font=\"inherit\" data-tablet-landscape-line-height=\"inherit\" data-tablet-portrait-line-height=\"inherit\" data-parallax=\"false\" data-move=\"false\" data-coordinatex=\"0\" data-coordinatey=\"0\" data-speed=\"10\"><span class=\"text-wrapper\"><span class=\"text\">info[@]mercodor.de<\/span><\/span><\/p><div class=\"et-separator et-clearfix animate-false dashed left horizontal et-separator-887310\" data-delay=\"\"><div class=\"line\"><\/div><\/div><h6 class=\"et-heading text-align-left tablet-text-align-inherit mobile-text-align-inherit animate-false no-animation-type\" id=\"et-heading-462245\" data-delay=\"0\" data-mobile-font=\"inherit\" data-mobile-line-height=\"inherit\" data-tablet-landscape-font=\"inherit\" data-tablet-portrait-font=\"inherit\" data-tablet-landscape-line-height=\"inherit\" data-tablet-portrait-line-height=\"inherit\" data-parallax=\"false\" data-move=\"false\" data-coordinatex=\"0\" data-coordinatey=\"0\" data-speed=\"10\"><span class=\"text-wrapper\"><span class=\"text\">\u00d6ffnungszeiten<\/span><\/span><\/h6><span class=\"et-gap et-clearfix et-gap-809605\"><\/span><p class=\"et-heading text-align-left tablet-text-align-inherit mobile-text-align-inherit animate-false no-animation-type\" id=\"et-heading-935291\" data-delay=\"0\" data-mobile-font=\"inherit\" data-mobile-line-height=\"inherit\" data-tablet-landscape-font=\"inherit\" data-tablet-portrait-font=\"inherit\" data-tablet-landscape-line-height=\"inherit\" data-tablet-portrait-line-height=\"inherit\" data-parallax=\"false\" data-move=\"false\" data-coordinatex=\"0\" data-coordinatey=\"0\" data-speed=\"10\"><span class=\"text-wrapper\"><span class=\"text\">Mo-Fr: 08:00 &#8211; 18:00<br \/>\nSa-So: Geschlossen<\/span><\/span><\/p><\/div><\/div><\/div><\/div><div class=\"vc_row wpb_row vc_inner vc_row-fluid vc_column-gap-0 vc-row-795222\"><div class=\"wpb_column vc_column_container vc_col-sm-12 vc_col-lg-12 vc_col-md-12 vc_col-xs-12 vc_col-has-fill\"><div class=\"vc_column-inner vc_custom_1704632031414\"><div class=\"wpb_wrapper\"><h2 class=\"et-heading text-align-left tablet-text-align-inherit mobile-text-align-inherit animate-false no-animation-type\" id=\"et-heading-409418\" data-delay=\"0\" data-mobile-font=\"24px\" data-mobile-line-height=\"inherit\" data-tablet-landscape-font=\"inherit\" data-tablet-portrait-font=\"inherit\" data-tablet-landscape-line-height=\"inherit\" data-tablet-portrait-line-height=\"inherit\" data-parallax=\"false\" data-move=\"false\" data-coordinatex=\"0\" data-coordinatey=\"0\" data-speed=\"10\"><span class=\"text-wrapper\"><span class=\"text\">Entdecken Sie unsere <span class=\"et-gap et-clearfix et-gap-1\"><\/span> Produkte<\/span><\/span><\/h2><span class=\"et-gap et-clearfix et-gap-786080 hide767\"><\/span><a id=\"et-button-958929\" class=\"et-button icon-position-right modal-false large hover-fill click-none has-icon\" target=\"_self\" href=\"\/mercodor-2023\/produkte\" data-animation-delay=\"0\" data-parallax=\"false\" data-move=\"false\" data-coordinatex=\"0\" data-coordinatey=\"0\" data-speed=\"10\"><span class=\"hover\"><\/span><span class=\"regular\"><\/span><span class=\"text\">Mehr erfahren<\/span><span class=\"icon ien ien-earrow-3\"><\/span><\/a><\/div><\/div><\/div><\/div>\t\t<\/div>\n\t\t\t<\/div>\n<\/div><div class=\"wpb_column vc_column_container vc_col-sm-12 vc_col-lg-8 vc_col-md-7 vc_col-xs-12 text-align-none vc-column-21206\" >\n\t<div class=\"vc_column-inner \" >\n\t\t<div class=\"wpb_wrapper\">\n\t\t\t<h1 class=\"et-heading text-align-left tablet-text-align-inherit mobile-text-align-inherit animate-false no-animation-type mobile-none\" id=\"et-heading-510362\" data-delay=\"0\" data-mobile-font=\"inherit\" data-mobile-line-height=\"inherit\" data-tablet-landscape-font=\"inherit\" data-tablet-portrait-font=\"inherit\" data-tablet-landscape-line-height=\"inherit\" data-tablet-portrait-line-height=\"inherit\" data-parallax=\"false\" data-move=\"false\" data-coordinatex=\"0\" data-coordinatey=\"0\" data-speed=\"10\"><span class=\"text-wrapper\"><span class=\"text\">Verl\u00e4ngerte Werkbank \u2013 Ihre Produktion in guten H\u00e4nden<\/span><\/span><\/h1><span class=\"et-gap et-clearfix et-gap-803736\"><\/span>\n<div class=\"wpb_text_column wpb_content_element \"  data-animation-delay=\"0\">\n\t<div class=\"wpb_wrapper\">\n\t\t<p data-start=\"144\" data-end=\"366\">Sie suchen einen zuverl\u00e4ssigen Partner, der Ihre Fertigungskapazit\u00e4ten flexibel erg\u00e4nzt? Als <strong data-start=\"237\" data-end=\"261\">verl\u00e4ngerte Werkbank<\/strong> \u00fcbernehmen wir f\u00fcr Sie pr\u00e4zise Fertigungsaufgaben \u2013 effizient, termingerecht und in h\u00f6chster Qualit\u00e4t.<\/p>\n<h2 data-start=\"368\" data-end=\"394\"><strong data-start=\"371\" data-end=\"392\">Unsere Leistungen<\/strong><\/h2>\n<p data-start=\"395\" data-end=\"805\">\u2714 <strong data-start=\"397\" data-end=\"420\">CNC-Drehen &amp; Fr\u00e4sen<\/strong> \u2013 Hochpr\u00e4zise Bearbeitung f\u00fcr Einzelteile und Serien<br data-start=\"710\" data-end=\"713\" \/>\u2714 <strong data-start=\"715\" data-end=\"752\">Logistik &amp; Just-in-Time-Lieferung<\/strong> \u2013 Passgenaue Lieferung f\u00fcr Ihre Produktionsabl\u00e4ufe<\/p>\n<h2 data-start=\"807\" data-end=\"839\"><strong data-start=\"810\" data-end=\"837\">Warum Mercodor?<\/strong><\/h2>\n<p data-start=\"840\" data-end=\"1088\">\ud83d\udd39 <strong data-start=\"843\" data-end=\"877\">Erweiterung Ihrer Kapazit\u00e4ten:<\/strong> Wir fertigen f\u00fcr Sie, wenn es eng wird<br data-start=\"916\" data-end=\"919\" \/>\ud83d\udd39 <strong data-start=\"922\" data-end=\"955\">H\u00f6chste Pr\u00e4zision &amp; Qualit\u00e4t:<\/strong> Moderne Maschinen und erfahrene Fachkr\u00e4fte<br data-start=\"998\" data-end=\"1001\" \/>\ud83d\udd39 <strong data-start=\"1004\" data-end=\"1044\">Flexible &amp; termingerechte Fertigung:<\/strong> Verl\u00e4sslichkeit in jeder Produktionsphase<\/p>\n<p data-start=\"1090\" data-end=\"1250\">Ob Engpassl\u00f6sung, Serienfertigung oder Spezialprojekte \u2013 wir sind Ihre <strong data-start=\"1161\" data-end=\"1185\">verl\u00e4ngerte Werkbank<\/strong> und unterst\u00fctzen Sie mit ma\u00dfgeschneiderten Fertigungsl\u00f6sungen.<\/p>\n\t<\/div>\n<\/div>\n\n<span class=\"et-gap et-clearfix et-gap-261972\"><\/span><div class=\"vc_row wpb_row vc_inner vc_row-fluid vc_column-gap-24\"><div class=\"wpb_column vc_column_container vc_col-sm-6\"><div class=\"vc_column-inner vc_custom_1704632505570\"><div class=\"wpb_wrapper\"><div id=\"et-image-948321\" class=\"et-image alignnone curtain-left\" data-curtain=\"false\" data-animation-delay=\"0\" data-parallax=\"false\" data-move=\"false\" data-coordinatex=\"0\" data-coordinatey=\"0\" data-speed=\"10\"><img decoding=\"async\" width=\"t\" height=\"t\" src=\"https:\/\/mercodor.de\/wp-content\/uploads\/2025\/02\/knife-factory-worker-monitoring-machinery-in-works-2024-07-03-01-36-35-utc-scaled.jpg\" alt=\"Mercodor Zerkleinerungsmaschinen\"><\/div><\/div><\/div><\/div><div class=\"wpb_column vc_column_container vc_col-sm-6\"><div class=\"vc_column-inner\"><div class=\"wpb_wrapper\"><div id=\"et-image-312361\" class=\"et-image alignnone curtain-left\" data-curtain=\"false\" data-animation-delay=\"0\" data-parallax=\"false\" data-move=\"false\" data-coordinatex=\"0\" data-coordinatey=\"0\" data-speed=\"10\"><img decoding=\"async\" width=\"t\" height=\"t\" src=\"https:\/\/mercodor.de\/wp-content\/uploads\/2025\/02\/worker-using-panel-station-of-milling-machine-2024-12-10-03-24-01-utc-scaled.jpg\" alt=\"Mercodor Zerkleinerungsmaschinen\"><\/div><\/div><\/div><\/div><\/div><span class=\"et-gap et-clearfix et-gap-261972\"><\/span><span class=\"et-gap et-clearfix et-gap-918762\"><\/span><h5 class=\"et-heading text-align-left tablet-text-align-inherit mobile-text-align-inherit animate-false no-animation-type\" id=\"et-heading-347312\" data-delay=\"0\" data-mobile-font=\"inherit\" data-mobile-line-height=\"inherit\" data-tablet-landscape-font=\"inherit\" data-tablet-portrait-font=\"inherit\" data-tablet-landscape-line-height=\"inherit\" data-tablet-portrait-line-height=\"inherit\" data-parallax=\"false\" data-move=\"false\" data-coordinatex=\"0\" data-coordinatey=\"0\" data-speed=\"10\"><span class=\"text-wrapper\"><span class=\"text\">Nennen Sie uns Ihre Anforderungen. Wir beraten und informieren Sie gerne.<\/span><\/span><\/h5><span class=\"et-gap et-clearfix et-gap-108218\"><\/span><div class=\"vc_row wpb_row vc_inner vc_row-fluid vc_custom_1694877358505 vc_column-gap-24 vc-row-424112\"><div class=\"wpb_column vc_column_container vc_col-sm-12\"><div class=\"vc_column-inner\"><div class=\"wpb_wrapper\"><span class=\"et-gap et-clearfix et-gap-108218\"><\/span><div class=\"wpcf7 no-js\" id=\"wpcf7-f5-o1\" lang=\"de-DE\" dir=\"ltr\" data-wpcf7-id=\"5\"><div class=\"screen-reader-response\"><p role=\"status\" aria-live=\"polite\" aria-atomic=\"true\"><\/p><ul><\/ul><\/div><form action=\"\/es\/wp-json\/wp\/v2\/pages\/19111#wpcf7-f5-o1\" method=\"post\" class=\"wpcf7-form init\" aria-label=\"Kontaktformular\" novalidate=\"novalidate\" data-status=\"init\"><fieldset class=\"hidden-fields-container\"><input type=\"hidden\" name=\"_wpcf7\" value=\"5\" \/><input type=\"hidden\" name=\"_wpcf7_version\" value=\"6.1.5\" \/><input type=\"hidden\" name=\"_wpcf7_locale\" value=\"de_DE\" \/><input type=\"hidden\" name=\"_wpcf7_unit_tag\" value=\"wpcf7-f5-o1\" \/><input type=\"hidden\" name=\"_wpcf7_container_post\" value=\"0\" \/><input type=\"hidden\" name=\"_wpcf7_posted_data_hash\" value=\"\" \/><\/fieldset><p><label> Name<br \/><span class=\"wpcf7-form-control-wrap\" data-name=\"your-name\"><input size=\"40\" maxlength=\"400\" class=\"wpcf7-form-control wpcf7-text wpcf7-validates-as-required\" autocomplete=\"name\" aria-required=\"true\" aria-invalid=\"false\" value=\"\" type=\"text\" name=\"your-name\" \/><\/span><\/label><\/p><p><label> E-Mail<br \/><span class=\"wpcf7-form-control-wrap\" data-name=\"your-email\"><input size=\"40\" maxlength=\"400\" class=\"wpcf7-form-control wpcf7-email wpcf7-validates-as-required wpcf7-text wpcf7-validates-as-email\" autocomplete=\"email\" aria-required=\"true\" aria-invalid=\"false\" value=\"\" type=\"email\" name=\"your-email\" \/><\/span><\/label><\/p><p><label> Betreff<br \/><span class=\"wpcf7-form-control-wrap\" data-name=\"your-subject\"><input size=\"40\" maxlength=\"400\" class=\"wpcf7-form-control wpcf7-text wpcf7-validates-as-required\" aria-required=\"true\" aria-invalid=\"false\" value=\"\" type=\"text\" name=\"your-subject\" \/><\/span><\/label><\/p><p><label> Nachricht<br \/><span class=\"wpcf7-form-control-wrap\" data-name=\"your-message\"><textarea cols=\"40\" rows=\"10\" maxlength=\"2000\" class=\"wpcf7-form-control wpcf7-textarea\" aria-invalid=\"false\" name=\"your-message\"><\/textarea><\/span><\/label><br \/><div class=\"cf7-cf-turnstile\" style=\"margin-top: 0px; margin-bottom: -15px;\"><div id=\"cf-turnstile-cf7-1237201392\" class=\"cf-turnstile\" data-sitekey=\"0x4AAAAAABeBQphzeTfvJrn0\" data-theme=\"light\" data-language=\"auto\" data-size=\"normal\" data-retry=\"auto\" data-retry-interval=\"1000\" data-refresh-expired=\"auto\" data-action=\"contact-form-7\" data-appearance=\"always\"><\/div><script>document.addEventListener(\"DOMContentLoaded\", function() { setTimeout(function(){ var e=document.getElementById(\"cf-turnstile-cf7-1237201392\"); e&&!e.innerHTML.trim()&&(turnstile.remove(\"#cf-turnstile-cf7-1237201392\"), turnstile.render(\"#cf-turnstile-cf7-1237201392\", {sitekey:\"0x4AAAAAABeBQphzeTfvJrn0\"})); }, 100); });<\/script><br class=\"cf-turnstile-br cf-turnstile-br-cf7-1237201392\"><style>#cf-turnstile-cf7-1237201392 { margin-left: -15px; }<\/style><script>document.addEventListener(\"DOMContentLoaded\",function(){document.querySelectorAll('.wpcf7-form').forEach(function(e){e.addEventListener('submit',function(){if(document.getElementById('cf-turnstile-cf7-1237201392')){setTimeout(function(){turnstile.reset('#cf-turnstile-cf7-1237201392');},1000)}})})});<\/script><\/div><p><input class=\"wpcf7-form-control wpcf7-submit has-spinner\" type=\"submit\" value=\"Absenden\" \/><\/p><div class=\"wpcf7-response-output\" aria-hidden=\"true\"><\/div><\/form><\/div><\/div><\/div><\/div><\/div>\t\t<\/div>\n\t\t\t<\/div>\n<\/div>\t<\/div>\n\t\t<\/div>\n<\/div>","protected":false},"excerpt":{"rendered":"Individuelle und nachhaltige EntsorgungMehr erfahrenMERCODOR GmbH Sondermaschinenbau KGBonameser Str. 44 D-60433 Frankfurt am MainTelefon \/ Fax+49 (69) 51 50 29 +49 (69) 95 29 45 57E-Mailinfo[@]mercodor.de\u00d6ffnungszeitenMo-Fr: 08:00 - 18:00 Sa-So: GeschlossenEntdecken Sie unsere ProdukteMehr erfahren Verl\u00e4ngerte Werkbank \u2013 Ihre Produktion in guten H\u00e4nden Sie suchen einen zuverl\u00e4ssigen Partner, der Ihre Fertigungskapazit\u00e4ten flexibel erg\u00e4nzt? Als verl\u00e4ngerte [...]","protected":false},"author":1,"featured_media":0,"parent":0,"menu_order":0,"comment_status":"closed","ping_status":"closed","template":"","meta":{"footnotes":""},"class_list":["post-19111","page","type-page","status-publish","hentry"],"_links":{"self":[{"href":"https:\/\/mercodor.de\/es\/wp-json\/wp\/v2\/pages\/19111","targetHints":{"allow":["GET"]}}],"collection":[{"href":"https:\/\/mercodor.de\/es\/wp-json\/wp\/v2\/pages"}],"about":[{"href":"https:\/\/mercodor.de\/es\/wp-json\/wp\/v2\/types\/page"}],"author":[{"embeddable":true,"href":"https:\/\/mercodor.de\/es\/wp-json\/wp\/v2\/users\/1"}],"replies":[{"embeddable":true,"href":"https:\/\/mercodor.de\/es\/wp-json\/wp\/v2\/comments?post=19111"}],"version-history":[{"count":2,"href":"https:\/\/mercodor.de\/es\/wp-json\/wp\/v2\/pages\/19111\/revisions"}],"predecessor-version":[{"id":19134,"href":"https:\/\/mercodor.de\/es\/wp-json\/wp\/v2\/pages\/19111\/revisions\/19134"}],"wp:attachment":[{"href":"https:\/\/mercodor.de\/es\/wp-json\/wp\/v2\/media?parent=19111"}],"curies":[{"name":"wp","href":"https:\/\/api.w.org\/{rel}","templated":true}]}}