{"id":19099,"date":"2025-02-24T10:53:59","date_gmt":"2025-02-24T09:53:59","guid":{"rendered":"https:\/\/mercodor.de\/?page_id=19099"},"modified":"2025-02-24T14:48:42","modified_gmt":"2025-02-24T13:48:42","slug":"cnc-fraesen","status":"publish","type":"page","link":"https:\/\/mercodor.de\/es\/cnc-fraesen\/","title":{"rendered":"CNC &#8211; Fr\u00e4sen"},"content":{"rendered":"<div class=\"wpb-content-wrapper\"><div class=\"vc_row wpb_row vc_row-fluid vc_custom_1548940421216 vc_column-gap-64 vc-row-544602\" >\n\t<div class=\"container et-clearfix\">\n\t\t<div class=\"wpb_column vc_column_container vc_col-sm-12 vc_col-lg-4 vc_col-md-5 vc_col-xs-12 text-align-none vc-column-195820\" >\n\t<div class=\"vc_column-inner \" >\n\t\t<div class=\"wpb_wrapper\">\n\t\t\t<div class=\"vc_row wpb_row vc_inner vc_row-fluid vc_column-gap-0 vc-row-795222\"><div class=\"wpb_column vc_column_container vc_col-sm-12 vc_col-lg-12 vc_col-md-12 vc_col-xs-12 vc_col-has-fill\"><div class=\"vc_column-inner vc_custom_1704632138092\"><div class=\"wpb_wrapper\"><h2 class=\"et-heading text-align-left tablet-text-align-inherit mobile-text-align-inherit animate-false no-animation-type\" id=\"et-heading-686369\" data-delay=\"0\" data-mobile-font=\"24px\" data-mobile-line-height=\"inherit\" data-tablet-landscape-font=\"inherit\" data-tablet-portrait-font=\"inherit\" data-tablet-landscape-line-height=\"inherit\" data-tablet-portrait-line-height=\"inherit\" data-parallax=\"false\" data-move=\"false\" data-coordinatex=\"0\" data-coordinatey=\"0\" data-speed=\"10\"><span class=\"text-wrapper\"><span class=\"text\">Individuelle und nachhaltige <span style=\"color: #00599d;\">Entsorgung<\/span><\/span><\/span><\/h2><span class=\"et-gap et-clearfix et-gap-788339\"><\/span><a id=\"et-button-291448\" class=\"et-button icon-position-right modal-false large hover-fill click-none has-icon\" target=\"_self\" href=\"\/mercodor-2023\/kontakt\" data-animation-delay=\"0\" data-parallax=\"false\" data-move=\"false\" data-coordinatex=\"0\" data-coordinatey=\"0\" data-speed=\"10\"><span class=\"hover\"><\/span><span class=\"regular\"><\/span><span class=\"text\">Mehr erfahren<\/span><span class=\"icon ien ien-earrow-3\"><\/span><\/a><\/div><\/div><\/div><\/div><div class=\"vc_row wpb_row vc_inner vc_row-fluid vc_column-gap-0 vc-row-795222\"><div class=\"wpb_column vc_column_container vc_col-sm-12 vc_col-lg-12 vc_col-md-12 vc_col-xs-12 vc_col-has-fill\"><div class=\"vc_column-inner vc_custom_1694879081371\"><div class=\"wpb_wrapper\"><h6 class=\"et-heading text-align-left tablet-text-align-inherit mobile-text-align-inherit animate-false no-animation-type\" id=\"et-heading-204862\" data-delay=\"0\" data-mobile-font=\"inherit\" data-mobile-line-height=\"inherit\" data-tablet-landscape-font=\"inherit\" data-tablet-portrait-font=\"inherit\" data-tablet-landscape-line-height=\"inherit\" data-tablet-portrait-line-height=\"inherit\" data-parallax=\"false\" data-move=\"false\" data-coordinatex=\"0\" data-coordinatey=\"0\" data-speed=\"10\"><span class=\"text-wrapper\"><span class=\"text\">MERCODOR GmbH<br \/>\nSondermaschinenbau KG<\/span><\/span><\/h6><span class=\"et-gap et-clearfix et-gap-756832\"><\/span><p class=\"et-heading text-align-left tablet-text-align-inherit mobile-text-align-inherit animate-false no-animation-type\" id=\"et-heading-676288\" data-delay=\"0\" data-mobile-font=\"inherit\" data-mobile-line-height=\"inherit\" data-tablet-landscape-font=\"inherit\" data-tablet-portrait-font=\"inherit\" data-tablet-landscape-line-height=\"inherit\" data-tablet-portrait-line-height=\"inherit\" data-parallax=\"false\" data-move=\"false\" data-coordinatex=\"0\" data-coordinatey=\"0\" data-speed=\"10\"><span class=\"text-wrapper\"><span class=\"text\">Bonameser Str. 44 D-60433 Frankfurt am Main<\/span><\/span><\/p><div class=\"et-separator et-clearfix animate-false dashed left horizontal et-separator-887310\" data-delay=\"\"><div class=\"line\"><\/div><\/div><h6 class=\"et-heading text-align-left tablet-text-align-inherit mobile-text-align-inherit animate-false no-animation-type\" id=\"et-heading-149645\" data-delay=\"0\" data-mobile-font=\"inherit\" data-mobile-line-height=\"inherit\" data-tablet-landscape-font=\"inherit\" data-tablet-portrait-font=\"inherit\" data-tablet-landscape-line-height=\"inherit\" data-tablet-portrait-line-height=\"inherit\" data-parallax=\"false\" data-move=\"false\" data-coordinatex=\"0\" data-coordinatey=\"0\" data-speed=\"10\"><span class=\"text-wrapper\"><span class=\"text\">Telefon \/ Fax<\/span><\/span><\/h6><span class=\"et-gap et-clearfix et-gap-630497\"><\/span><p class=\"et-heading text-align-left tablet-text-align-inherit mobile-text-align-inherit animate-false no-animation-type\" id=\"et-heading-515846\" data-delay=\"0\" data-mobile-font=\"inherit\" data-mobile-line-height=\"inherit\" data-tablet-landscape-font=\"inherit\" data-tablet-portrait-font=\"inherit\" data-tablet-landscape-line-height=\"inherit\" data-tablet-portrait-line-height=\"inherit\" data-parallax=\"false\" data-move=\"false\" data-coordinatex=\"0\" data-coordinatey=\"0\" data-speed=\"10\"><span class=\"text-wrapper\"><span class=\"text\">+49 (69) 51 50 29<br \/>\n+49 (69) 95 29 45 57<\/span><\/span><\/p><div class=\"et-separator et-clearfix animate-false dashed left horizontal et-separator-887310\" data-delay=\"\"><div class=\"line\"><\/div><\/div><h6 class=\"et-heading text-align-left tablet-text-align-inherit mobile-text-align-inherit animate-false no-animation-type\" id=\"et-heading-64278\" data-delay=\"0\" data-mobile-font=\"inherit\" data-mobile-line-height=\"inherit\" data-tablet-landscape-font=\"inherit\" data-tablet-portrait-font=\"inherit\" data-tablet-landscape-line-height=\"inherit\" data-tablet-portrait-line-height=\"inherit\" data-parallax=\"false\" data-move=\"false\" data-coordinatex=\"0\" data-coordinatey=\"0\" data-speed=\"10\"><span class=\"text-wrapper\"><span class=\"text\">E-Mail<\/span><\/span><\/h6><span class=\"et-gap et-clearfix et-gap-809605\"><\/span><p class=\"et-heading text-align-left tablet-text-align-inherit mobile-text-align-inherit animate-false no-animation-type\" id=\"et-heading-771246\" data-delay=\"0\" data-mobile-font=\"inherit\" data-mobile-line-height=\"inherit\" data-tablet-landscape-font=\"inherit\" data-tablet-portrait-font=\"inherit\" data-tablet-landscape-line-height=\"inherit\" data-tablet-portrait-line-height=\"inherit\" data-parallax=\"false\" data-move=\"false\" data-coordinatex=\"0\" data-coordinatey=\"0\" data-speed=\"10\"><span class=\"text-wrapper\"><span class=\"text\">info[@]mercodor.de<\/span><\/span><\/p><div class=\"et-separator et-clearfix animate-false dashed left horizontal et-separator-887310\" data-delay=\"\"><div class=\"line\"><\/div><\/div><h6 class=\"et-heading text-align-left tablet-text-align-inherit mobile-text-align-inherit animate-false no-animation-type\" id=\"et-heading-462245\" data-delay=\"0\" data-mobile-font=\"inherit\" data-mobile-line-height=\"inherit\" data-tablet-landscape-font=\"inherit\" data-tablet-portrait-font=\"inherit\" data-tablet-landscape-line-height=\"inherit\" data-tablet-portrait-line-height=\"inherit\" data-parallax=\"false\" data-move=\"false\" data-coordinatex=\"0\" data-coordinatey=\"0\" data-speed=\"10\"><span class=\"text-wrapper\"><span class=\"text\">\u00d6ffnungszeiten<\/span><\/span><\/h6><span class=\"et-gap et-clearfix et-gap-809605\"><\/span><p class=\"et-heading text-align-left tablet-text-align-inherit mobile-text-align-inherit animate-false no-animation-type\" id=\"et-heading-935291\" data-delay=\"0\" data-mobile-font=\"inherit\" data-mobile-line-height=\"inherit\" data-tablet-landscape-font=\"inherit\" data-tablet-portrait-font=\"inherit\" data-tablet-landscape-line-height=\"inherit\" data-tablet-portrait-line-height=\"inherit\" data-parallax=\"false\" data-move=\"false\" data-coordinatex=\"0\" data-coordinatey=\"0\" data-speed=\"10\"><span class=\"text-wrapper\"><span class=\"text\">Mo-Fr: 08:00 &#8211; 18:00<br \/>\nSa-So: Geschlossen<\/span><\/span><\/p><\/div><\/div><\/div><\/div><div class=\"vc_row wpb_row vc_inner vc_row-fluid vc_column-gap-0 vc-row-795222\"><div class=\"wpb_column vc_column_container vc_col-sm-12 vc_col-lg-12 vc_col-md-12 vc_col-xs-12 vc_col-has-fill\"><div class=\"vc_column-inner vc_custom_1704632031414\"><div class=\"wpb_wrapper\"><h2 class=\"et-heading text-align-left tablet-text-align-inherit mobile-text-align-inherit animate-false no-animation-type\" id=\"et-heading-409418\" data-delay=\"0\" data-mobile-font=\"24px\" data-mobile-line-height=\"inherit\" data-tablet-landscape-font=\"inherit\" data-tablet-portrait-font=\"inherit\" data-tablet-landscape-line-height=\"inherit\" data-tablet-portrait-line-height=\"inherit\" data-parallax=\"false\" data-move=\"false\" data-coordinatex=\"0\" data-coordinatey=\"0\" data-speed=\"10\"><span class=\"text-wrapper\"><span class=\"text\">Entdecken Sie unsere <span class=\"et-gap et-clearfix et-gap-1\"><\/span> Produkte<\/span><\/span><\/h2><span class=\"et-gap et-clearfix et-gap-786080 hide767\"><\/span><a id=\"et-button-958929\" class=\"et-button icon-position-right modal-false large hover-fill click-none has-icon\" target=\"_self\" href=\"\/mercodor-2023\/produkte\" data-animation-delay=\"0\" data-parallax=\"false\" data-move=\"false\" data-coordinatex=\"0\" data-coordinatey=\"0\" data-speed=\"10\"><span class=\"hover\"><\/span><span class=\"regular\"><\/span><span class=\"text\">Mehr erfahren<\/span><span class=\"icon ien ien-earrow-3\"><\/span><\/a><\/div><\/div><\/div><\/div>\t\t<\/div>\n\t\t\t<\/div>\n<\/div><div class=\"wpb_column vc_column_container vc_col-sm-12 vc_col-lg-8 vc_col-md-7 vc_col-xs-12 text-align-none vc-column-21206\" >\n\t<div class=\"vc_column-inner \" >\n\t\t<div class=\"wpb_wrapper\">\n\t\t\t<h1 class=\"et-heading text-align-left tablet-text-align-inherit mobile-text-align-inherit animate-false no-animation-type mobile-none\" id=\"et-heading-510362\" data-delay=\"0\" data-mobile-font=\"inherit\" data-mobile-line-height=\"inherit\" data-tablet-landscape-font=\"inherit\" data-tablet-portrait-font=\"inherit\" data-tablet-landscape-line-height=\"inherit\" data-tablet-portrait-line-height=\"inherit\" data-parallax=\"false\" data-move=\"false\" data-coordinatex=\"0\" data-coordinatey=\"0\" data-speed=\"10\"><span class=\"text-wrapper\"><span class=\"text\">CNC-Fr\u00e4sen \u2013 Pr\u00e4zision nach Ma\u00df<br \/>\nmit Mercodor Zerkleinerungssystemen<\/span><\/span><\/h1><span class=\"et-gap et-clearfix et-gap-803736\"><\/span>\n<div class=\"wpb_text_column wpb_content_element \"  data-animation-delay=\"0\">\n\t<div class=\"wpb_wrapper\">\n\t\t<p data-start=\"108\" data-end=\"317\">Wir sind Ihr zuverl\u00e4ssiger Partner f\u00fcr hochpr\u00e4zise CNC-Fr\u00e4steile \u2013 von Einzelst\u00fccken bis zur Serienfertigung. Mit modernster Fr\u00e4stechnik und jahrelanger Erfahrung setzen wir Ihre Vorgaben millimetergenau um.<\/p>\n<h2 data-start=\"319\" data-end=\"359\"><strong data-start=\"322\" data-end=\"357\">Unsere Leistungen im CNC-Fr\u00e4sen<\/strong><\/h2>\n<p data-start=\"360\" data-end=\"757\">\u2714 <strong data-start=\"362\" data-end=\"382\">Pr\u00e4zisionsfr\u00e4sen<\/strong> \u2013 Hochgenaue Bearbeitung komplexer Geometrien<br data-start=\"428\" data-end=\"431\" \/>\u2714 <strong data-start=\"433\" data-end=\"462\">Einzel- &amp; Serienfertigung<\/strong> \u2013 Flexible Produktion f\u00fcr kleine und gro\u00dfe St\u00fcckzahlen<br data-start=\"517\" data-end=\"520\" \/>\u2714 <strong data-start=\"522\" data-end=\"539\">Prototypenbau<\/strong> \u2013 Schnelle Umsetzung individueller Projekte<br data-start=\"583\" data-end=\"586\" \/>\u2714 <strong data-start=\"588\" data-end=\"608\">Materialvielfalt<\/strong> \u2013 Bearbeitung von Aluminium, Stahl, Edelstahl, Kunststoffen u. v. m.<br data-start=\"677\" data-end=\"680\" \/>\u2714 <strong data-start=\"682\" data-end=\"708\">Oberfl\u00e4chenbearbeitung<\/strong> \u2013 Perfekte Endverarbeitung nach Ihren W\u00fcnschen<\/p>\n<h2 data-start=\"759\" data-end=\"791\"><strong data-start=\"762\" data-end=\"789\">Warum Mercodor?<\/strong><\/h2>\n<p data-start=\"792\" data-end=\"1028\">\ud83d\udd39 <strong data-start=\"795\" data-end=\"817\">H\u00f6chste Pr\u00e4zision:<\/strong> Modernste CNC-Technik f\u00fcr exakte Ergebnisse<br data-start=\"861\" data-end=\"864\" \/>\ud83d\udd39 <strong data-start=\"867\" data-end=\"892\">Effiziente Fertigung:<\/strong> Schnelle Durchlaufzeiten &amp; termingerechte Lieferung<br data-start=\"944\" data-end=\"947\" \/>\ud83d\udd39 <strong data-start=\"950\" data-end=\"976\">Individuelle L\u00f6sungen:<\/strong> Ma\u00dfgeschneiderte Fr\u00e4steile nach Kundenanforderung<\/p>\n<p data-start=\"1030\" data-end=\"1142\">Verlassen Sie sich auf unsere Expertise \u2013 wir fertigen Ihre CNC-Fr\u00e4steile mit h\u00f6chster Qualit\u00e4t und Pr\u00e4zision.<\/p>\n\t<\/div>\n<\/div>\n\n<span class=\"et-gap et-clearfix et-gap-261972\"><\/span><div class=\"vc_row wpb_row vc_inner vc_row-fluid vc_column-gap-24\"><div class=\"wpb_column vc_column_container vc_col-sm-6\"><div class=\"vc_column-inner vc_custom_1704632505570\"><div class=\"wpb_wrapper\"><div id=\"et-image-132892\" class=\"et-image alignnone curtain-left\" data-curtain=\"false\" data-animation-delay=\"0\" data-parallax=\"false\" data-move=\"false\" data-coordinatex=\"0\" data-coordinatey=\"0\" data-speed=\"10\"><img decoding=\"async\" width=\"t\" height=\"t\" src=\"https:\/\/mercodor.de\/wp-content\/uploads\/2025\/02\/metalworking-cnc-lathe-milling-machine-cutting-me-2023-11-27-05-23-53-utc-scaled.jpg\" alt=\"Mercodor Zerkleinerungsmaschinen\"><\/div><\/div><\/div><\/div><div class=\"wpb_column vc_column_container vc_col-sm-6\"><div class=\"vc_column-inner\"><div class=\"wpb_wrapper\"><div id=\"et-image-914061\" class=\"et-image alignnone curtain-left\" data-curtain=\"false\" data-animation-delay=\"0\" data-parallax=\"false\" data-move=\"false\" data-coordinatex=\"0\" data-coordinatey=\"0\" data-speed=\"10\"><img decoding=\"async\" width=\"t\" height=\"t\" src=\"https:\/\/mercodor.de\/wp-content\/uploads\/2025\/02\/metalworking-cnc-lathe-milling-machine-cutting-me-2023-11-27-05-34-30-utc-scaled.jpg\" alt=\"Mercodor Zerkleinerungsmaschinen\"><\/div><\/div><\/div><\/div><\/div><span class=\"et-gap et-clearfix et-gap-261972\"><\/span><span class=\"et-gap et-clearfix et-gap-918762\"><\/span><h5 class=\"et-heading text-align-left tablet-text-align-inherit mobile-text-align-inherit animate-false no-animation-type\" id=\"et-heading-347312\" data-delay=\"0\" data-mobile-font=\"inherit\" data-mobile-line-height=\"inherit\" data-tablet-landscape-font=\"inherit\" data-tablet-portrait-font=\"inherit\" data-tablet-landscape-line-height=\"inherit\" data-tablet-portrait-line-height=\"inherit\" data-parallax=\"false\" data-move=\"false\" data-coordinatex=\"0\" data-coordinatey=\"0\" data-speed=\"10\"><span class=\"text-wrapper\"><span class=\"text\">Nennen Sie uns Ihre Anforderungen. Wir beraten und informieren Sie gerne.<\/span><\/span><\/h5><span class=\"et-gap et-clearfix et-gap-108218\"><\/span><div class=\"vc_row wpb_row vc_inner vc_row-fluid vc_custom_1694877358505 vc_column-gap-24 vc-row-424112\"><div class=\"wpb_column vc_column_container vc_col-sm-12\"><div class=\"vc_column-inner\"><div class=\"wpb_wrapper\"><span class=\"et-gap et-clearfix et-gap-108218\"><\/span><div class=\"wpcf7 no-js\" id=\"wpcf7-f5-o1\" lang=\"de-DE\" dir=\"ltr\" data-wpcf7-id=\"5\"><div class=\"screen-reader-response\"><p role=\"status\" aria-live=\"polite\" aria-atomic=\"true\"><\/p><ul><\/ul><\/div><form action=\"\/es\/wp-json\/wp\/v2\/pages\/19099#wpcf7-f5-o1\" method=\"post\" class=\"wpcf7-form init\" aria-label=\"Kontaktformular\" novalidate=\"novalidate\" data-status=\"init\"><fieldset class=\"hidden-fields-container\"><input type=\"hidden\" name=\"_wpcf7\" value=\"5\" \/><input type=\"hidden\" name=\"_wpcf7_version\" value=\"6.1.5\" \/><input type=\"hidden\" name=\"_wpcf7_locale\" value=\"de_DE\" \/><input type=\"hidden\" name=\"_wpcf7_unit_tag\" value=\"wpcf7-f5-o1\" \/><input type=\"hidden\" name=\"_wpcf7_container_post\" value=\"0\" \/><input type=\"hidden\" name=\"_wpcf7_posted_data_hash\" value=\"\" \/><\/fieldset><p><label> Name<br \/><span class=\"wpcf7-form-control-wrap\" data-name=\"your-name\"><input size=\"40\" maxlength=\"400\" class=\"wpcf7-form-control wpcf7-text wpcf7-validates-as-required\" autocomplete=\"name\" aria-required=\"true\" aria-invalid=\"false\" value=\"\" type=\"text\" name=\"your-name\" \/><\/span><\/label><\/p><p><label> E-Mail<br \/><span class=\"wpcf7-form-control-wrap\" data-name=\"your-email\"><input size=\"40\" maxlength=\"400\" class=\"wpcf7-form-control wpcf7-email wpcf7-validates-as-required wpcf7-text wpcf7-validates-as-email\" autocomplete=\"email\" aria-required=\"true\" aria-invalid=\"false\" value=\"\" type=\"email\" name=\"your-email\" \/><\/span><\/label><\/p><p><label> Betreff<br \/><span class=\"wpcf7-form-control-wrap\" data-name=\"your-subject\"><input size=\"40\" maxlength=\"400\" class=\"wpcf7-form-control wpcf7-text wpcf7-validates-as-required\" aria-required=\"true\" aria-invalid=\"false\" value=\"\" type=\"text\" name=\"your-subject\" \/><\/span><\/label><\/p><p><label> Nachricht<br \/><span class=\"wpcf7-form-control-wrap\" data-name=\"your-message\"><textarea cols=\"40\" rows=\"10\" maxlength=\"2000\" class=\"wpcf7-form-control wpcf7-textarea\" aria-invalid=\"false\" name=\"your-message\"><\/textarea><\/span><\/label><br \/><div class=\"cf7-cf-turnstile\" style=\"margin-top: 0px; margin-bottom: -15px;\"><div id=\"cf-turnstile-cf7-2200174005\" class=\"cf-turnstile\" data-sitekey=\"0x4AAAAAABeBQphzeTfvJrn0\" data-theme=\"light\" data-language=\"auto\" data-size=\"normal\" data-retry=\"auto\" data-retry-interval=\"1000\" data-refresh-expired=\"auto\" data-action=\"contact-form-7\" data-appearance=\"always\"><\/div><script>document.addEventListener(\"DOMContentLoaded\", function() { setTimeout(function(){ var e=document.getElementById(\"cf-turnstile-cf7-2200174005\"); e&&!e.innerHTML.trim()&&(turnstile.remove(\"#cf-turnstile-cf7-2200174005\"), turnstile.render(\"#cf-turnstile-cf7-2200174005\", {sitekey:\"0x4AAAAAABeBQphzeTfvJrn0\"})); }, 100); });<\/script><br class=\"cf-turnstile-br cf-turnstile-br-cf7-2200174005\"><style>#cf-turnstile-cf7-2200174005 { margin-left: -15px; }<\/style><script>document.addEventListener(\"DOMContentLoaded\",function(){document.querySelectorAll('.wpcf7-form').forEach(function(e){e.addEventListener('submit',function(){if(document.getElementById('cf-turnstile-cf7-2200174005')){setTimeout(function(){turnstile.reset('#cf-turnstile-cf7-2200174005');},1000)}})})});<\/script><\/div><p><input class=\"wpcf7-form-control wpcf7-submit has-spinner\" type=\"submit\" value=\"Absenden\" \/><\/p><div class=\"wpcf7-response-output\" aria-hidden=\"true\"><\/div><\/form><\/div><\/div><\/div><\/div><\/div>\t\t<\/div>\n\t\t\t<\/div>\n<\/div>\t<\/div>\n\t\t<\/div>\n<\/div>","protected":false},"excerpt":{"rendered":"Individuelle und nachhaltige EntsorgungMehr erfahrenMERCODOR GmbH Sondermaschinenbau KGBonameser Str. 44 D-60433 Frankfurt am MainTelefon \/ Fax+49 (69) 51 50 29 +49 (69) 95 29 45 57E-Mailinfo[@]mercodor.de\u00d6ffnungszeitenMo-Fr: 08:00 - 18:00 Sa-So: GeschlossenEntdecken Sie unsere ProdukteMehr erfahren CNC-Fr\u00e4sen \u2013 Pr\u00e4zision nach Ma\u00df mit Mercodor Zerkleinerungssystemen Wir sind Ihr zuverl\u00e4ssiger Partner f\u00fcr hochpr\u00e4zise CNC-Fr\u00e4steile \u2013 von Einzelst\u00fccken bis [...]","protected":false},"author":1,"featured_media":0,"parent":0,"menu_order":0,"comment_status":"closed","ping_status":"closed","template":"","meta":{"footnotes":""},"class_list":["post-19099","page","type-page","status-publish","hentry"],"_links":{"self":[{"href":"https:\/\/mercodor.de\/es\/wp-json\/wp\/v2\/pages\/19099","targetHints":{"allow":["GET"]}}],"collection":[{"href":"https:\/\/mercodor.de\/es\/wp-json\/wp\/v2\/pages"}],"about":[{"href":"https:\/\/mercodor.de\/es\/wp-json\/wp\/v2\/types\/page"}],"author":[{"embeddable":true,"href":"https:\/\/mercodor.de\/es\/wp-json\/wp\/v2\/users\/1"}],"replies":[{"embeddable":true,"href":"https:\/\/mercodor.de\/es\/wp-json\/wp\/v2\/comments?post=19099"}],"version-history":[{"count":7,"href":"https:\/\/mercodor.de\/es\/wp-json\/wp\/v2\/pages\/19099\/revisions"}],"predecessor-version":[{"id":19130,"href":"https:\/\/mercodor.de\/es\/wp-json\/wp\/v2\/pages\/19099\/revisions\/19130"}],"wp:attachment":[{"href":"https:\/\/mercodor.de\/es\/wp-json\/wp\/v2\/media?parent=19099"}],"curies":[{"name":"wp","href":"https:\/\/api.w.org\/{rel}","templated":true}]}}