{"id":18194,"date":"2023-09-22T15:49:58","date_gmt":"2023-09-22T13:49:58","guid":{"rendered":"https:\/\/mercodor.de\/?page_id=18194"},"modified":"2024-01-25T14:36:51","modified_gmt":"2024-01-25T13:36:51","slug":"mercodor-zerkleinerungsmaschine-zm-3","status":"publish","type":"page","link":"https:\/\/mercodor.de\/es\/mercodor-zerkleinerungsmaschine-zm-3\/","title":{"rendered":"Trituradora Mercodor ZM 3"},"content":{"rendered":"<div class=\"wpb-content-wrapper\"><div class=\"vc_row wpb_row vc_row-fluid vc_custom_1698765444591 vc_column-gap-64 vc-row-728081\" >\n\t<div class=\"container et-clearfix\">\n\t\t<div class=\"wpb_column vc_column_container vc_col-sm-12 vc_col-lg-4 vc_col-md-5 vc_col-xs-12 text-align-none vc-column-195820\" >\n\t<div class=\"vc_column-inner\" >\n\t\t<div class=\"wpb_wrapper\">\n\t\t\t<div class=\"vc_row wpb_row vc_inner vc_row-fluid vc_custom_1698766523613 vc_column-gap-0 vc-row-939647\"><div class=\"wpb_column vc_column_container vc_col-sm-12 vc_col-lg-12 vc_col-md-12 vc_col-xs-12\"><div class=\"vc_column-inner\"><div class=\"wpb_wrapper\"><h1 class=\"et-heading text-align-left tablet-text-align-inherit mobile-text-align-inherit animate-false no-animation-type\" id=\"et-heading-343497\" data-delay=\"0\" data-mobile-font=\"inherit\" data-mobile-line-height=\"inherit\" data-tablet-landscape-font=\"inherit\" data-tablet-portrait-font=\"inherit\" data-tablet-landscape-line-height=\"inherit\" data-tablet-portrait-line-height=\"inherit\" data-parallax=\"false\" data-move=\"false\" data-coordinatex=\"0\" data-coordinatey=\"0\" data-speed=\"10\"><span class=\"text-wrapper\"><span class=\"text\">Productos<\/span><\/span><\/h1><span class=\"et-gap et-clearfix et-gap-102749\"><\/span><\/div><\/div><\/div><\/div><div class=\"vc_row wpb_row vc_inner vc_row-fluid vc_column-gap-0 vc-row-215354\"><div class=\"wpb_column vc_column_container vc_col-sm-12 vc_col-lg-12 vc_col-md-12 vc_col-xs-12\"><div class=\"vc_column-inner\"><div class=\"wpb_wrapper\"><div  class=\"vc_wp_custommenu wpb_content_element\"><div class=\"widget widget_nav_menu\"><div class=\"menu-simple-menu-container\"><ul id=\"menu-simple-menu\" class=\"menu\"><li id=\"menu-item-18166\" class=\"menu-item menu-item-type-post_type menu-item-object-page menu-item-18166\"><a href=\"https:\/\/mercodor.de\/es\/mercodor-zerkleinerungsmaschine-zm-1-44\/\">Trituradora Mercodor ZM 1\/44<\/a><\/li><li id=\"menu-item-18171\" class=\"menu-item menu-item-type-post_type menu-item-object-page menu-item-18171\"><a href=\"https:\/\/mercodor.de\/es\/mercodor-zerkleinerungsmaschine-zm-380\/\">Trituradora Mercodor ZM 380<\/a><\/li><li id=\"menu-item-18177\" class=\"menu-item menu-item-type-post_type menu-item-object-page menu-item-18177\"><a href=\"https:\/\/mercodor.de\/es\/mercodor-zerkleinerungsmaschine-fz-5\/\">Trituradora Mercodor FZ 5<\/a><\/li><li id=\"menu-item-18179\" class=\"menu-item menu-item-type-post_type menu-item-object-page menu-item-18179\"><a href=\"https:\/\/mercodor.de\/es\/mercodor-zerkleinerungsmaschinen-mz\/\">Trituradoras Mercodor MZ<\/a><\/li><li id=\"menu-item-18187\" class=\"menu-item menu-item-type-post_type menu-item-object-page menu-item-18187\"><a href=\"https:\/\/mercodor.de\/es\/mercodor-zerkleinerungsmaschine-zm-1\/\">Trituradora Mercodor ZM 1<\/a><\/li><li id=\"menu-item-18190\" class=\"menu-item menu-item-type-post_type menu-item-object-page menu-item-18190\"><a href=\"https:\/\/mercodor.de\/es\/mercodor-zerkleinerungsmaschine-zm-2\/\">Trituradora Mercodor ZM 2<\/a><\/li><li id=\"menu-item-18196\" class=\"menu-item menu-item-type-post_type menu-item-object-page menu-item-18196\"><a href=\"https:\/\/mercodor.de\/es\/mercodor-zerkleinerungsmaschine-zm-3\/\">Trituradora Mercodor ZM 3<\/a><\/li><li id=\"menu-item-18193\" class=\"menu-item menu-item-type-post_type menu-item-object-page menu-item-18193\"><a href=\"https:\/\/mercodor.de\/es\/mercodor-zerkleinerungsmaschine-zm-44\/\">Trituradora Mercodor ZM 44<\/a><\/li><li id=\"menu-item-18199\" class=\"menu-item menu-item-type-post_type menu-item-object-page menu-item-18199\"><a href=\"https:\/\/mercodor.de\/es\/mercodor-zerkleinerungsmaschine-zm-52\/\">Trituradora Mercodor ZM 52<\/a><\/li><li id=\"menu-item-18202\" class=\"menu-item menu-item-type-post_type menu-item-object-page menu-item-18202\"><a href=\"https:\/\/mercodor.de\/es\/mercodor-zerkleinerungsmaschine-zm-54\/\">Trituradora Mercodor ZM 54<\/a><\/li><\/ul><\/div><\/div><\/div><\/div><\/div><\/div><\/div><div class=\"vc_row wpb_row vc_inner vc_row-fluid vc_column-gap-0 vc-row-795222\"><div class=\"wpb_column vc_column_container vc_col-sm-12 vc_col-lg-12 vc_col-md-12 vc_col-xs-12 vc_col-has-fill\"><div class=\"vc_column-inner vc_custom_1548940591523\"><div class=\"wpb_wrapper\"><h3 class=\"et-heading text-align-left tablet-text-align-inherit mobile-text-align-inherit animate-false no-animation-type\" id=\"et-heading-424120\" data-delay=\"0\" data-mobile-font=\"24px\" data-mobile-line-height=\"inherit\" data-tablet-landscape-font=\"inherit\" data-tablet-portrait-font=\"inherit\" data-tablet-landscape-line-height=\"inherit\" data-tablet-portrait-line-height=\"inherit\" data-parallax=\"false\" data-move=\"false\" data-coordinatex=\"0\" data-coordinatey=\"0\" data-speed=\"10\"><span class=\"text-wrapper\"><span class=\"text\">50 a\u00f1os<\/span><\/span><\/h3><div class=\"wpb_text_column wpb_content_element\"  data-animation-delay=\"0\"><div class=\"wpb_wrapper\"><h1>Mercodor<\/h1><\/div><\/div><span class=\"et-gap et-clearfix et-gap-788339\"><\/span><a id=\"et-button-420847\" class=\"et-button icon-position-right modal-false large hover-fill click-none has-icon\" target=\"_self\" href=\"\/es\/mercodor-2023\/unternehmen\/\" data-animation-delay=\"0\" data-parallax=\"false\" data-move=\"false\" data-coordinatex=\"0\" data-coordinatey=\"0\" data-speed=\"10\"><span class=\"hover\"><\/span><span class=\"regular\"><\/span><span class=\"text\">M\u00e1s informaci\u00f3n<\/span><span class=\"icon ien ien-earrow-3\"><\/span><\/a><\/div><\/div><\/div><\/div>\t\t<\/div>\n\t\t\t<\/div>\n<\/div><div class=\"wpb_column vc_column_container vc_col-sm-12 vc_col-lg-8 vc_col-md-7 vc_col-xs-12 text-align-none vc-column-21206\" >\n\t<div class=\"vc_column-inner\" >\n\t\t<div class=\"wpb_wrapper\">\n\t\t\t<h1 class=\"et-heading text-align-left tablet-text-align-inherit mobile-text-align-inherit animate-false no-animation-type\" id=\"et-heading-876177\" data-delay=\"0\" data-mobile-font=\"inherit\" data-mobile-line-height=\"inherit\" data-tablet-landscape-font=\"inherit\" data-tablet-portrait-font=\"inherit\" data-tablet-landscape-line-height=\"inherit\" data-tablet-portrait-line-height=\"inherit\" data-parallax=\"false\" data-move=\"false\" data-coordinatex=\"0\" data-coordinatey=\"0\" data-speed=\"10\"><span class=\"text-wrapper\"><span class=\"text\">Trituradora Mercodor ZM 3<\/span><\/span><\/h1><span class=\"et-gap et-clearfix et-gap-70441\"><\/span>\n<div class=\"wpb_text_column wpb_content_element\"  data-animation-delay=\"0\">\n\t<div class=\"wpb_wrapper\">\n\t\t<p>Las m\u00e1quinas trituradoras Mercodor son la soluci\u00f3n ideal para que las operaciones comerciales e industriales reduzcan de forma eficaz y econ\u00f3mica el volumen de residuos. Gracias al ajuste personalizado de las cuchillas de corte y a los insertos especiales, la trituradora puede dise\u00f1arse siempre en funci\u00f3n del material a triturar y del tama\u00f1o del material de desecho.<\/p>\n\t<\/div>\n<\/div>\n\n<span class=\"et-gap et-clearfix et-gap-727668\"><\/span><div id=\"et-gallery-199195\" class=\"et-gallery et-item-set carousel effect-none navigation-only-arrows owl-carousel\" data-columns=\"2\" data-gap=\"32\" data-autoplay=\"true\"><div class=\"et-item et-gallery-item\"><div class=\"et-item-inner\"><div class=\"image-container\"><div class=\"image-preloader\"><\/div><img loading=\"lazy\" decoding=\"async\" alt=\"Mercodor Zerkleinerungsmaschinen und Zerkleinerungsanlagen - Entsorgung von Abf\u00e4llen\" width=\"300\" height=\"217\" src=\"https:\/\/mercodor.de\/wp-content\/uploads\/2018\/09\/zm3-maschine6-300x217-1.jpeg\"><\/div><\/div><\/div><div class=\"et-item et-gallery-item\"><div class=\"et-item-inner\"><div class=\"image-container\"><div class=\"image-preloader\"><\/div><img loading=\"lazy\" decoding=\"async\" alt=\"Mercodor Zerkleinerungsmaschinen und Zerkleinerungsanlagen - Entsorgung von Abf\u00e4llen\" width=\"300\" height=\"217\" src=\"https:\/\/mercodor.de\/wp-content\/uploads\/2018\/09\/zm3-maschine5-300x217-1.jpeg\"><\/div><\/div><\/div><div class=\"et-item et-gallery-item\"><div class=\"et-item-inner\"><div class=\"image-container\"><div class=\"image-preloader\"><\/div><img loading=\"lazy\" decoding=\"async\" alt=\"Mercodor Zerkleinerungsmaschinen und Zerkleinerungsanlagen - Entsorgung von Abf\u00e4llen\" width=\"300\" height=\"217\" src=\"https:\/\/mercodor.de\/wp-content\/uploads\/2018\/09\/zm3-maschine2-300x217-1.jpeg\"><\/div><\/div><\/div><div class=\"et-item et-gallery-item\"><div class=\"et-item-inner\"><div class=\"image-container\"><div class=\"image-preloader\"><\/div><img loading=\"lazy\" decoding=\"async\" alt=\"Mercodor Zerkleinerungsmaschinen und Zerkleinerungsanlagen - Entsorgung von Abf\u00e4llen\" width=\"300\" height=\"217\" src=\"https:\/\/mercodor.de\/wp-content\/uploads\/2018\/09\/zm3-maschine-300x217-1.jpeg\"><\/div><\/div><\/div><div class=\"et-item et-gallery-item\"><div class=\"et-item-inner\"><div class=\"image-container\"><div class=\"image-preloader\"><\/div><img loading=\"lazy\" decoding=\"async\" alt=\"Mercodor Zerkleinerungsmaschinen und Zerkleinerungsanlagen - Entsorgung von Abf\u00e4llen\" width=\"300\" height=\"217\" src=\"https:\/\/mercodor.de\/wp-content\/uploads\/2018\/09\/zm3-maschine4-300x217-1.jpeg\"><\/div><\/div><\/div><div class=\"et-item et-gallery-item\"><div class=\"et-item-inner\"><div class=\"image-container\"><div class=\"image-preloader\"><\/div><img loading=\"lazy\" decoding=\"async\" alt=\"Mercodor Zerkleinerungsmaschinen und Zerkleinerungsanlagen - Entsorgung von Abf\u00e4llen\" width=\"300\" height=\"217\" src=\"https:\/\/mercodor.de\/wp-content\/uploads\/2018\/09\/zm3-maschine3-300x217-1.jpeg\"><\/div><\/div><\/div><\/div><span class=\"et-gap et-clearfix et-gap-282797\"><\/span>\n<div class=\"wpb_text_column wpb_content_element\"  data-animation-delay=\"0\">\n\t<div class=\"wpb_wrapper\">\n\t\t<h3>Informaci\u00f3n t\u00e9cnica sobre el triturador Mercodor tipo ZM 3<\/h3>\n\t<\/div>\n<\/div>\n\n<span class=\"et-gap et-clearfix et-gap-803736\"><\/span><div class=\"vc_row wpb_row vc_inner vc_row-fluid vc_column-gap-24\"><div class=\"wpb_column vc_column_container vc_col-sm-6\"><div class=\"vc_column-inner\"><div class=\"wpb_wrapper\"><div class=\"wpb_text_column wpb_content_element\"  data-animation-delay=\"0\"><div class=\"wpb_wrapper\"><p><strong>Unidad de corte:<\/strong><\/p><p><strong>Tipo:<\/strong> ZM 3<br \/><strong>C\u00e1mara de corte (mm):<\/strong> 500 x 500 mm<br \/><strong>C\u00e1mara de corte (mm):<\/strong> 500 x 800 mm<br \/><strong>Accionamiento (kW):<\/strong> 7,5\/11\/15<br \/><strong>Tamiz perforado \u00d8 (mm):<\/strong> -<br \/><strong>Rendimiento\/h:<\/strong> 250 - 400 kg<br \/><strong>Peso (kg):<\/strong> 1500 kg<\/p><\/div><\/div><\/div><\/div><\/div><div class=\"wpb_column vc_column_container vc_col-sm-6\"><div class=\"vc_column-inner\"><div class=\"wpb_wrapper\"><div class=\"wpb_text_column wpb_content_element  mobile-margin-top\"  data-animation-delay=\"0\"><div class=\"wpb_wrapper\"><p style=\"text-align: left;\"><strong>\u00c1mbitos de aplicaci\u00f3n:<\/strong><\/p><ul><li style=\"text-align: left;\">Residuos industriales de gran volumen - chapa y<\/li><li style=\"text-align: left;\">Envases de pl\u00e1stico, embalajes de cart\u00f3n, l\u00e1minas, restos de pal\u00e9s<\/li><li style=\"text-align: left;\">Residuos de producci\u00f3n<\/li><li style=\"text-align: left;\">Carpetas de archivos, listas EDP, discos, CDs<\/li><li style=\"text-align: left;\">Residuos hospitalarios<\/li><li style=\"text-align: left;\">Comida, sobras<\/li><li style=\"text-align: left;\">Reciclado de materias primas: vidrio, pl\u00e1stico y papel<\/li><li style=\"text-align: left;\">etc.<\/li><\/ul><\/div><\/div><\/div><\/div><\/div><\/div><span class=\"et-gap et-clearfix et-gap-480999\"><\/span>\n<div class=\"wpb_text_column wpb_content_element\"  data-animation-delay=\"0\">\n\t<div class=\"wpb_wrapper\">\n\t\t<p>Sujeto a cambios t\u00e9cnicos. Productos personalizados previa solicitud.<\/p>\n\t<\/div>\n<\/div>\n\n<span class=\"et-gap et-clearfix et-gap-261972\"><\/span><div class=\"vc_separator wpb_content_element vc_separator_align_center vc_sep_width_100 vc_sep_pos_align_center vc_separator_no_text vc_sep_color_grey wpb_content_element  wpb_content_element\" ><span class=\"vc_sep_holder vc_sep_holder_l\"><span class=\"vc_sep_line\"><\/span><\/span><span class=\"vc_sep_holder vc_sep_holder_r\"><span class=\"vc_sep_line\"><\/span><\/span>\n<\/div><span class=\"et-gap et-clearfix et-gap-473100\"><\/span><h5 class=\"et-heading text-align-left tablet-text-align-inherit mobile-text-align-inherit animate-false no-animation-type\" id=\"et-heading-347312\" data-delay=\"0\" data-mobile-font=\"inherit\" data-mobile-line-height=\"inherit\" data-tablet-landscape-font=\"inherit\" data-tablet-portrait-font=\"inherit\" data-tablet-landscape-line-height=\"inherit\" data-tablet-portrait-line-height=\"inherit\" data-parallax=\"false\" data-move=\"false\" data-coordinatex=\"0\" data-coordinatey=\"0\" data-speed=\"10\"><span class=\"text-wrapper\"><span class=\"text\">D\u00edganos cu\u00e1les son sus necesidades. Estaremos encantados de asesorarle e informarle.<\/span><\/span><\/h5><div class=\"vc_row wpb_row vc_inner vc_row-fluid vc_custom_1694877358505 vc_column-gap-24 vc-row-424112\"><div class=\"wpb_column vc_column_container vc_col-sm-12\"><div class=\"vc_column-inner\"><div class=\"wpb_wrapper\"><span class=\"et-gap et-clearfix et-gap-108218\"><\/span><div class=\"wpcf7 no-js\" id=\"wpcf7-f5-o1\" lang=\"de-DE\" dir=\"ltr\" data-wpcf7-id=\"5\"><div class=\"screen-reader-response\"><p role=\"status\" aria-live=\"polite\" aria-atomic=\"true\"><\/p><ul><\/ul><\/div><form action=\"\/es\/wp-json\/wp\/v2\/pages\/18194#wpcf7-f5-o1\" method=\"post\" class=\"wpcf7-form init\" aria-label=\"Kontaktformular\" novalidate=\"novalidate\" data-status=\"init\" data-trp-original-action=\"\/es\/wp-json\/wp\/v2\/pages\/18194#wpcf7-f5-o1\"><fieldset class=\"hidden-fields-container\"><input type=\"hidden\" name=\"_wpcf7\" value=\"5\" \/><input type=\"hidden\" name=\"_wpcf7_version\" value=\"6.1.5\" \/><input type=\"hidden\" name=\"_wpcf7_locale\" value=\"de_DE\" \/><input type=\"hidden\" name=\"_wpcf7_unit_tag\" value=\"wpcf7-f5-o1\" \/><input type=\"hidden\" name=\"_wpcf7_container_post\" value=\"0\" \/><input type=\"hidden\" name=\"_wpcf7_posted_data_hash\" value=\"\" \/><\/fieldset><p><label> Nombre<br \/><span class=\"wpcf7-form-control-wrap\" data-name=\"your-name\"><input size=\"40\" maxlength=\"400\" class=\"wpcf7-form-control wpcf7-text wpcf7-validates-as-required\" autocomplete=\"name\" aria-required=\"true\" aria-invalid=\"false\" value=\"\" type=\"text\" name=\"your-name\" \/><\/span><\/label><\/p><p><label> correo electr\u00f3nico<br \/><span class=\"wpcf7-form-control-wrap\" data-name=\"your-email\"><input size=\"40\" maxlength=\"400\" class=\"wpcf7-form-control wpcf7-email wpcf7-validates-as-required wpcf7-text wpcf7-validates-as-email\" autocomplete=\"email\" aria-required=\"true\" aria-invalid=\"false\" value=\"\" type=\"email\" name=\"your-email\" \/><\/span><\/label><\/p><p><label> Asunto<br \/><span class=\"wpcf7-form-control-wrap\" data-name=\"your-subject\"><input size=\"40\" maxlength=\"400\" class=\"wpcf7-form-control wpcf7-text wpcf7-validates-as-required\" aria-required=\"true\" aria-invalid=\"false\" value=\"\" type=\"text\" name=\"your-subject\" \/><\/span><\/label><\/p><p><label> Mensaje<br \/><span class=\"wpcf7-form-control-wrap\" data-name=\"your-message\"><textarea cols=\"40\" rows=\"10\" maxlength=\"2000\" class=\"wpcf7-form-control wpcf7-textarea\" aria-invalid=\"false\" name=\"your-message\"><\/textarea><\/span><\/label><br \/><div class=\"cf7-cf-turnstile\" style=\"margin-top: 0px; margin-bottom: -15px;\"><div id=\"cf-turnstile-cf7-3043194965\" class=\"cf-turnstile\" data-sitekey=\"0x4AAAAAABeBQphzeTfvJrn0\" data-theme=\"light\" data-language=\"auto\" data-size=\"normal\" data-retry=\"auto\" data-retry-interval=\"1000\" data-refresh-expired=\"auto\" data-action=\"contact-form-7\" data-appearance=\"always\"><\/div><script>document.addEventListener(\"DOMContentLoaded\", function() { setTimeout(function(){ var e=document.getElementById(\"cf-turnstile-cf7-3043194965\"); e&&!e.innerHTML.trim()&&(turnstile.remove(\"#cf-turnstile-cf7-3043194965\"), turnstile.render(\"#cf-turnstile-cf7-3043194965\", {sitekey:\"0x4AAAAAABeBQphzeTfvJrn0\"})); }, 100); });<\/script><br class=\"cf-turnstile-br cf-turnstile-br-cf7-3043194965\"><style>#cf-turnstile-cf7-3043194965 { margin-left: -15px; }<\/style><script>document.addEventListener(\"DOMContentLoaded\",function(){document.querySelectorAll('.wpcf7-form').forEach(function(e){e.addEventListener('submit',function(){if(document.getElementById('cf-turnstile-cf7-3043194965')){setTimeout(function(){turnstile.reset('#cf-turnstile-cf7-3043194965');},1000)}})})});<\/script><\/div><p><input class=\"wpcf7-form-control wpcf7-submit has-spinner\" type=\"submit\" value=\"Env\u00edo de\" \/><\/p><div class=\"wpcf7-response-output\" aria-hidden=\"true\"><\/div><input type=\"hidden\" name=\"trp-form-language\" value=\"es\"\/><\/form><\/div><\/div><\/div><\/div><\/div>\t\t<\/div>\n\t\t\t<\/div>\n<\/div>\t<\/div>\n\t\t<\/div>\n<\/div>","protected":false},"excerpt":{"rendered":"Produkt\u00fcbersichtMercodor Zerkleinerungsmaschine ZM 1\/44Mercodor Zerkleinerungsmaschine ZM 380Mercodor Zerkleinerungsmaschine FZ 5Mercodor Zerkleinerungsmaschinen MZMercodor Zerkleinerungsmaschine ZM 1Mercodor Zerkleinerungsmaschine ZM 2Mercodor Zerkleinerungsmaschine ZM 3Mercodor Zerkleinerungsmaschine ZM 44Mercodor Zerkleinerungsmaschine ZM 52Mercodor Zerkleinerungsmaschine ZM 5450 JahreMercodorMehr erfahren Mercodor Zerkleinerungsmaschine ZM 3 Mercodor Zerkleinerungsmaschinen sind die ideale L\u00f6sung f\u00fcr Gewerbebetriebe und Industriebetriebe zur effektiven, wirtschaftlichen Reduzierung des Abfallvolumens. Durch die individuelle [...]","protected":false},"author":1,"featured_media":18110,"parent":0,"menu_order":0,"comment_status":"closed","ping_status":"closed","template":"page-vc.php","meta":{"footnotes":""},"class_list":["post-18194","page","type-page","status-publish","has-post-thumbnail","hentry"],"_links":{"self":[{"href":"https:\/\/mercodor.de\/es\/wp-json\/wp\/v2\/pages\/18194","targetHints":{"allow":["GET"]}}],"collection":[{"href":"https:\/\/mercodor.de\/es\/wp-json\/wp\/v2\/pages"}],"about":[{"href":"https:\/\/mercodor.de\/es\/wp-json\/wp\/v2\/types\/page"}],"author":[{"embeddable":true,"href":"https:\/\/mercodor.de\/es\/wp-json\/wp\/v2\/users\/1"}],"replies":[{"embeddable":true,"href":"https:\/\/mercodor.de\/es\/wp-json\/wp\/v2\/comments?post=18194"}],"version-history":[{"count":6,"href":"https:\/\/mercodor.de\/es\/wp-json\/wp\/v2\/pages\/18194\/revisions"}],"predecessor-version":[{"id":19060,"href":"https:\/\/mercodor.de\/es\/wp-json\/wp\/v2\/pages\/18194\/revisions\/19060"}],"wp:featuredmedia":[{"embeddable":true,"href":"https:\/\/mercodor.de\/es\/wp-json\/wp\/v2\/media\/18110"}],"wp:attachment":[{"href":"https:\/\/mercodor.de\/es\/wp-json\/wp\/v2\/media?parent=18194"}],"curies":[{"name":"wp","href":"https:\/\/api.w.org\/{rel}","templated":true}]}}