{"id":18133,"date":"2023-09-19T11:58:20","date_gmt":"2023-09-19T09:58:20","guid":{"rendered":"https:\/\/mercodor.de\/?page_id=18133"},"modified":"2024-01-25T14:24:02","modified_gmt":"2024-01-25T13:24:02","slug":"unsere-produkte","status":"publish","type":"page","link":"https:\/\/mercodor.de\/es\/unsere-produkte\/","title":{"rendered":"Productos"},"content":{"rendered":"<div class=\"wpb-content-wrapper\"><div class=\"vc_row wpb_row vc_row-fluid vc_column-gap-24\" >\n\t<div class=\"container et-clearfix\">\n\t\t<div class=\"wpb_column vc_column_container vc_col-sm-12 text-align-none\" >\n\t<div class=\"vc_column-inner\" >\n\t\t<div class=\"wpb_wrapper\">\n\t\t\t\t\t<\/div>\n\t\t\t<\/div>\n<\/div>\t<\/div>\n\t\t<\/div><div data-bottom-gradient=\"true\" data-grid-overlay=\"black\" class=\"vc_row wpb_row vc_row-fluid vc_custom_1699033560669 vc_row-has-fill vc-row-999045 grid-overlay-active\" >\n\t<div class=\"container et-clearfix\">\n\t\t<div class=\"wpb_column vc_column_container vc_col-sm-4 text-align-none\" >\n\t<div class=\"vc_column-inner\" >\n\t\t<div class=\"wpb_wrapper\">\n\t\t\t\n\t<div  class=\"wpb_single_image wpb_content_element vc_align_left wpb_content_element\">\n\t\t\n\t\t<figure class=\"wpb_wrapper vc_figure\">\n\t\t\t<div class=\"vc_single_image-wrapper vc_box_shadow_border  vc_box_border_grey\"><img loading=\"lazy\" decoding=\"async\" width=\"300\" height=\"217\" src=\"https:\/\/mercodor.de\/wp-content\/uploads\/2019\/01\/EZM144-maschine4-1-300x217-1.jpeg\" class=\"vc_single_image-img attachment-full\" alt=\"Produkte\" title=\"EZM144-maschine4-1-300x217\" data-responsive-images=\"false\" \/><\/div>\n\t\t<\/figure>\n\t<\/div>\n\t\t<\/div>\n\t\t\t<\/div>\n<\/div><div class=\"wpb_column vc_column_container vc_col-sm-6 text-align-none\" >\n\t<div class=\"vc_column-inner\" >\n\t\t<div class=\"wpb_wrapper\">\n\t\t\t\n<div class=\"wpb_text_column wpb_content_element\"  data-animation-delay=\"0\">\n\t<div class=\"wpb_wrapper\">\n\t\t<h4>Trituradora Mercodor ZM 1\/44<\/h4>\n<ul>\n<li style=\"text-align: left;\">Residuos pl\u00e1sticos<\/li>\n<li style=\"text-align: left;\">Papel, cart\u00f3n<\/li>\n<li style=\"text-align: left;\">Residuos de producci\u00f3n, como virutas<\/li>\n<li style=\"text-align: left;\">Vell\u00f3n filtrante, residuos de alfombras<\/li>\n<\/ul>\n\t<\/div>\n<\/div>\n\n\t\t<\/div>\n\t\t\t<\/div>\n<\/div><div class=\"wpb_column vc_column_container vc_col-sm-2 text-align-none\" >\n\t<div class=\"vc_column-inner\" >\n\t\t<div class=\"wpb_wrapper\">\n\t\t\t<a id=\"et-button-910044\" class=\"et-button icon-position-left modal-false medium hover-none click-none\" target=\"_self\" href=\"https:\/\/mercodor.de\/es\/mercodor-zerkleinerungsmaschine-zm-44\/\" data-animation-delay=\"0\" data-parallax=\"false\" data-move=\"false\" data-coordinatex=\"0\" data-coordinatey=\"0\" data-speed=\"10\"><span class=\"hover\"><\/span><span class=\"regular\"><\/span><span class=\"text\">al producto<\/span><\/a>\t\t<\/div>\n\t\t\t<\/div>\n<\/div>\t<\/div>\n\t<div class=\"bottom-gradient gradient\"><\/div><div class=\"grid-overlay\"><\/div>\t<\/div><div data-bottom-gradient=\"true\" data-grid-overlay=\"black\" class=\"vc_row wpb_row vc_row-fluid vc_custom_1547289396224 vc_row-has-fill vc-row-592272 grid-overlay-active\" >\n\t<div class=\"container et-clearfix\">\n\t\t<div class=\"wpb_column vc_column_container vc_col-sm-4 text-align-none\" >\n\t<div class=\"vc_column-inner\" >\n\t\t<div class=\"wpb_wrapper\">\n\t\t\t\n\t<div  class=\"wpb_single_image wpb_content_element vc_align_left wpb_content_element\">\n\t\t\n\t\t<figure class=\"wpb_wrapper vc_figure\">\n\t\t\t<div class=\"vc_single_image-wrapper vc_box_shadow_border  vc_box_border_grey\"><img loading=\"lazy\" decoding=\"async\" width=\"300\" height=\"217\" src=\"https:\/\/mercodor.de\/wp-content\/uploads\/2019\/01\/EZM380-maschine4-300x217-1.jpeg\" class=\"vc_single_image-img attachment-full\" alt=\"Produkte\" title=\"EZM380-maschine4-300x217\" data-responsive-images=\"false\" \/><\/div>\n\t\t<\/figure>\n\t<\/div>\n\t\t<\/div>\n\t\t\t<\/div>\n<\/div><div class=\"wpb_column vc_column_container vc_col-sm-6 text-align-none\" >\n\t<div class=\"vc_column-inner\" >\n\t\t<div class=\"wpb_wrapper\">\n\t\t\t\n<div class=\"wpb_text_column wpb_content_element\"  data-animation-delay=\"0\">\n\t<div class=\"wpb_wrapper\">\n\t\t<h4 class=\"widget-title\"><span class=\"widget-title__inline\">Trituradora Mercodor ZM 380<\/span><\/h4>\n<ul>\n<li style=\"text-align: left;\">Materiales a granel como terrones, terrones, ceniza<\/li>\n<li style=\"text-align: left;\">Residuos de producci\u00f3n<\/li>\n<li style=\"text-align: left;\">Residuos de vidrio<\/li>\n<li style=\"text-align: left;\">Residuos pl\u00e1sticos como contenedores, carcasas, paneles<\/li>\n<\/ul>\n\t<\/div>\n<\/div>\n\n\t\t<\/div>\n\t\t\t<\/div>\n<\/div><div class=\"wpb_column vc_column_container vc_col-sm-2 text-align-none\" >\n\t<div class=\"vc_column-inner\" >\n\t\t<div class=\"wpb_wrapper\">\n\t\t\t<a id=\"et-button-678626\" class=\"et-button icon-position-left modal-false medium hover-none click-none\" target=\"_self\" href=\"https:\/\/mercodor.de\/es\/mercodor-zerkleinerungsmaschine-zm-380\/\" data-animation-delay=\"0\" data-parallax=\"false\" data-move=\"false\" data-coordinatex=\"0\" data-coordinatey=\"0\" data-speed=\"10\"><span class=\"hover\"><\/span><span class=\"regular\"><\/span><span class=\"text\">al producto<\/span><\/a>\t\t<\/div>\n\t\t\t<\/div>\n<\/div>\t<\/div>\n\t<div class=\"bottom-gradient gradient\"><\/div><div class=\"grid-overlay\"><\/div>\t<\/div><div data-bottom-gradient=\"true\" data-grid-overlay=\"black\" class=\"vc_row wpb_row vc_row-fluid vc_custom_1547289396224 vc_row-has-fill vc-row-592272 grid-overlay-active\" >\n\t<div class=\"container et-clearfix\">\n\t\t<div class=\"wpb_column vc_column_container vc_col-sm-4 text-align-none\" >\n\t<div class=\"vc_column-inner\" >\n\t\t<div class=\"wpb_wrapper\">\n\t\t\t\n\t<div  class=\"wpb_single_image wpb_content_element vc_align_left wpb_content_element\">\n\t\t\n\t\t<figure class=\"wpb_wrapper vc_figure\">\n\t\t\t<div class=\"vc_single_image-wrapper vc_box_shadow_border  vc_box_border_grey\"><img loading=\"lazy\" decoding=\"async\" width=\"300\" height=\"217\" src=\"https:\/\/mercodor.de\/wp-content\/uploads\/2019\/01\/fz5-maschine-1-300x217-1.jpeg\" class=\"vc_single_image-img attachment-full\" alt=\"Produkte\" title=\"fz5-maschine-1-300x217\" data-responsive-images=\"false\" \/><\/div>\n\t\t<\/figure>\n\t<\/div>\n\t\t<\/div>\n\t\t\t<\/div>\n<\/div><div class=\"wpb_column vc_column_container vc_col-sm-6 text-align-none\" >\n\t<div class=\"vc_column-inner\" >\n\t\t<div class=\"wpb_wrapper\">\n\t\t\t\n<div class=\"wpb_text_column wpb_content_element\"  data-animation-delay=\"0\">\n\t<div class=\"wpb_wrapper\">\n\t\t<h4 class=\"widget-title\"><span class=\"widget-title__inline\">Trituradora Mercodor FZ 5<\/span><\/h4>\n<ul>\n<li>Botellas de vidrio<\/li>\n<\/ul>\n\t<\/div>\n<\/div>\n\n\t\t<\/div>\n\t\t\t<\/div>\n<\/div><div class=\"wpb_column vc_column_container vc_col-sm-2 text-align-none\" >\n\t<div class=\"vc_column-inner\" >\n\t\t<div class=\"wpb_wrapper\">\n\t\t\t<a id=\"et-button-819272\" class=\"et-button icon-position-left modal-false medium hover-none click-none\" target=\"_self\" href=\"https:\/\/mercodor.de\/es\/mercodor-zerkleinerungsmaschine-fz-5\/\" data-animation-delay=\"0\" data-parallax=\"false\" data-move=\"false\" data-coordinatex=\"0\" data-coordinatey=\"0\" data-speed=\"10\"><span class=\"hover\"><\/span><span class=\"regular\"><\/span><span class=\"text\">al producto<\/span><\/a>\t\t<\/div>\n\t\t\t<\/div>\n<\/div>\t<\/div>\n\t<div class=\"bottom-gradient gradient\"><\/div><div class=\"grid-overlay\"><\/div>\t<\/div><div data-bottom-gradient=\"true\" data-grid-overlay=\"black\" class=\"vc_row wpb_row vc_row-fluid vc_custom_1547289396224 vc_row-has-fill vc-row-592272 grid-overlay-active\" >\n\t<div class=\"container et-clearfix\">\n\t\t<div class=\"wpb_column vc_column_container vc_col-sm-4 text-align-none\" >\n\t<div class=\"vc_column-inner\" >\n\t\t<div class=\"wpb_wrapper\">\n\t\t\t\n\t<div  class=\"wpb_single_image wpb_content_element vc_align_left wpb_content_element\">\n\t\t\n\t\t<figure class=\"wpb_wrapper vc_figure\">\n\t\t\t<div class=\"vc_single_image-wrapper vc_box_shadow_border  vc_box_border_grey\"><img loading=\"lazy\" decoding=\"async\" width=\"300\" height=\"217\" src=\"https:\/\/mercodor.de\/wp-content\/uploads\/2019\/01\/mz-maschine-300x217-1.jpeg\" class=\"vc_single_image-img attachment-full\" alt=\"Produkte\" title=\"mz-m\u00e1quina-300x217\" data-responsive-images=\"false\" \/><\/div>\n\t\t<\/figure>\n\t<\/div>\n\t\t<\/div>\n\t\t\t<\/div>\n<\/div><div class=\"wpb_column vc_column_container vc_col-sm-6 text-align-none\" >\n\t<div class=\"vc_column-inner\" >\n\t\t<div class=\"wpb_wrapper\">\n\t\t\t\n<div class=\"wpb_text_column wpb_content_element\"  data-animation-delay=\"0\">\n\t<div class=\"wpb_wrapper\">\n\t\t<h4 class=\"widget-title\"><span class=\"widget-title__inline\">Trituradora Mercodor MZ<\/span><\/h4>\n<ul>\n<li style=\"text-align: left;\">Pl\u00e1stico y material sint\u00e9tico<\/li>\n<li style=\"text-align: left;\">Materiales ligeros<\/li>\n<li style=\"text-align: left;\">Residuos de producci\u00f3n, hospitalarios y de laboratorio<\/li>\n<li style=\"text-align: left;\">etc.<\/li>\n<\/ul>\n\t<\/div>\n<\/div>\n\n\t\t<\/div>\n\t\t\t<\/div>\n<\/div><div class=\"wpb_column vc_column_container vc_col-sm-2 text-align-none\" >\n\t<div class=\"vc_column-inner\" >\n\t\t<div class=\"wpb_wrapper\">\n\t\t\t<a id=\"et-button-341648\" class=\"et-button icon-position-left modal-false medium hover-none click-none\" target=\"_self\" href=\"https:\/\/mercodor.de\/es\/mercodor-zerkleinerungsmaschinen-mz\/\" data-animation-delay=\"0\" data-parallax=\"false\" data-move=\"false\" data-coordinatex=\"0\" data-coordinatey=\"0\" data-speed=\"10\"><span class=\"hover\"><\/span><span class=\"regular\"><\/span><span class=\"text\">al producto<\/span><\/a>\t\t<\/div>\n\t\t\t<\/div>\n<\/div>\t<\/div>\n\t<div class=\"bottom-gradient gradient\"><\/div><div class=\"grid-overlay\"><\/div>\t<\/div><div data-bottom-gradient=\"true\" data-grid-overlay=\"black\" class=\"vc_row wpb_row vc_row-fluid vc_custom_1547289396224 vc_row-has-fill vc-row-592272 grid-overlay-active\" >\n\t<div class=\"container et-clearfix\">\n\t\t<div class=\"wpb_column vc_column_container vc_col-sm-4 text-align-none\" >\n\t<div class=\"vc_column-inner\" >\n\t\t<div class=\"wpb_wrapper\">\n\t\t\t\n\t<div  class=\"wpb_single_image wpb_content_element vc_align_left wpb_content_element\">\n\t\t\n\t\t<figure class=\"wpb_wrapper vc_figure\">\n\t\t\t<div class=\"vc_single_image-wrapper vc_box_shadow_border  vc_box_border_grey\"><img loading=\"lazy\" decoding=\"async\" width=\"300\" height=\"217\" src=\"https:\/\/mercodor.de\/wp-content\/uploads\/2018\/09\/zm1-maschine3-300x217-1.jpeg\" class=\"vc_single_image-img attachment-full\" alt=\"Produkte\" title=\"zm1-maschine3-300x217\" data-responsive-images=\"false\" \/><\/div>\n\t\t<\/figure>\n\t<\/div>\n\t\t<\/div>\n\t\t\t<\/div>\n<\/div><div class=\"wpb_column vc_column_container vc_col-sm-6 text-align-none\" >\n\t<div class=\"vc_column-inner\" >\n\t\t<div class=\"wpb_wrapper\">\n\t\t\t\n<div class=\"wpb_text_column wpb_content_element\"  data-animation-delay=\"0\">\n\t<div class=\"wpb_wrapper\">\n\t\t<h4>Trituradora Mercodor ZM 1<\/h4>\n<ul>\n<li style=\"text-align: left;\">Residuos de producci\u00f3n: virutas, bolsas vac\u00edas<\/li>\n<li style=\"text-align: left;\">Residuos hospitalarios: jeringuillas, c\u00e1nulas, vendas<\/li>\n<li style=\"text-align: left;\">Residuos de comida, huesos, c\u00e1scaras<\/li>\n<li style=\"text-align: left;\">Devoluciones de productos cosm\u00e9ticos\/farmac\u00e9uticos, residuos de laboratorio<\/li>\n<li style=\"text-align: left;\">Residuos de oficina: papel suelto, discos, CD<\/li>\n<\/ul>\n\t<\/div>\n<\/div>\n\n\t\t<\/div>\n\t\t\t<\/div>\n<\/div><div class=\"wpb_column vc_column_container vc_col-sm-2 text-align-none\" >\n\t<div class=\"vc_column-inner\" >\n\t\t<div class=\"wpb_wrapper\">\n\t\t\t<a id=\"et-button-411985\" class=\"et-button icon-position-left modal-false medium hover-none click-none\" target=\"_self\" href=\"https:\/\/mercodor.de\/es\/mercodor-zerkleinerungsmaschine-zm-1\/\" data-animation-delay=\"0\" data-parallax=\"false\" data-move=\"false\" data-coordinatex=\"0\" data-coordinatey=\"0\" data-speed=\"10\"><span class=\"hover\"><\/span><span class=\"regular\"><\/span><span class=\"text\">al producto<\/span><\/a>\t\t<\/div>\n\t\t\t<\/div>\n<\/div>\t<\/div>\n\t<div class=\"bottom-gradient gradient\"><\/div><div class=\"grid-overlay\"><\/div>\t<\/div><div data-bottom-gradient=\"true\" data-grid-overlay=\"black\" class=\"vc_row wpb_row vc_row-fluid vc_custom_1699034983485 vc_row-has-fill vc-row-111908 grid-overlay-active\" >\n\t<div class=\"container et-clearfix\">\n\t\t<div class=\"wpb_column vc_column_container vc_col-sm-4 text-align-none\" >\n\t<div class=\"vc_column-inner\" >\n\t\t<div class=\"wpb_wrapper\">\n\t\t\t\n\t<div  class=\"wpb_single_image wpb_content_element vc_align_left wpb_content_element\">\n\t\t\n\t\t<figure class=\"wpb_wrapper vc_figure\">\n\t\t\t<div class=\"vc_single_image-wrapper vc_box_shadow_border  vc_box_border_grey\"><img loading=\"lazy\" decoding=\"async\" width=\"300\" height=\"217\" src=\"https:\/\/mercodor.de\/wp-content\/uploads\/2018\/09\/zm52-maschine-300x217-1.jpeg\" class=\"vc_single_image-img attachment-full\" alt=\"Produkte\" title=\"zm52-maschine-300x217\" data-responsive-images=\"false\" \/><\/div>\n\t\t<\/figure>\n\t<\/div>\n\t\t<\/div>\n\t\t\t<\/div>\n<\/div><div class=\"wpb_column vc_column_container vc_col-sm-6 text-align-none\" >\n\t<div class=\"vc_column-inner\" >\n\t\t<div class=\"wpb_wrapper\">\n\t\t\t\n<div class=\"wpb_text_column wpb_content_element\"  data-animation-delay=\"0\">\n\t<div class=\"wpb_wrapper\">\n\t\t<h4>Trituradora Mercodor ZM 54<\/h4>\n<ul>\n<li style=\"text-align: left;\">Residuos industriales de gran volumen - chapa y<\/li>\n<li style=\"text-align: left;\">Contenedores de pl\u00e1stico de hasta 200 litros<\/li>\n<li style=\"text-align: left;\">Cart\u00f3n, papel, pal\u00e9s, etc.<\/li>\n<li style=\"text-align: left;\">Neum\u00e1ticos de autom\u00f3vil, residuos de producci\u00f3n<\/li>\n<\/ul>\n\t<\/div>\n<\/div>\n\n\t\t<\/div>\n\t\t\t<\/div>\n<\/div><div class=\"wpb_column vc_column_container vc_col-sm-2 text-align-none\" >\n\t<div class=\"vc_column-inner\" >\n\t\t<div class=\"wpb_wrapper\">\n\t\t\t<a id=\"et-button-687341\" class=\"et-button icon-position-left modal-false medium hover-none click-none\" target=\"_self\" href=\"https:\/\/mercodor.de\/es\/mercodor-zerkleinerungsmaschine-zm-54\/\" data-animation-delay=\"0\" data-parallax=\"false\" data-move=\"false\" data-coordinatex=\"0\" data-coordinatey=\"0\" data-speed=\"10\"><span class=\"hover\"><\/span><span class=\"regular\"><\/span><span class=\"text\">al producto<\/span><\/a>\t\t<\/div>\n\t\t\t<\/div>\n<\/div>\t<\/div>\n\t<div class=\"bottom-gradient gradient\"><\/div><div class=\"grid-overlay\"><\/div>\t<\/div><div data-bottom-gradient=\"true\" data-grid-overlay=\"black\" class=\"vc_row wpb_row vc_row-fluid vc_custom_1547289396224 vc_row-has-fill vc-row-592272 grid-overlay-active\" >\n\t<div class=\"container et-clearfix\">\n\t\t<div class=\"wpb_column vc_column_container vc_col-sm-4 text-align-none\" >\n\t<div class=\"vc_column-inner\" >\n\t\t<div class=\"wpb_wrapper\">\n\t\t\t\n\t<div  class=\"wpb_single_image wpb_content_element vc_align_left wpb_content_element\">\n\t\t\n\t\t<figure class=\"wpb_wrapper vc_figure\">\n\t\t\t<div class=\"vc_single_image-wrapper vc_box_shadow_border  vc_box_border_grey\"><img loading=\"lazy\" decoding=\"async\" width=\"300\" height=\"217\" src=\"https:\/\/mercodor.de\/wp-content\/uploads\/2018\/09\/zm54-maschine-300x217-1.jpeg\" class=\"vc_single_image-img attachment-full\" alt=\"Produkte\" title=\"zm54-maschine-300x217\" data-responsive-images=\"false\" \/><\/div>\n\t\t<\/figure>\n\t<\/div>\n\t\t<\/div>\n\t\t\t<\/div>\n<\/div><div class=\"wpb_column vc_column_container vc_col-sm-6 text-align-none\" >\n\t<div class=\"vc_column-inner\" >\n\t\t<div class=\"wpb_wrapper\">\n\t\t\t\n<div class=\"wpb_text_column wpb_content_element\"  data-animation-delay=\"0\">\n\t<div class=\"wpb_wrapper\">\n\t\t<h4>Trituradora Mercodor ZM 52<\/h4>\n<ul>\n<li style=\"text-align: left;\">Residuos industriales de gran volumen - chapa y<\/li>\n<li style=\"text-align: left;\">Envases de pl\u00e1stico, embalajes de cart\u00f3n, l\u00e1minas, restos de pal\u00e9s<\/li>\n<li style=\"text-align: left;\">Residuos hospitalarios: jeringuillas, c\u00e1nulas, vendas<\/li>\n<li style=\"text-align: left;\">Residuos de producci\u00f3n, residuos hospitalarios<\/li>\n<li style=\"text-align: left;\">Carpetas de archivos, listas EDP, discos, CDs<\/li>\n<li style=\"text-align: left;\">Comida, sobras<\/li>\n<li style=\"text-align: left;\">Reciclado de materias primas: vidrio, pl\u00e1stico y papel<\/li>\n<\/ul>\n\t<\/div>\n<\/div>\n\n\t\t<\/div>\n\t\t\t<\/div>\n<\/div><div class=\"wpb_column vc_column_container vc_col-sm-2 text-align-none\" >\n\t<div class=\"vc_column-inner\" >\n\t\t<div class=\"wpb_wrapper\">\n\t\t\t<a id=\"et-button-43233\" class=\"et-button icon-position-left modal-false medium hover-none click-none\" target=\"_self\" href=\"https:\/\/mercodor.de\/es\/mercodor-zerkleinerungsmaschine-zm-52\/\" data-animation-delay=\"0\" data-parallax=\"false\" data-move=\"false\" data-coordinatex=\"0\" data-coordinatey=\"0\" data-speed=\"10\"><span class=\"hover\"><\/span><span class=\"regular\"><\/span><span class=\"text\">al producto<\/span><\/a>\t\t<\/div>\n\t\t\t<\/div>\n<\/div>\t<\/div>\n\t<div class=\"bottom-gradient gradient\"><\/div><div class=\"grid-overlay\"><\/div>\t<\/div><div data-bottom-gradient=\"true\" data-grid-overlay=\"black\" class=\"vc_row wpb_row vc_row-fluid vc_custom_1547289396224 vc_row-has-fill vc-row-592272 grid-overlay-active\" >\n\t<div class=\"container et-clearfix\">\n\t\t<div class=\"wpb_column vc_column_container vc_col-sm-4 text-align-none\" >\n\t<div class=\"vc_column-inner\" >\n\t\t<div class=\"wpb_wrapper\">\n\t\t\t\n\t<div  class=\"wpb_single_image wpb_content_element vc_align_left wpb_content_element\">\n\t\t\n\t\t<figure class=\"wpb_wrapper vc_figure\">\n\t\t\t<div class=\"vc_single_image-wrapper vc_box_shadow_border  vc_box_border_grey\"><img loading=\"lazy\" decoding=\"async\" width=\"300\" height=\"217\" src=\"https:\/\/mercodor.de\/wp-content\/uploads\/2018\/09\/zm44-maschine3-300x217-1.jpeg\" class=\"vc_single_image-img attachment-full\" alt=\"Produkte\" title=\"zm44-maschine3-300x217\" data-responsive-images=\"false\" \/><\/div>\n\t\t<\/figure>\n\t<\/div>\n\t\t<\/div>\n\t\t\t<\/div>\n<\/div><div class=\"wpb_column vc_column_container vc_col-sm-6 text-align-none\" >\n\t<div class=\"vc_column-inner\" >\n\t\t<div class=\"wpb_wrapper\">\n\t\t\t\n<div class=\"wpb_text_column wpb_content_element\"  data-animation-delay=\"0\">\n\t<div class=\"wpb_wrapper\">\n\t\t<h4>Trituradora Mercodor ZM 44<\/h4>\n<ul>\n<li style=\"text-align: left;\">Residuos de producci\u00f3n: virutas, bolsas vac\u00edas<\/li>\n<li style=\"text-align: left;\">Residuos hospitalarios: jeringuillas, c\u00e1nulas, vendas<\/li>\n<li style=\"text-align: left;\">Residuos de comida, huesos, c\u00e1scaras<\/li>\n<li style=\"text-align: left;\">Devoluciones de productos cosm\u00e9ticos\/farmac\u00e9uticos, residuos de laboratorio<\/li>\n<li style=\"text-align: left;\">Reciclado de materias primas: botellas de vidrio y PET<\/li>\n<li style=\"text-align: left;\">Residuos de hosteler\u00eda - envases de cart\u00f3n, contenedores.<\/li>\n<li style=\"text-align: left;\">Trituradora de terrones y trozos, trituradora de cenizas<\/li>\n<\/ul>\n\t<\/div>\n<\/div>\n\n\t\t<\/div>\n\t\t\t<\/div>\n<\/div><div class=\"wpb_column vc_column_container vc_col-sm-2 text-align-none\" >\n\t<div class=\"vc_column-inner\" >\n\t\t<div class=\"wpb_wrapper\">\n\t\t\t<a id=\"et-button-772843\" class=\"et-button icon-position-left modal-false medium hover-none click-none\" target=\"_self\" href=\"https:\/\/mercodor.de\/es\/mercodor-zerkleinerungsmaschine-zm-44\/\" data-animation-delay=\"0\" data-parallax=\"false\" data-move=\"false\" data-coordinatex=\"0\" data-coordinatey=\"0\" data-speed=\"10\"><span class=\"hover\"><\/span><span class=\"regular\"><\/span><span class=\"text\">al producto<\/span><\/a>\t\t<\/div>\n\t\t\t<\/div>\n<\/div>\t<\/div>\n\t<div class=\"bottom-gradient gradient\"><\/div><div class=\"grid-overlay\"><\/div>\t<\/div><div data-bottom-gradient=\"true\" data-grid-overlay=\"black\" class=\"vc_row wpb_row vc_row-fluid vc_custom_1547289396224 vc_row-has-fill vc-row-592272 grid-overlay-active\" >\n\t<div class=\"container et-clearfix\">\n\t\t<div class=\"wpb_column vc_column_container vc_col-sm-4 text-align-none\" >\n\t<div class=\"vc_column-inner\" >\n\t\t<div class=\"wpb_wrapper\">\n\t\t\t\n\t<div  class=\"wpb_single_image wpb_content_element vc_align_left wpb_content_element\">\n\t\t\n\t\t<figure class=\"wpb_wrapper vc_figure\">\n\t\t\t<div class=\"vc_single_image-wrapper vc_box_shadow_border  vc_box_border_grey\"><img loading=\"lazy\" decoding=\"async\" width=\"300\" height=\"217\" src=\"https:\/\/mercodor.de\/wp-content\/uploads\/2018\/09\/zm3-maschine-300x217-1.jpeg\" class=\"vc_single_image-img attachment-full\" alt=\"Produkte\" title=\"zm3-m\u00e1quina-300x217\" data-responsive-images=\"false\" \/><\/div>\n\t\t<\/figure>\n\t<\/div>\n\t\t<\/div>\n\t\t\t<\/div>\n<\/div><div class=\"wpb_column vc_column_container vc_col-sm-6 text-align-none\" >\n\t<div class=\"vc_column-inner\" >\n\t\t<div class=\"wpb_wrapper\">\n\t\t\t\n<div class=\"wpb_text_column wpb_content_element\"  data-animation-delay=\"0\">\n\t<div class=\"wpb_wrapper\">\n\t\t<h4>Trituradora Mercodor ZM 3<\/h4>\n<ul>\n<li style=\"text-align: left;\">Residuos industriales de gran volumen - chapa y<\/li>\n<li style=\"text-align: left;\">Envases de pl\u00e1stico, embalajes de cart\u00f3n, l\u00e1minas, restos de pal\u00e9s<\/li>\n<li style=\"text-align: left;\">Residuos de producci\u00f3n<\/li>\n<li style=\"text-align: left;\">Carpetas de archivos, listas EDP, discos, CDs<\/li>\n<li style=\"text-align: left;\">Residuos hospitalarios, comida, sobras<\/li>\n<li style=\"text-align: left;\">Reciclado de materias primas: vidrio, pl\u00e1stico y papel<\/li>\n<\/ul>\n\t<\/div>\n<\/div>\n\n\t\t<\/div>\n\t\t\t<\/div>\n<\/div><div class=\"wpb_column vc_column_container vc_col-sm-2 text-align-none\" >\n\t<div class=\"vc_column-inner\" >\n\t\t<div class=\"wpb_wrapper\">\n\t\t\t<a id=\"et-button-856949\" class=\"et-button icon-position-left modal-false medium hover-none click-none\" target=\"_self\" href=\"https:\/\/mercodor.de\/es\/mercodor-zerkleinerungsmaschine-zm-3\/\" data-animation-delay=\"0\" data-parallax=\"false\" data-move=\"false\" data-coordinatex=\"0\" data-coordinatey=\"0\" data-speed=\"10\"><span class=\"hover\"><\/span><span class=\"regular\"><\/span><span class=\"text\">al producto<\/span><\/a>\t\t<\/div>\n\t\t\t<\/div>\n<\/div>\t<\/div>\n\t<div class=\"bottom-gradient gradient\"><\/div><div class=\"grid-overlay\"><\/div>\t<\/div><div data-bottom-gradient=\"true\" data-grid-overlay=\"black\" class=\"vc_row wpb_row vc_row-fluid vc_custom_1699035149741 vc_row-has-fill vc-row-422384 grid-overlay-active\" >\n\t<div class=\"container et-clearfix\">\n\t\t<div class=\"wpb_column vc_column_container vc_col-sm-4 text-align-none\" >\n\t<div class=\"vc_column-inner\" >\n\t\t<div class=\"wpb_wrapper\">\n\t\t\t\n\t<div  class=\"wpb_single_image wpb_content_element vc_align_left wpb_content_element\">\n\t\t\n\t\t<figure class=\"wpb_wrapper vc_figure\">\n\t\t\t<div class=\"vc_single_image-wrapper vc_box_shadow_border  vc_box_border_grey\"><img loading=\"lazy\" decoding=\"async\" width=\"300\" height=\"217\" src=\"https:\/\/mercodor.de\/wp-content\/uploads\/2018\/09\/zm2-maschine2-300x217-1.jpeg\" class=\"vc_single_image-img attachment-full\" alt=\"Produkte\" title=\"zm2-maschine2-300x217\" data-responsive-images=\"false\" \/><\/div>\n\t\t<\/figure>\n\t<\/div>\n\t\t<\/div>\n\t\t\t<\/div>\n<\/div><div class=\"wpb_column vc_column_container vc_col-sm-6 text-align-none\" >\n\t<div class=\"vc_column-inner\" >\n\t\t<div class=\"wpb_wrapper\">\n\t\t\t\n<div class=\"wpb_text_column wpb_content_element\"  data-animation-delay=\"0\">\n\t<div class=\"wpb_wrapper\">\n\t\t<h4>Trituradora Mercodor ZM 2<\/h4>\n<ul>\n<li style=\"text-align: left;\">Residuos industriales de gran volumen - chapa y<\/li>\n<li style=\"text-align: left;\">Envases de pl\u00e1stico, embalajes de cart\u00f3n, l\u00e1minas, restos de pal\u00e9s<\/li>\n<li style=\"text-align: left;\">Residuos hospitalarios: jeringuillas, c\u00e1nulas, vendas<\/li>\n<li style=\"text-align: left;\">Residuos de producci\u00f3n, residuos hospitalarios<\/li>\n<li style=\"text-align: left;\">Carpetas de archivos, listas EDP, discos, CDs<\/li>\n<\/ul>\n\t<\/div>\n<\/div>\n\n\t\t<\/div>\n\t\t\t<\/div>\n<\/div><div class=\"wpb_column vc_column_container vc_col-sm-2 text-align-none\" >\n\t<div class=\"vc_column-inner\" >\n\t\t<div class=\"wpb_wrapper\">\n\t\t\t<a id=\"et-button-600981\" class=\"et-button icon-position-left modal-false medium hover-none click-none\" target=\"_self\" href=\"https:\/\/mercodor.de\/es\/mercodor-zerkleinerungsmaschine-zm-2\/\" data-animation-delay=\"0\" data-parallax=\"false\" data-move=\"false\" data-coordinatex=\"0\" data-coordinatey=\"0\" data-speed=\"10\"><span class=\"hover\"><\/span><span class=\"regular\"><\/span><span class=\"text\">al producto<\/span><\/a>\t\t<\/div>\n\t\t\t<\/div>\n<\/div>\t<\/div>\n\t<div class=\"bottom-gradient gradient\"><\/div><div class=\"grid-overlay\"><\/div>\t<\/div>\n<\/div>","protected":false},"excerpt":{"rendered":"Mercodor Zerkleinerungsmaschine ZM 1\/44 Plastikabf\u00e4lle Papier, Kartonagen Produktionsabf\u00e4lle wie Drehsp\u00e4ne Filtervlies, Teppichabf\u00e4lle zum Produkt Mercodor Zerkleinerungsmaschine ZM 380 Sch\u00fcttg\u00fcter wie Knollen, Klumpen, Asche Produktionsabf\u00e4lle Glasabf\u00e4lle Plastikabf\u00e4lle wie Gebinde, Geh\u00e4use, Verkleidungen zum Produkt Mercodor Zerkleinerungsmaschine FZ 5 Glasflaschen zum Produkt Mercodor Zerkleinerungsmaschine MZ Plastik- und Kunststoffmaterial Leichte Materialien Produktionsabf\u00e4lle, Krankenhausabf\u00e4lle, Laborabf\u00e4lle etc. zum Produkt Mercodor Zerkleinerungsmaschine [...]","protected":false},"author":1,"featured_media":0,"parent":0,"menu_order":0,"comment_status":"closed","ping_status":"closed","template":"page-vc.php","meta":{"footnotes":""},"categories":[],"tags":[],"class_list":["post-18133","page","type-page","status-publish","hentry"],"_links":{"self":[{"href":"https:\/\/mercodor.de\/es\/wp-json\/wp\/v2\/pages\/18133","targetHints":{"allow":["GET"]}}],"collection":[{"href":"https:\/\/mercodor.de\/es\/wp-json\/wp\/v2\/pages"}],"about":[{"href":"https:\/\/mercodor.de\/es\/wp-json\/wp\/v2\/types\/page"}],"author":[{"embeddable":true,"href":"https:\/\/mercodor.de\/es\/wp-json\/wp\/v2\/users\/1"}],"replies":[{"embeddable":true,"href":"https:\/\/mercodor.de\/es\/wp-json\/wp\/v2\/comments?post=18133"}],"version-history":[{"count":51,"href":"https:\/\/mercodor.de\/es\/wp-json\/wp\/v2\/pages\/18133\/revisions"}],"predecessor-version":[{"id":19051,"href":"https:\/\/mercodor.de\/es\/wp-json\/wp\/v2\/pages\/18133\/revisions\/19051"}],"wp:attachment":[{"href":"https:\/\/mercodor.de\/es\/wp-json\/wp\/v2\/media?parent=18133"}],"wp:term":[{"taxonomy":"category","embeddable":true,"href":"https:\/\/mercodor.de\/es\/wp-json\/wp\/v2\/categories?post=18133"},{"taxonomy":"post_tag","embeddable":true,"href":"https:\/\/mercodor.de\/es\/wp-json\/wp\/v2\/tags?post=18133"}],"curies":[{"name":"wp","href":"https:\/\/api.w.org\/{rel}","templated":true}]}}