{"id":18546,"date":"2023-11-01T19:19:51","date_gmt":"2023-11-01T18:19:51","guid":{"rendered":"https:\/\/mercodor.de\/?page_id=18546"},"modified":"2024-01-25T15:49:36","modified_gmt":"2024-01-25T14:49:36","slug":"zerkleinerung-von-produktionsabfaelle","status":"publish","type":"page","link":"https:\/\/mercodor.de\/en\/zerkleinerung-von-produktionsabfaelle\/","title":{"rendered":"Shredding of production waste"},"content":{"rendered":"<div class=\"wpb-content-wrapper\"><div class=\"vc_row wpb_row vc_row-fluid vc_custom_1548940421216 vc_column-gap-64 vc-row-544602\" >\n\t<div class=\"container et-clearfix\">\n\t\t<div class=\"wpb_column vc_column_container vc_col-sm-12 vc_col-lg-4 vc_col-md-5 vc_col-xs-12 text-align-none vc-column-195820\" >\n\t<div class=\"vc_column-inner \" >\n\t\t<div class=\"wpb_wrapper\">\n\t\t\t<div class=\"vc_row wpb_row vc_inner vc_row-fluid vc_column-gap-0 vc-row-795222\"><div class=\"wpb_column vc_column_container vc_col-sm-12 vc_col-lg-12 vc_col-md-12 vc_col-xs-12 vc_col-has-fill\"><div class=\"vc_column-inner vc_custom_1548940591523\"><div class=\"wpb_wrapper\"><h2 class=\"et-heading text-align-left tablet-text-align-inherit mobile-text-align-inherit animate-false no-animation-type\" id=\"et-heading-686369\" data-delay=\"0\" data-mobile-font=\"24px\" data-mobile-line-height=\"inherit\" data-tablet-landscape-font=\"inherit\" data-tablet-portrait-font=\"inherit\" data-tablet-landscape-line-height=\"inherit\" data-tablet-portrait-line-height=\"inherit\" data-parallax=\"false\" data-move=\"false\" data-coordinatex=\"0\" data-coordinatey=\"0\" data-speed=\"10\"><span class=\"text-wrapper\"><span class=\"text\">Individuelle und nachhaltige <span style=\"color: #00599d;\">Entsorgung<\/span><\/span><\/span><\/h2><span class=\"et-gap et-clearfix et-gap-788339\"><\/span><a id=\"et-button-291448\" class=\"et-button icon-position-right modal-false large hover-fill click-none has-icon\" target=\"_self\" href=\"\/mercodor-2023\/kontakt\" data-animation-delay=\"0\" data-parallax=\"false\" data-move=\"false\" data-coordinatex=\"0\" data-coordinatey=\"0\" data-speed=\"10\"><span class=\"hover\"><\/span><span class=\"regular\"><\/span><span class=\"text\">Mehr erfahren<\/span><span class=\"icon ien ien-earrow-3\"><\/span><\/a><\/div><\/div><\/div><\/div><div class=\"vc_row wpb_row vc_inner vc_row-fluid vc_column-gap-0 vc-row-795222\"><div class=\"wpb_column vc_column_container vc_col-sm-12 vc_col-lg-12 vc_col-md-12 vc_col-xs-12 vc_col-has-fill\"><div class=\"vc_column-inner vc_custom_1694879081371\"><div class=\"wpb_wrapper\"><h6 class=\"et-heading text-align-left tablet-text-align-inherit mobile-text-align-inherit animate-false no-animation-type\" id=\"et-heading-63680\" data-delay=\"0\" data-mobile-font=\"inherit\" data-mobile-line-height=\"inherit\" data-tablet-landscape-font=\"inherit\" data-tablet-portrait-font=\"inherit\" data-tablet-landscape-line-height=\"inherit\" data-tablet-portrait-line-height=\"inherit\" data-parallax=\"false\" data-move=\"false\" data-coordinatex=\"0\" data-coordinatey=\"0\" data-speed=\"10\"><span class=\"text-wrapper\"><span class=\"text\">MERCODOR GmbH<br \/>\nSondermaschinenbau KG<\/span><\/span><\/h6><span class=\"et-gap et-clearfix et-gap-756832\"><\/span><p class=\"et-heading text-align-left tablet-text-align-inherit mobile-text-align-inherit animate-false no-animation-type\" id=\"et-heading-676288\" data-delay=\"0\" data-mobile-font=\"inherit\" data-mobile-line-height=\"inherit\" data-tablet-landscape-font=\"inherit\" data-tablet-portrait-font=\"inherit\" data-tablet-landscape-line-height=\"inherit\" data-tablet-portrait-line-height=\"inherit\" data-parallax=\"false\" data-move=\"false\" data-coordinatex=\"0\" data-coordinatey=\"0\" data-speed=\"10\"><span class=\"text-wrapper\"><span class=\"text\">Bonameser Str. 44 D-60433 Frankfurt am Main<\/span><\/span><\/p><div class=\"et-separator et-clearfix animate-false dashed left horizontal et-separator-887310\" data-delay=\"\"><div class=\"line\"><\/div><\/div><h6 class=\"et-heading text-align-left tablet-text-align-inherit mobile-text-align-inherit animate-false no-animation-type\" id=\"et-heading-149645\" data-delay=\"0\" data-mobile-font=\"inherit\" data-mobile-line-height=\"inherit\" data-tablet-landscape-font=\"inherit\" data-tablet-portrait-font=\"inherit\" data-tablet-landscape-line-height=\"inherit\" data-tablet-portrait-line-height=\"inherit\" data-parallax=\"false\" data-move=\"false\" data-coordinatex=\"0\" data-coordinatey=\"0\" data-speed=\"10\"><span class=\"text-wrapper\"><span class=\"text\">Telefon \/ Fax<\/span><\/span><\/h6><span class=\"et-gap et-clearfix et-gap-630497\"><\/span><p class=\"et-heading text-align-left tablet-text-align-inherit mobile-text-align-inherit animate-false no-animation-type\" id=\"et-heading-515846\" data-delay=\"0\" data-mobile-font=\"inherit\" data-mobile-line-height=\"inherit\" data-tablet-landscape-font=\"inherit\" data-tablet-portrait-font=\"inherit\" data-tablet-landscape-line-height=\"inherit\" data-tablet-portrait-line-height=\"inherit\" data-parallax=\"false\" data-move=\"false\" data-coordinatex=\"0\" data-coordinatey=\"0\" data-speed=\"10\"><span class=\"text-wrapper\"><span class=\"text\">+49 (69) 51 50 29<br \/>\n+49 (69) 95 29 45 57<\/span><\/span><\/p><div class=\"et-separator et-clearfix animate-false dashed left horizontal et-separator-887310\" data-delay=\"\"><div class=\"line\"><\/div><\/div><h6 class=\"et-heading text-align-left tablet-text-align-inherit mobile-text-align-inherit animate-false no-animation-type\" id=\"et-heading-64278\" data-delay=\"0\" data-mobile-font=\"inherit\" data-mobile-line-height=\"inherit\" data-tablet-landscape-font=\"inherit\" data-tablet-portrait-font=\"inherit\" data-tablet-landscape-line-height=\"inherit\" data-tablet-portrait-line-height=\"inherit\" data-parallax=\"false\" data-move=\"false\" data-coordinatex=\"0\" data-coordinatey=\"0\" data-speed=\"10\"><span class=\"text-wrapper\"><span class=\"text\">E-Mail<\/span><\/span><\/h6><span class=\"et-gap et-clearfix et-gap-809605\"><\/span><p class=\"et-heading text-align-left tablet-text-align-inherit mobile-text-align-inherit animate-false no-animation-type\" id=\"et-heading-771246\" data-delay=\"0\" data-mobile-font=\"inherit\" data-mobile-line-height=\"inherit\" data-tablet-landscape-font=\"inherit\" data-tablet-portrait-font=\"inherit\" data-tablet-landscape-line-height=\"inherit\" data-tablet-portrait-line-height=\"inherit\" data-parallax=\"false\" data-move=\"false\" data-coordinatex=\"0\" data-coordinatey=\"0\" data-speed=\"10\"><span class=\"text-wrapper\"><span class=\"text\">info[@]mercodor.de<\/span><\/span><\/p><div class=\"et-separator et-clearfix animate-false dashed left horizontal et-separator-887310\" data-delay=\"\"><div class=\"line\"><\/div><\/div><h6 class=\"et-heading text-align-left tablet-text-align-inherit mobile-text-align-inherit animate-false no-animation-type\" id=\"et-heading-462245\" data-delay=\"0\" data-mobile-font=\"inherit\" data-mobile-line-height=\"inherit\" data-tablet-landscape-font=\"inherit\" data-tablet-portrait-font=\"inherit\" data-tablet-landscape-line-height=\"inherit\" data-tablet-portrait-line-height=\"inherit\" data-parallax=\"false\" data-move=\"false\" data-coordinatex=\"0\" data-coordinatey=\"0\" data-speed=\"10\"><span class=\"text-wrapper\"><span class=\"text\">\u00d6ffnungszeiten<\/span><\/span><\/h6><span class=\"et-gap et-clearfix et-gap-809605\"><\/span><p class=\"et-heading text-align-left tablet-text-align-inherit mobile-text-align-inherit animate-false no-animation-type\" id=\"et-heading-935291\" data-delay=\"0\" data-mobile-font=\"inherit\" data-mobile-line-height=\"inherit\" data-tablet-landscape-font=\"inherit\" data-tablet-portrait-font=\"inherit\" data-tablet-landscape-line-height=\"inherit\" data-tablet-portrait-line-height=\"inherit\" data-parallax=\"false\" data-move=\"false\" data-coordinatex=\"0\" data-coordinatey=\"0\" data-speed=\"10\"><span class=\"text-wrapper\"><span class=\"text\">Mo-Fr: 08:00 &#8211; 18:00<br \/>\nSa-So: Geschlossen<\/span><\/span><\/p><\/div><\/div><\/div><\/div><div class=\"vc_row wpb_row vc_inner vc_row-fluid vc_column-gap-0 vc-row-795222\"><div class=\"wpb_column vc_column_container vc_col-sm-12 vc_col-lg-12 vc_col-md-12 vc_col-xs-12 vc_col-has-fill\"><div class=\"vc_column-inner vc_custom_1695038340069\"><div class=\"wpb_wrapper\"><h2 class=\"et-heading text-align-left tablet-text-align-inherit mobile-text-align-inherit animate-false no-animation-type\" id=\"et-heading-409418\" data-delay=\"0\" data-mobile-font=\"24px\" data-mobile-line-height=\"inherit\" data-tablet-landscape-font=\"inherit\" data-tablet-portrait-font=\"inherit\" data-tablet-landscape-line-height=\"inherit\" data-tablet-portrait-line-height=\"inherit\" data-parallax=\"false\" data-move=\"false\" data-coordinatex=\"0\" data-coordinatey=\"0\" data-speed=\"10\"><span class=\"text-wrapper\"><span class=\"text\">Entdecken Sie unsere <span class=\"et-gap et-clearfix et-gap-1\"><\/span> Produkte<\/span><\/span><\/h2><span class=\"et-gap et-clearfix et-gap-786080 hide767\"><\/span><a id=\"et-button-958929\" class=\"et-button icon-position-right modal-false large hover-fill click-none has-icon\" target=\"_self\" href=\"\/mercodor-2023\/produkte\" data-animation-delay=\"0\" data-parallax=\"false\" data-move=\"false\" data-coordinatex=\"0\" data-coordinatey=\"0\" data-speed=\"10\"><span class=\"hover\"><\/span><span class=\"regular\"><\/span><span class=\"text\">Mehr erfahren<\/span><span class=\"icon ien ien-earrow-3\"><\/span><\/a><\/div><\/div><\/div><\/div>\t\t<\/div>\n\t\t\t<\/div>\n<\/div><div class=\"wpb_column vc_column_container vc_col-sm-12 vc_col-lg-8 vc_col-md-7 vc_col-xs-12 text-align-none vc-column-21206\" >\n\t<div class=\"vc_column-inner \" >\n\t\t<div class=\"wpb_wrapper\">\n\t\t\t<h1 class=\"et-heading text-align-left tablet-text-align-inherit mobile-text-align-inherit animate-false no-animation-type\" id=\"et-heading-864977\" data-delay=\"0\" data-mobile-font=\"inherit\" data-mobile-line-height=\"inherit\" data-tablet-landscape-font=\"inherit\" data-tablet-portrait-font=\"inherit\" data-tablet-landscape-line-height=\"inherit\" data-tablet-portrait-line-height=\"inherit\" data-parallax=\"false\" data-move=\"false\" data-coordinatex=\"0\" data-coordinatey=\"0\" data-speed=\"10\"><span class=\"text-wrapper\"><span class=\"text\">Zerkleinerung von Produktionsabf\u00e4lle sowie Sonderm\u00fcll mit Mercodor Zerkleinerungsmaschinen<\/span><\/span><\/h1><span class=\"et-gap et-clearfix et-gap-70441\"><\/span>\n<div class=\"wpb_text_column wpb_content_element \"  data-animation-delay=\"0\">\n\t<div class=\"wpb_wrapper\">\n\t\t<span class=\"et-font-size\" data-fontsize=\"20px\" data-lineheight=\"32px\">Mercodor Zerkleinerungsmaschinen werden vielseitig zur Zerkleinerung von Produktionsabf\u00e4llen, aber auch f\u00fcr die Zerkleinerung von Sonderabf\u00e4llen eingesetzt, um diese besser zwischenzulagern bzw. das Abfallvolumen von Produktionsabf\u00e4llen und Sonderabf\u00e4llen zu reduzieren.<\/span>\n\t<\/div>\n<\/div>\n\n<span class=\"et-gap et-clearfix et-gap-803736\"><\/span>\n<div class=\"wpb_text_column wpb_content_element \"  data-animation-delay=\"0\">\n\t<div class=\"wpb_wrapper\">\n\t\t<p>Mercodor Sondermaschinenbau ist Ihr Partner rund um das Thema fachgerechte Zerkleinerung von Produktionsabf\u00e4llen sowie f\u00fcr die Zerkleinerung von Sonderabf\u00e4llen. Sollten Sie Fragen haben, so nutzen Sie eine unserer zahlreichen Kontaktm\u00f6glichkeiten und sprechen Sie noch heute mit einem Experten.<\/p>\n\t<\/div>\n<\/div>\n\n<span class=\"et-gap et-clearfix et-gap-261972\"><\/span><div id=\"et-gallery-344580\" class=\"et-gallery et-item-set grid effect-none navigation-only-arrows animate-gallery\" data-columns=\"2\" data-gap=\"2\" data-autoplay=\"false\"><div class=\"et-item et-gallery-item\"><div class=\"et-item-inner\"><div class=\"image-container\"><div class=\"image-preloader\"><\/div><img loading=\"lazy\" decoding=\"async\" alt=\"Mercodor Zerkleinerungsmaschinen und Zerkleinerungsanlagen - Entsorgung von Abf\u00e4llen\" width=\"600\" height=\"433\" src=\"https:\/\/mercodor.de\/wp-content\/uploads\/2023\/09\/zm52-maschine4.jpeg\"><\/div><\/div><\/div><div class=\"et-item et-gallery-item\"><div class=\"et-item-inner\"><div class=\"image-container\"><div class=\"image-preloader\"><\/div><img loading=\"lazy\" decoding=\"async\" alt=\"Mercodor Zerkleinerungsmaschinen und Zerkleinerungsanlagen - Entsorgung von Abf\u00e4llen\" width=\"600\" height=\"433\" src=\"https:\/\/mercodor.de\/wp-content\/uploads\/2023\/09\/zm3-maschine-1.jpeg\"><\/div><\/div><\/div><\/div><span class=\"et-gap et-clearfix et-gap-261972\"><\/span><span class=\"et-gap et-clearfix et-gap-918762\"><\/span><h5 class=\"et-heading text-align-left tablet-text-align-inherit mobile-text-align-inherit animate-false no-animation-type\" id=\"et-heading-347312\" data-delay=\"0\" data-mobile-font=\"inherit\" data-mobile-line-height=\"inherit\" data-tablet-landscape-font=\"inherit\" data-tablet-portrait-font=\"inherit\" data-tablet-landscape-line-height=\"inherit\" data-tablet-portrait-line-height=\"inherit\" data-parallax=\"false\" data-move=\"false\" data-coordinatex=\"0\" data-coordinatey=\"0\" data-speed=\"10\"><span class=\"text-wrapper\"><span class=\"text\">Nennen Sie uns Ihre Anforderungen. Wir beraten und informieren Sie gerne.<\/span><\/span><\/h5><span class=\"et-gap et-clearfix et-gap-108218\"><\/span><div class=\"vc_row wpb_row vc_inner vc_row-fluid vc_custom_1694877358505 vc_column-gap-24 vc-row-424112\"><div class=\"wpb_column vc_column_container vc_col-sm-12\"><div class=\"vc_column-inner\"><div class=\"wpb_wrapper\"><span class=\"et-gap et-clearfix et-gap-108218\"><\/span><div class=\"wpcf7 no-js\" id=\"wpcf7-f5-o1\" lang=\"de-DE\" dir=\"ltr\" data-wpcf7-id=\"5\"><div class=\"screen-reader-response\"><p role=\"status\" aria-live=\"polite\" aria-atomic=\"true\"><\/p><ul><\/ul><\/div><form action=\"\/en\/wp-json\/wp\/v2\/pages\/18546#wpcf7-f5-o1\" method=\"post\" class=\"wpcf7-form init\" aria-label=\"Kontaktformular\" novalidate=\"novalidate\" data-status=\"init\"><fieldset class=\"hidden-fields-container\"><input type=\"hidden\" name=\"_wpcf7\" value=\"5\" \/><input type=\"hidden\" name=\"_wpcf7_version\" value=\"6.1.5\" \/><input type=\"hidden\" name=\"_wpcf7_locale\" value=\"de_DE\" \/><input type=\"hidden\" name=\"_wpcf7_unit_tag\" value=\"wpcf7-f5-o1\" \/><input type=\"hidden\" name=\"_wpcf7_container_post\" value=\"0\" \/><input type=\"hidden\" name=\"_wpcf7_posted_data_hash\" value=\"\" \/><\/fieldset><p><label> Name<br \/><span class=\"wpcf7-form-control-wrap\" data-name=\"your-name\"><input size=\"40\" maxlength=\"400\" class=\"wpcf7-form-control wpcf7-text wpcf7-validates-as-required\" autocomplete=\"name\" aria-required=\"true\" aria-invalid=\"false\" value=\"\" type=\"text\" name=\"your-name\" \/><\/span><\/label><\/p><p><label> E-Mail<br \/><span class=\"wpcf7-form-control-wrap\" data-name=\"your-email\"><input size=\"40\" maxlength=\"400\" class=\"wpcf7-form-control wpcf7-email wpcf7-validates-as-required wpcf7-text wpcf7-validates-as-email\" autocomplete=\"email\" aria-required=\"true\" aria-invalid=\"false\" value=\"\" type=\"email\" name=\"your-email\" \/><\/span><\/label><\/p><p><label> Betreff<br \/><span class=\"wpcf7-form-control-wrap\" data-name=\"your-subject\"><input size=\"40\" maxlength=\"400\" class=\"wpcf7-form-control wpcf7-text wpcf7-validates-as-required\" aria-required=\"true\" aria-invalid=\"false\" value=\"\" type=\"text\" name=\"your-subject\" \/><\/span><\/label><\/p><p><label> Nachricht<br \/><span class=\"wpcf7-form-control-wrap\" data-name=\"your-message\"><textarea cols=\"40\" rows=\"10\" maxlength=\"2000\" class=\"wpcf7-form-control wpcf7-textarea\" aria-invalid=\"false\" name=\"your-message\"><\/textarea><\/span><\/label><br \/><div class=\"cf7-cf-turnstile\" style=\"margin-top: 0px; margin-bottom: -15px;\"><div id=\"cf-turnstile-cf7-2765791554\" class=\"cf-turnstile\" data-sitekey=\"0x4AAAAAABeBQphzeTfvJrn0\" data-theme=\"light\" data-language=\"auto\" data-size=\"normal\" data-retry=\"auto\" data-retry-interval=\"1000\" data-refresh-expired=\"auto\" data-action=\"contact-form-7\" data-appearance=\"always\"><\/div><script>document.addEventListener(\"DOMContentLoaded\", function() { setTimeout(function(){ var e=document.getElementById(\"cf-turnstile-cf7-2765791554\"); e&&!e.innerHTML.trim()&&(turnstile.remove(\"#cf-turnstile-cf7-2765791554\"), turnstile.render(\"#cf-turnstile-cf7-2765791554\", {sitekey:\"0x4AAAAAABeBQphzeTfvJrn0\"})); }, 100); });<\/script><br class=\"cf-turnstile-br cf-turnstile-br-cf7-2765791554\"><style>#cf-turnstile-cf7-2765791554 { margin-left: -15px; }<\/style><script>document.addEventListener(\"DOMContentLoaded\",function(){document.querySelectorAll('.wpcf7-form').forEach(function(e){e.addEventListener('submit',function(){if(document.getElementById('cf-turnstile-cf7-2765791554')){setTimeout(function(){turnstile.reset('#cf-turnstile-cf7-2765791554');},1000)}})})});<\/script><\/div><p><input class=\"wpcf7-form-control wpcf7-submit has-spinner\" type=\"submit\" value=\"Absenden\" \/><\/p><div class=\"wpcf7-response-output\" aria-hidden=\"true\"><\/div><\/form><\/div><\/div><\/div><\/div><\/div>\t\t<\/div>\n\t\t\t<\/div>\n<\/div>\t<\/div>\n\t\t<\/div>\n<\/div>","protected":false},"excerpt":{"rendered":"Individuelle und nachhaltige EntsorgungMehr erfahrenMERCODOR GmbH Sondermaschinenbau KGBonameser Str. 44 D-60433 Frankfurt am MainTelefon \/ Fax+49 (69) 51 50 29 +49 (69) 95 29 45 57E-Mailinfo[@]mercodor.de\u00d6ffnungszeitenMo-Fr: 08:00 - 18:00 Sa-So: GeschlossenEntdecken Sie unsere ProdukteMehr erfahren Zerkleinerung von Produktionsabf\u00e4lle sowie Sonderm\u00fcll mit Mercodor Zerkleinerungsmaschinen Mercodor Zerkleinerungsmaschinen werden vielseitig zur Zerkleinerung von Produktionsabf\u00e4llen, aber auch f\u00fcr die [...]","protected":false},"author":1,"featured_media":0,"parent":0,"menu_order":0,"comment_status":"closed","ping_status":"closed","template":"","meta":{"footnotes":""},"class_list":["post-18546","page","type-page","status-publish","hentry"],"_links":{"self":[{"href":"https:\/\/mercodor.de\/en\/wp-json\/wp\/v2\/pages\/18546","targetHints":{"allow":["GET"]}}],"collection":[{"href":"https:\/\/mercodor.de\/en\/wp-json\/wp\/v2\/pages"}],"about":[{"href":"https:\/\/mercodor.de\/en\/wp-json\/wp\/v2\/types\/page"}],"author":[{"embeddable":true,"href":"https:\/\/mercodor.de\/en\/wp-json\/wp\/v2\/users\/1"}],"replies":[{"embeddable":true,"href":"https:\/\/mercodor.de\/en\/wp-json\/wp\/v2\/comments?post=18546"}],"version-history":[{"count":5,"href":"https:\/\/mercodor.de\/en\/wp-json\/wp\/v2\/pages\/18546\/revisions"}],"predecessor-version":[{"id":19074,"href":"https:\/\/mercodor.de\/en\/wp-json\/wp\/v2\/pages\/18546\/revisions\/19074"}],"wp:attachment":[{"href":"https:\/\/mercodor.de\/en\/wp-json\/wp\/v2\/media?parent=18546"}],"curies":[{"name":"wp","href":"https:\/\/api.w.org\/{rel}","templated":true}]}}