{"id":18133,"date":"2023-09-19T11:58:20","date_gmt":"2023-09-19T09:58:20","guid":{"rendered":"https:\/\/mercodor.de\/?page_id=18133"},"modified":"2024-01-25T14:24:02","modified_gmt":"2024-01-25T13:24:02","slug":"unsere-produkte","status":"publish","type":"page","link":"https:\/\/mercodor.de\/en\/unsere-produkte\/","title":{"rendered":"Products"},"content":{"rendered":"<div class=\"wpb-content-wrapper\"><div class=\"vc_row wpb_row vc_row-fluid vc_column-gap-24\" >\n\t<div class=\"container et-clearfix\">\n\t\t<div class=\"wpb_column vc_column_container vc_col-sm-12 text-align-none\" >\n\t<div class=\"vc_column-inner\" >\n\t\t<div class=\"wpb_wrapper\">\n\t\t\t\t\t<\/div>\n\t\t\t<\/div>\n<\/div>\t<\/div>\n\t\t<\/div><div data-bottom-gradient=\"true\" data-grid-overlay=\"black\" class=\"vc_row wpb_row vc_row-fluid vc_custom_1699033560669 vc_row-has-fill vc-row-999045 grid-overlay-active\" >\n\t<div class=\"container et-clearfix\">\n\t\t<div class=\"wpb_column vc_column_container vc_col-sm-4 text-align-none\" >\n\t<div class=\"vc_column-inner\" >\n\t\t<div class=\"wpb_wrapper\">\n\t\t\t\n\t<div  class=\"wpb_single_image wpb_content_element vc_align_left wpb_content_element\">\n\t\t\n\t\t<figure class=\"wpb_wrapper vc_figure\">\n\t\t\t<div class=\"vc_single_image-wrapper vc_box_shadow_border  vc_box_border_grey\"><img loading=\"lazy\" decoding=\"async\" width=\"300\" height=\"217\" src=\"https:\/\/mercodor.de\/wp-content\/uploads\/2019\/01\/EZM144-maschine4-1-300x217-1.jpeg\" class=\"vc_single_image-img attachment-full\" alt=\"Produkte\" title=\"EZM144-maschine4-1-300x217\" data-responsive-images=\"false\" \/><\/div>\n\t\t<\/figure>\n\t<\/div>\n\t\t<\/div>\n\t\t\t<\/div>\n<\/div><div class=\"wpb_column vc_column_container vc_col-sm-6 text-align-none\" >\n\t<div class=\"vc_column-inner\" >\n\t\t<div class=\"wpb_wrapper\">\n\t\t\t\n<div class=\"wpb_text_column wpb_content_element\"  data-animation-delay=\"0\">\n\t<div class=\"wpb_wrapper\">\n\t\t<h4>Mercodor shredding machine ZM 1\/44<\/h4>\n<ul>\n<li style=\"text-align: left;\">Plastic waste<\/li>\n<li style=\"text-align: left;\">Paper, cardboard<\/li>\n<li style=\"text-align: left;\">Production waste such as turning chips<\/li>\n<li style=\"text-align: left;\">Filter fleece, carpet waste<\/li>\n<\/ul>\n\t<\/div>\n<\/div>\n\n\t\t<\/div>\n\t\t\t<\/div>\n<\/div><div class=\"wpb_column vc_column_container vc_col-sm-2 text-align-none\" >\n\t<div class=\"vc_column-inner\" >\n\t\t<div class=\"wpb_wrapper\">\n\t\t\t<a id=\"et-button-910044\" class=\"et-button icon-position-left modal-false medium hover-none click-none\" target=\"_self\" href=\"https:\/\/mercodor.de\/en\/mercodor-zerkleinerungsmaschine-zm-44\/\" data-animation-delay=\"0\" data-parallax=\"false\" data-move=\"false\" data-coordinatex=\"0\" data-coordinatey=\"0\" data-speed=\"10\"><span class=\"hover\"><\/span><span class=\"regular\"><\/span><span class=\"text\">to the product<\/span><\/a>\t\t<\/div>\n\t\t\t<\/div>\n<\/div>\t<\/div>\n\t<div class=\"bottom-gradient gradient\"><\/div><div class=\"grid-overlay\"><\/div>\t<\/div><div data-bottom-gradient=\"true\" data-grid-overlay=\"black\" class=\"vc_row wpb_row vc_row-fluid vc_custom_1547289396224 vc_row-has-fill vc-row-592272 grid-overlay-active\" >\n\t<div class=\"container et-clearfix\">\n\t\t<div class=\"wpb_column vc_column_container vc_col-sm-4 text-align-none\" >\n\t<div class=\"vc_column-inner\" >\n\t\t<div class=\"wpb_wrapper\">\n\t\t\t\n\t<div  class=\"wpb_single_image wpb_content_element vc_align_left wpb_content_element\">\n\t\t\n\t\t<figure class=\"wpb_wrapper vc_figure\">\n\t\t\t<div class=\"vc_single_image-wrapper vc_box_shadow_border  vc_box_border_grey\"><img loading=\"lazy\" decoding=\"async\" width=\"300\" height=\"217\" src=\"https:\/\/mercodor.de\/wp-content\/uploads\/2019\/01\/EZM380-maschine4-300x217-1.jpeg\" class=\"vc_single_image-img attachment-full\" alt=\"Produkte\" title=\"EZM380-maschine4-300x217\" data-responsive-images=\"false\" \/><\/div>\n\t\t<\/figure>\n\t<\/div>\n\t\t<\/div>\n\t\t\t<\/div>\n<\/div><div class=\"wpb_column vc_column_container vc_col-sm-6 text-align-none\" >\n\t<div class=\"vc_column-inner\" >\n\t\t<div class=\"wpb_wrapper\">\n\t\t\t\n<div class=\"wpb_text_column wpb_content_element\"  data-animation-delay=\"0\">\n\t<div class=\"wpb_wrapper\">\n\t\t<h4 class=\"widget-title\"><span class=\"widget-title__inline\">Mercodor shredder ZM 380<\/span><\/h4>\n<ul>\n<li style=\"text-align: left;\">Bulk materials such as lumps, clods, ash<\/li>\n<li style=\"text-align: left;\">Production waste<\/li>\n<li style=\"text-align: left;\">Glass waste<\/li>\n<li style=\"text-align: left;\">Plastic waste such as containers, housings, panelling<\/li>\n<\/ul>\n\t<\/div>\n<\/div>\n\n\t\t<\/div>\n\t\t\t<\/div>\n<\/div><div class=\"wpb_column vc_column_container vc_col-sm-2 text-align-none\" >\n\t<div class=\"vc_column-inner\" >\n\t\t<div class=\"wpb_wrapper\">\n\t\t\t<a id=\"et-button-678626\" class=\"et-button icon-position-left modal-false medium hover-none click-none\" target=\"_self\" href=\"https:\/\/mercodor.de\/en\/mercodor-zerkleinerungsmaschine-zm-380\/\" data-animation-delay=\"0\" data-parallax=\"false\" data-move=\"false\" data-coordinatex=\"0\" data-coordinatey=\"0\" data-speed=\"10\"><span class=\"hover\"><\/span><span class=\"regular\"><\/span><span class=\"text\">to the product<\/span><\/a>\t\t<\/div>\n\t\t\t<\/div>\n<\/div>\t<\/div>\n\t<div class=\"bottom-gradient gradient\"><\/div><div class=\"grid-overlay\"><\/div>\t<\/div><div data-bottom-gradient=\"true\" data-grid-overlay=\"black\" class=\"vc_row wpb_row vc_row-fluid vc_custom_1547289396224 vc_row-has-fill vc-row-592272 grid-overlay-active\" >\n\t<div class=\"container et-clearfix\">\n\t\t<div class=\"wpb_column vc_column_container vc_col-sm-4 text-align-none\" >\n\t<div class=\"vc_column-inner\" >\n\t\t<div class=\"wpb_wrapper\">\n\t\t\t\n\t<div  class=\"wpb_single_image wpb_content_element vc_align_left wpb_content_element\">\n\t\t\n\t\t<figure class=\"wpb_wrapper vc_figure\">\n\t\t\t<div class=\"vc_single_image-wrapper vc_box_shadow_border  vc_box_border_grey\"><img loading=\"lazy\" decoding=\"async\" width=\"300\" height=\"217\" src=\"https:\/\/mercodor.de\/wp-content\/uploads\/2019\/01\/fz5-maschine-1-300x217-1.jpeg\" class=\"vc_single_image-img attachment-full\" alt=\"Produkte\" title=\"fz5-maschine-1-300x217\" data-responsive-images=\"false\" \/><\/div>\n\t\t<\/figure>\n\t<\/div>\n\t\t<\/div>\n\t\t\t<\/div>\n<\/div><div class=\"wpb_column vc_column_container vc_col-sm-6 text-align-none\" >\n\t<div class=\"vc_column-inner\" >\n\t\t<div class=\"wpb_wrapper\">\n\t\t\t\n<div class=\"wpb_text_column wpb_content_element\"  data-animation-delay=\"0\">\n\t<div class=\"wpb_wrapper\">\n\t\t<h4 class=\"widget-title\"><span class=\"widget-title__inline\">Mercodor shredder FZ 5<\/span><\/h4>\n<ul>\n<li>Glass bottles<\/li>\n<\/ul>\n\t<\/div>\n<\/div>\n\n\t\t<\/div>\n\t\t\t<\/div>\n<\/div><div class=\"wpb_column vc_column_container vc_col-sm-2 text-align-none\" >\n\t<div class=\"vc_column-inner\" >\n\t\t<div class=\"wpb_wrapper\">\n\t\t\t<a id=\"et-button-819272\" class=\"et-button icon-position-left modal-false medium hover-none click-none\" target=\"_self\" href=\"https:\/\/mercodor.de\/en\/mercodor-zerkleinerungsmaschine-fz-5\/\" data-animation-delay=\"0\" data-parallax=\"false\" data-move=\"false\" data-coordinatex=\"0\" data-coordinatey=\"0\" data-speed=\"10\"><span class=\"hover\"><\/span><span class=\"regular\"><\/span><span class=\"text\">to the product<\/span><\/a>\t\t<\/div>\n\t\t\t<\/div>\n<\/div>\t<\/div>\n\t<div class=\"bottom-gradient gradient\"><\/div><div class=\"grid-overlay\"><\/div>\t<\/div><div data-bottom-gradient=\"true\" data-grid-overlay=\"black\" class=\"vc_row wpb_row vc_row-fluid vc_custom_1547289396224 vc_row-has-fill vc-row-592272 grid-overlay-active\" >\n\t<div class=\"container et-clearfix\">\n\t\t<div class=\"wpb_column vc_column_container vc_col-sm-4 text-align-none\" >\n\t<div class=\"vc_column-inner\" >\n\t\t<div class=\"wpb_wrapper\">\n\t\t\t\n\t<div  class=\"wpb_single_image wpb_content_element vc_align_left wpb_content_element\">\n\t\t\n\t\t<figure class=\"wpb_wrapper vc_figure\">\n\t\t\t<div class=\"vc_single_image-wrapper vc_box_shadow_border  vc_box_border_grey\"><img loading=\"lazy\" decoding=\"async\" width=\"300\" height=\"217\" src=\"https:\/\/mercodor.de\/wp-content\/uploads\/2019\/01\/mz-maschine-300x217-1.jpeg\" class=\"vc_single_image-img attachment-full\" alt=\"Produkte\" title=\"mz-machine-300x217\" data-responsive-images=\"false\" \/><\/div>\n\t\t<\/figure>\n\t<\/div>\n\t\t<\/div>\n\t\t\t<\/div>\n<\/div><div class=\"wpb_column vc_column_container vc_col-sm-6 text-align-none\" >\n\t<div class=\"vc_column-inner\" >\n\t\t<div class=\"wpb_wrapper\">\n\t\t\t\n<div class=\"wpb_text_column wpb_content_element\"  data-animation-delay=\"0\">\n\t<div class=\"wpb_wrapper\">\n\t\t<h4 class=\"widget-title\"><span class=\"widget-title__inline\">Mercodor shredder MZ<\/span><\/h4>\n<ul>\n<li style=\"text-align: left;\">Plastic and synthetic material<\/li>\n<li style=\"text-align: left;\">Lightweight materials<\/li>\n<li style=\"text-align: left;\">Production waste, hospital waste, laboratory waste<\/li>\n<li style=\"text-align: left;\">etc.<\/li>\n<\/ul>\n\t<\/div>\n<\/div>\n\n\t\t<\/div>\n\t\t\t<\/div>\n<\/div><div class=\"wpb_column vc_column_container vc_col-sm-2 text-align-none\" >\n\t<div class=\"vc_column-inner\" >\n\t\t<div class=\"wpb_wrapper\">\n\t\t\t<a id=\"et-button-341648\" class=\"et-button icon-position-left modal-false medium hover-none click-none\" target=\"_self\" href=\"https:\/\/mercodor.de\/en\/mercodor-zerkleinerungsmaschinen-mz\/\" data-animation-delay=\"0\" data-parallax=\"false\" data-move=\"false\" data-coordinatex=\"0\" data-coordinatey=\"0\" data-speed=\"10\"><span class=\"hover\"><\/span><span class=\"regular\"><\/span><span class=\"text\">to the product<\/span><\/a>\t\t<\/div>\n\t\t\t<\/div>\n<\/div>\t<\/div>\n\t<div class=\"bottom-gradient gradient\"><\/div><div class=\"grid-overlay\"><\/div>\t<\/div><div data-bottom-gradient=\"true\" data-grid-overlay=\"black\" class=\"vc_row wpb_row vc_row-fluid vc_custom_1547289396224 vc_row-has-fill vc-row-592272 grid-overlay-active\" >\n\t<div class=\"container et-clearfix\">\n\t\t<div class=\"wpb_column vc_column_container vc_col-sm-4 text-align-none\" >\n\t<div class=\"vc_column-inner\" >\n\t\t<div class=\"wpb_wrapper\">\n\t\t\t\n\t<div  class=\"wpb_single_image wpb_content_element vc_align_left wpb_content_element\">\n\t\t\n\t\t<figure class=\"wpb_wrapper vc_figure\">\n\t\t\t<div class=\"vc_single_image-wrapper vc_box_shadow_border  vc_box_border_grey\"><img loading=\"lazy\" decoding=\"async\" width=\"300\" height=\"217\" src=\"https:\/\/mercodor.de\/wp-content\/uploads\/2018\/09\/zm1-maschine3-300x217-1.jpeg\" class=\"vc_single_image-img attachment-full\" alt=\"Produkte\" title=\"zm1-maschine3-300x217\" data-responsive-images=\"false\" \/><\/div>\n\t\t<\/figure>\n\t<\/div>\n\t\t<\/div>\n\t\t\t<\/div>\n<\/div><div class=\"wpb_column vc_column_container vc_col-sm-6 text-align-none\" >\n\t<div class=\"vc_column-inner\" >\n\t\t<div class=\"wpb_wrapper\">\n\t\t\t\n<div class=\"wpb_text_column wpb_content_element\"  data-animation-delay=\"0\">\n\t<div class=\"wpb_wrapper\">\n\t\t<h4>Mercodor shredder ZM 1<\/h4>\n<ul>\n<li style=\"text-align: left;\">Production waste - turnings, empty bags<\/li>\n<li style=\"text-align: left;\">Hospital waste - syringes, cannulas, bandages<\/li>\n<li style=\"text-align: left;\">Food waste, bones, shells<\/li>\n<li style=\"text-align: left;\">Cosmetic\/pharmaceutical returns, laboratory waste<\/li>\n<li style=\"text-align: left;\">Office waste - loose paper, discs, CDs<\/li>\n<\/ul>\n\t<\/div>\n<\/div>\n\n\t\t<\/div>\n\t\t\t<\/div>\n<\/div><div class=\"wpb_column vc_column_container vc_col-sm-2 text-align-none\" >\n\t<div class=\"vc_column-inner\" >\n\t\t<div class=\"wpb_wrapper\">\n\t\t\t<a id=\"et-button-411985\" class=\"et-button icon-position-left modal-false medium hover-none click-none\" target=\"_self\" href=\"https:\/\/mercodor.de\/en\/mercodor-zerkleinerungsmaschine-zm-1\/\" data-animation-delay=\"0\" data-parallax=\"false\" data-move=\"false\" data-coordinatex=\"0\" data-coordinatey=\"0\" data-speed=\"10\"><span class=\"hover\"><\/span><span class=\"regular\"><\/span><span class=\"text\">to the product<\/span><\/a>\t\t<\/div>\n\t\t\t<\/div>\n<\/div>\t<\/div>\n\t<div class=\"bottom-gradient gradient\"><\/div><div class=\"grid-overlay\"><\/div>\t<\/div><div data-bottom-gradient=\"true\" data-grid-overlay=\"black\" class=\"vc_row wpb_row vc_row-fluid vc_custom_1699034983485 vc_row-has-fill vc-row-111908 grid-overlay-active\" >\n\t<div class=\"container et-clearfix\">\n\t\t<div class=\"wpb_column vc_column_container vc_col-sm-4 text-align-none\" >\n\t<div class=\"vc_column-inner\" >\n\t\t<div class=\"wpb_wrapper\">\n\t\t\t\n\t<div  class=\"wpb_single_image wpb_content_element vc_align_left wpb_content_element\">\n\t\t\n\t\t<figure class=\"wpb_wrapper vc_figure\">\n\t\t\t<div class=\"vc_single_image-wrapper vc_box_shadow_border  vc_box_border_grey\"><img loading=\"lazy\" decoding=\"async\" width=\"300\" height=\"217\" src=\"https:\/\/mercodor.de\/wp-content\/uploads\/2018\/09\/zm52-maschine-300x217-1.jpeg\" class=\"vc_single_image-img attachment-full\" alt=\"Produkte\" title=\"zm52-maschine-300x217\" data-responsive-images=\"false\" \/><\/div>\n\t\t<\/figure>\n\t<\/div>\n\t\t<\/div>\n\t\t\t<\/div>\n<\/div><div class=\"wpb_column vc_column_container vc_col-sm-6 text-align-none\" >\n\t<div class=\"vc_column-inner\" >\n\t\t<div class=\"wpb_wrapper\">\n\t\t\t\n<div class=\"wpb_text_column wpb_content_element\"  data-animation-delay=\"0\">\n\t<div class=\"wpb_wrapper\">\n\t\t<h4>Mercodor shredder ZM 54<\/h4>\n<ul>\n<li style=\"text-align: left;\">Large-volume industrial waste - sheet metal and<\/li>\n<li style=\"text-align: left;\">Plastic containers up to 200 litres<\/li>\n<li style=\"text-align: left;\">Cardboard, paper, pallets, etc.<\/li>\n<li style=\"text-align: left;\">Car tyres, production waste<\/li>\n<\/ul>\n\t<\/div>\n<\/div>\n\n\t\t<\/div>\n\t\t\t<\/div>\n<\/div><div class=\"wpb_column vc_column_container vc_col-sm-2 text-align-none\" >\n\t<div class=\"vc_column-inner\" >\n\t\t<div class=\"wpb_wrapper\">\n\t\t\t<a id=\"et-button-687341\" class=\"et-button icon-position-left modal-false medium hover-none click-none\" target=\"_self\" href=\"https:\/\/mercodor.de\/en\/mercodor-zerkleinerungsmaschine-zm-54\/\" data-animation-delay=\"0\" data-parallax=\"false\" data-move=\"false\" data-coordinatex=\"0\" data-coordinatey=\"0\" data-speed=\"10\"><span class=\"hover\"><\/span><span class=\"regular\"><\/span><span class=\"text\">to the product<\/span><\/a>\t\t<\/div>\n\t\t\t<\/div>\n<\/div>\t<\/div>\n\t<div class=\"bottom-gradient gradient\"><\/div><div class=\"grid-overlay\"><\/div>\t<\/div><div data-bottom-gradient=\"true\" data-grid-overlay=\"black\" class=\"vc_row wpb_row vc_row-fluid vc_custom_1547289396224 vc_row-has-fill vc-row-592272 grid-overlay-active\" >\n\t<div class=\"container et-clearfix\">\n\t\t<div class=\"wpb_column vc_column_container vc_col-sm-4 text-align-none\" >\n\t<div class=\"vc_column-inner\" >\n\t\t<div class=\"wpb_wrapper\">\n\t\t\t\n\t<div  class=\"wpb_single_image wpb_content_element vc_align_left wpb_content_element\">\n\t\t\n\t\t<figure class=\"wpb_wrapper vc_figure\">\n\t\t\t<div class=\"vc_single_image-wrapper vc_box_shadow_border  vc_box_border_grey\"><img loading=\"lazy\" decoding=\"async\" width=\"300\" height=\"217\" src=\"https:\/\/mercodor.de\/wp-content\/uploads\/2018\/09\/zm54-maschine-300x217-1.jpeg\" class=\"vc_single_image-img attachment-full\" alt=\"Produkte\" title=\"zm54-maschine-300x217\" data-responsive-images=\"false\" \/><\/div>\n\t\t<\/figure>\n\t<\/div>\n\t\t<\/div>\n\t\t\t<\/div>\n<\/div><div class=\"wpb_column vc_column_container vc_col-sm-6 text-align-none\" >\n\t<div class=\"vc_column-inner\" >\n\t\t<div class=\"wpb_wrapper\">\n\t\t\t\n<div class=\"wpb_text_column wpb_content_element\"  data-animation-delay=\"0\">\n\t<div class=\"wpb_wrapper\">\n\t\t<h4>Mercodor shredder ZM 52<\/h4>\n<ul>\n<li style=\"text-align: left;\">Large-volume industrial waste - sheet metal and<\/li>\n<li style=\"text-align: left;\">Plastic containers, cardboard packaging, foils, pallet remnants<\/li>\n<li style=\"text-align: left;\">Hospital waste - syringes, cannulas, bandages<\/li>\n<li style=\"text-align: left;\">Production waste, hospital waste<\/li>\n<li style=\"text-align: left;\">File folders, EDP lists, discs, CDs<\/li>\n<li style=\"text-align: left;\">Food, leftovers<\/li>\n<li style=\"text-align: left;\">Raw material recycling - glass, plastics, paper<\/li>\n<\/ul>\n\t<\/div>\n<\/div>\n\n\t\t<\/div>\n\t\t\t<\/div>\n<\/div><div class=\"wpb_column vc_column_container vc_col-sm-2 text-align-none\" >\n\t<div class=\"vc_column-inner\" >\n\t\t<div class=\"wpb_wrapper\">\n\t\t\t<a id=\"et-button-43233\" class=\"et-button icon-position-left modal-false medium hover-none click-none\" target=\"_self\" href=\"https:\/\/mercodor.de\/en\/mercodor-zerkleinerungsmaschine-zm-52\/\" data-animation-delay=\"0\" data-parallax=\"false\" data-move=\"false\" data-coordinatex=\"0\" data-coordinatey=\"0\" data-speed=\"10\"><span class=\"hover\"><\/span><span class=\"regular\"><\/span><span class=\"text\">to the product<\/span><\/a>\t\t<\/div>\n\t\t\t<\/div>\n<\/div>\t<\/div>\n\t<div class=\"bottom-gradient gradient\"><\/div><div class=\"grid-overlay\"><\/div>\t<\/div><div data-bottom-gradient=\"true\" data-grid-overlay=\"black\" class=\"vc_row wpb_row vc_row-fluid vc_custom_1547289396224 vc_row-has-fill vc-row-592272 grid-overlay-active\" >\n\t<div class=\"container et-clearfix\">\n\t\t<div class=\"wpb_column vc_column_container vc_col-sm-4 text-align-none\" >\n\t<div class=\"vc_column-inner\" >\n\t\t<div class=\"wpb_wrapper\">\n\t\t\t\n\t<div  class=\"wpb_single_image wpb_content_element vc_align_left wpb_content_element\">\n\t\t\n\t\t<figure class=\"wpb_wrapper vc_figure\">\n\t\t\t<div class=\"vc_single_image-wrapper vc_box_shadow_border  vc_box_border_grey\"><img loading=\"lazy\" decoding=\"async\" width=\"300\" height=\"217\" src=\"https:\/\/mercodor.de\/wp-content\/uploads\/2018\/09\/zm44-maschine3-300x217-1.jpeg\" class=\"vc_single_image-img attachment-full\" alt=\"Produkte\" title=\"zm44-maschine3-300x217\" data-responsive-images=\"false\" \/><\/div>\n\t\t<\/figure>\n\t<\/div>\n\t\t<\/div>\n\t\t\t<\/div>\n<\/div><div class=\"wpb_column vc_column_container vc_col-sm-6 text-align-none\" >\n\t<div class=\"vc_column-inner\" >\n\t\t<div class=\"wpb_wrapper\">\n\t\t\t\n<div class=\"wpb_text_column wpb_content_element\"  data-animation-delay=\"0\">\n\t<div class=\"wpb_wrapper\">\n\t\t<h4>Mercodor shredder ZM 44<\/h4>\n<ul>\n<li style=\"text-align: left;\">Production waste - turnings, empty bags<\/li>\n<li style=\"text-align: left;\">Hospital waste - syringes, cannulas, bandages<\/li>\n<li style=\"text-align: left;\">Food waste, bones, shells<\/li>\n<li style=\"text-align: left;\">Cosmetic\/pharmaceutical returns, laboratory waste<\/li>\n<li style=\"text-align: left;\">Raw material recycling - glass and PET bottles<\/li>\n<li style=\"text-align: left;\">Hotel and catering waste - cardboard packaging, containers.<\/li>\n<li style=\"text-align: left;\">Lump and lump crusher, ash crusher<\/li>\n<\/ul>\n\t<\/div>\n<\/div>\n\n\t\t<\/div>\n\t\t\t<\/div>\n<\/div><div class=\"wpb_column vc_column_container vc_col-sm-2 text-align-none\" >\n\t<div class=\"vc_column-inner\" >\n\t\t<div class=\"wpb_wrapper\">\n\t\t\t<a id=\"et-button-772843\" class=\"et-button icon-position-left modal-false medium hover-none click-none\" target=\"_self\" href=\"https:\/\/mercodor.de\/en\/mercodor-zerkleinerungsmaschine-zm-44\/\" data-animation-delay=\"0\" data-parallax=\"false\" data-move=\"false\" data-coordinatex=\"0\" data-coordinatey=\"0\" data-speed=\"10\"><span class=\"hover\"><\/span><span class=\"regular\"><\/span><span class=\"text\">to the product<\/span><\/a>\t\t<\/div>\n\t\t\t<\/div>\n<\/div>\t<\/div>\n\t<div class=\"bottom-gradient gradient\"><\/div><div class=\"grid-overlay\"><\/div>\t<\/div><div data-bottom-gradient=\"true\" data-grid-overlay=\"black\" class=\"vc_row wpb_row vc_row-fluid vc_custom_1547289396224 vc_row-has-fill vc-row-592272 grid-overlay-active\" >\n\t<div class=\"container et-clearfix\">\n\t\t<div class=\"wpb_column vc_column_container vc_col-sm-4 text-align-none\" >\n\t<div class=\"vc_column-inner\" >\n\t\t<div class=\"wpb_wrapper\">\n\t\t\t\n\t<div  class=\"wpb_single_image wpb_content_element vc_align_left wpb_content_element\">\n\t\t\n\t\t<figure class=\"wpb_wrapper vc_figure\">\n\t\t\t<div class=\"vc_single_image-wrapper vc_box_shadow_border  vc_box_border_grey\"><img loading=\"lazy\" decoding=\"async\" width=\"300\" height=\"217\" src=\"https:\/\/mercodor.de\/wp-content\/uploads\/2018\/09\/zm3-maschine-300x217-1.jpeg\" class=\"vc_single_image-img attachment-full\" alt=\"Produkte\" title=\"zm3-machine-300x217\" data-responsive-images=\"false\" \/><\/div>\n\t\t<\/figure>\n\t<\/div>\n\t\t<\/div>\n\t\t\t<\/div>\n<\/div><div class=\"wpb_column vc_column_container vc_col-sm-6 text-align-none\" >\n\t<div class=\"vc_column-inner\" >\n\t\t<div class=\"wpb_wrapper\">\n\t\t\t\n<div class=\"wpb_text_column wpb_content_element\"  data-animation-delay=\"0\">\n\t<div class=\"wpb_wrapper\">\n\t\t<h4>Mercodor shredder ZM 3<\/h4>\n<ul>\n<li style=\"text-align: left;\">Large-volume industrial waste - sheet metal and<\/li>\n<li style=\"text-align: left;\">Plastic containers, cardboard packaging, foils, pallet remnants<\/li>\n<li style=\"text-align: left;\">Production waste<\/li>\n<li style=\"text-align: left;\">File folders, EDP lists, discs, CDs<\/li>\n<li style=\"text-align: left;\">Hospital waste, food, leftovers<\/li>\n<li style=\"text-align: left;\">Raw material recycling - glass, plastics, paper<\/li>\n<\/ul>\n\t<\/div>\n<\/div>\n\n\t\t<\/div>\n\t\t\t<\/div>\n<\/div><div class=\"wpb_column vc_column_container vc_col-sm-2 text-align-none\" >\n\t<div class=\"vc_column-inner\" >\n\t\t<div class=\"wpb_wrapper\">\n\t\t\t<a id=\"et-button-856949\" class=\"et-button icon-position-left modal-false medium hover-none click-none\" target=\"_self\" href=\"https:\/\/mercodor.de\/en\/mercodor-zerkleinerungsmaschine-zm-3\/\" data-animation-delay=\"0\" data-parallax=\"false\" data-move=\"false\" data-coordinatex=\"0\" data-coordinatey=\"0\" data-speed=\"10\"><span class=\"hover\"><\/span><span class=\"regular\"><\/span><span class=\"text\">to the product<\/span><\/a>\t\t<\/div>\n\t\t\t<\/div>\n<\/div>\t<\/div>\n\t<div class=\"bottom-gradient gradient\"><\/div><div class=\"grid-overlay\"><\/div>\t<\/div><div data-bottom-gradient=\"true\" data-grid-overlay=\"black\" class=\"vc_row wpb_row vc_row-fluid vc_custom_1699035149741 vc_row-has-fill vc-row-422384 grid-overlay-active\" >\n\t<div class=\"container et-clearfix\">\n\t\t<div class=\"wpb_column vc_column_container vc_col-sm-4 text-align-none\" >\n\t<div class=\"vc_column-inner\" >\n\t\t<div class=\"wpb_wrapper\">\n\t\t\t\n\t<div  class=\"wpb_single_image wpb_content_element vc_align_left wpb_content_element\">\n\t\t\n\t\t<figure class=\"wpb_wrapper vc_figure\">\n\t\t\t<div class=\"vc_single_image-wrapper vc_box_shadow_border  vc_box_border_grey\"><img loading=\"lazy\" decoding=\"async\" width=\"300\" height=\"217\" src=\"https:\/\/mercodor.de\/wp-content\/uploads\/2018\/09\/zm2-maschine2-300x217-1.jpeg\" class=\"vc_single_image-img attachment-full\" alt=\"Produkte\" title=\"zm2-maschine2-300x217\" data-responsive-images=\"false\" \/><\/div>\n\t\t<\/figure>\n\t<\/div>\n\t\t<\/div>\n\t\t\t<\/div>\n<\/div><div class=\"wpb_column vc_column_container vc_col-sm-6 text-align-none\" >\n\t<div class=\"vc_column-inner\" >\n\t\t<div class=\"wpb_wrapper\">\n\t\t\t\n<div class=\"wpb_text_column wpb_content_element\"  data-animation-delay=\"0\">\n\t<div class=\"wpb_wrapper\">\n\t\t<h4>Mercodor shredder ZM 2<\/h4>\n<ul>\n<li style=\"text-align: left;\">Large-volume industrial waste - sheet metal and<\/li>\n<li style=\"text-align: left;\">Plastic containers, cardboard packaging, foils, pallet remnants<\/li>\n<li style=\"text-align: left;\">Hospital waste - syringes, cannulas, bandages<\/li>\n<li style=\"text-align: left;\">Production waste, hospital waste<\/li>\n<li style=\"text-align: left;\">File folders, EDP lists, discs, CDs<\/li>\n<\/ul>\n\t<\/div>\n<\/div>\n\n\t\t<\/div>\n\t\t\t<\/div>\n<\/div><div class=\"wpb_column vc_column_container vc_col-sm-2 text-align-none\" >\n\t<div class=\"vc_column-inner\" >\n\t\t<div class=\"wpb_wrapper\">\n\t\t\t<a id=\"et-button-600981\" class=\"et-button icon-position-left modal-false medium hover-none click-none\" target=\"_self\" href=\"https:\/\/mercodor.de\/en\/mercodor-zerkleinerungsmaschine-zm-2\/\" data-animation-delay=\"0\" data-parallax=\"false\" data-move=\"false\" data-coordinatex=\"0\" data-coordinatey=\"0\" data-speed=\"10\"><span class=\"hover\"><\/span><span class=\"regular\"><\/span><span class=\"text\">to the product<\/span><\/a>\t\t<\/div>\n\t\t\t<\/div>\n<\/div>\t<\/div>\n\t<div class=\"bottom-gradient gradient\"><\/div><div class=\"grid-overlay\"><\/div>\t<\/div>\n<\/div>","protected":false},"excerpt":{"rendered":"Mercodor Zerkleinerungsmaschine ZM 1\/44 Plastikabf\u00e4lle Papier, Kartonagen Produktionsabf\u00e4lle wie Drehsp\u00e4ne Filtervlies, Teppichabf\u00e4lle zum Produkt Mercodor Zerkleinerungsmaschine ZM 380 Sch\u00fcttg\u00fcter wie Knollen, Klumpen, Asche Produktionsabf\u00e4lle Glasabf\u00e4lle Plastikabf\u00e4lle wie Gebinde, Geh\u00e4use, Verkleidungen zum Produkt Mercodor Zerkleinerungsmaschine FZ 5 Glasflaschen zum Produkt Mercodor Zerkleinerungsmaschine MZ Plastik- und Kunststoffmaterial Leichte Materialien Produktionsabf\u00e4lle, Krankenhausabf\u00e4lle, Laborabf\u00e4lle etc. zum Produkt Mercodor Zerkleinerungsmaschine [...]","protected":false},"author":1,"featured_media":0,"parent":0,"menu_order":0,"comment_status":"closed","ping_status":"closed","template":"page-vc.php","meta":{"footnotes":""},"categories":[],"tags":[],"class_list":["post-18133","page","type-page","status-publish","hentry"],"_links":{"self":[{"href":"https:\/\/mercodor.de\/en\/wp-json\/wp\/v2\/pages\/18133","targetHints":{"allow":["GET"]}}],"collection":[{"href":"https:\/\/mercodor.de\/en\/wp-json\/wp\/v2\/pages"}],"about":[{"href":"https:\/\/mercodor.de\/en\/wp-json\/wp\/v2\/types\/page"}],"author":[{"embeddable":true,"href":"https:\/\/mercodor.de\/en\/wp-json\/wp\/v2\/users\/1"}],"replies":[{"embeddable":true,"href":"https:\/\/mercodor.de\/en\/wp-json\/wp\/v2\/comments?post=18133"}],"version-history":[{"count":51,"href":"https:\/\/mercodor.de\/en\/wp-json\/wp\/v2\/pages\/18133\/revisions"}],"predecessor-version":[{"id":19051,"href":"https:\/\/mercodor.de\/en\/wp-json\/wp\/v2\/pages\/18133\/revisions\/19051"}],"wp:attachment":[{"href":"https:\/\/mercodor.de\/en\/wp-json\/wp\/v2\/media?parent=18133"}],"wp:term":[{"taxonomy":"category","embeddable":true,"href":"https:\/\/mercodor.de\/en\/wp-json\/wp\/v2\/categories?post=18133"},{"taxonomy":"post_tag","embeddable":true,"href":"https:\/\/mercodor.de\/en\/wp-json\/wp\/v2\/tags?post=18133"}],"curies":[{"name":"wp","href":"https:\/\/api.w.org\/{rel}","templated":true}]}}